{"id":909,"date":"2022-05-23T07:44:35","date_gmt":"2022-05-23T06:44:35","guid":{"rendered":"https:\/\/mihealth.418staging.co.uk\/?page_id=909"},"modified":"2025-07-31T10:42:25","modified_gmt":"2025-07-31T09:42:25","slug":"conselho-consultivo-para-a-saude-dos-migrantes","status":"publish","type":"page","link":"https:\/\/mihealtheurope.org\/pt\/migrant-health-advisory-board\/","title":{"rendered":"Quem Somos"},"content":{"rendered":"<div style=\"height:80px\" aria-hidden=\"true\" class=\"wp-block-spacer\"><\/div>\n\n\n\n<div class=\"wp-block-group\"><div class=\"wp-block-group__inner-container is-layout-flow wp-block-group-is-layout-flow\">\n<h2 class=\"wp-block-heading\">O Conselho Consultivo Independente<\/h2>\n\n\n\n<p>composto por especialistas independentes em pol\u00edticas, sa\u00fade de migrantes, HIV\/AIDS, capacita\u00e7\u00e3o e pessoas com experi\u00eancia vivida de migrantes irregulares, o Conselho Consultivo defende nosso trabalho em toda a regi\u00e3o. <\/p>\n<\/div><\/div>\n\n\n\n<div class=\"wp-block-group\"><div class=\"wp-block-group__inner-container is-layout-flow wp-block-group-is-layout-flow\">\n<h2 class=\"wp-block-heading\">Pol\u00edtica e Pesquisa Grupo de Trabalho<\/h2>\n\n\n\n<p>composto por pesquisadores experientes, defensores de pol\u00edticas e aqueles que trabalham em n\u00edvel de base, este grupo defende a pesquisa e pol\u00edticas que promovam a sa\u00fade dos migrantes.<\/p>\n<\/div><\/div>\n\n\n\n<div class=\"wp-block-group\"><div class=\"wp-block-group__inner-container is-layout-flow wp-block-group-is-layout-flow\">\n<h2 class=\"wp-block-heading\">Comit\u00e9 Diretor Mi-Health Europe<\/h2>\n\n\n\n<p>Composto por representantes das nossas organiza\u00e7\u00f5es parceiras, o Comit\u00e9 proporciona lideran\u00e7a e dire\u00e7\u00e3o estrat\u00e9gica global. Garante que cultivamos uma rede robusta de defensores e organiza\u00e7\u00f5es em toda a regi\u00e3o europeia, empenhados no interc\u00e2mbio de melhores pr\u00e1ticas e no avan\u00e7o de solu\u00e7\u00f5es inovadoras para os desafios sociais e de sa\u00fade que afectam os migrantes. <\/p>\n<\/div><\/div>\n\n\n\n<div class=\"wp-block-group\"><div class=\"wp-block-group__inner-container is-layout-flow wp-block-group-is-layout-flow\">\n<h2 class=\"wp-block-heading\">A Equipe Mi-Health<\/h2>\n\n\n\n<p class=\"translation-block\">garante que os materiais, recursos e estrat\u00e9gia desenvolvidos em toda a plataforma estejam alinhados com os objetivos da Mi-Health Team: Health Europe, facilita os esfor\u00e7os dos Grupos de Trabalho e gerencia o diret\u00f3rio de recursos online de organiza\u00e7\u00f5es parceiras e as opera\u00e7\u00f5es di\u00e1rias da plataforma.<\/p>\n\n\n\n<div style=\"height:35px\" aria-hidden=\"true\" class=\"wp-block-spacer\"><\/div>\n\n\n\n<link href=\"\/\/cdn.jsdelivr.net\/npm\/featherlight@1.7.14\/release\/featherlight.min.css\" type=\"text\/css\" rel=\"stylesheet\" \/>\n<script src=\"\/\/cdn.jsdelivr.net\/npm\/featherlight@1.7.14\/release\/featherlight.min.js\" type=\"text\/javascript\" charset=\"utf-8\"><\/script>\n\n<ul class=\"staff-block\">\n\t<li class=\"staff\">\n\t\t<div class=\"staff-inner\">\n\t\t\t<div class=\"staff-front\">\n\t\t\t\t<img decoding=\"async\" src=\"Denis Onyango\" title=\"Denis Onyango\" \/>\n\t\t\t\t<h2>Denis Onyango<\/h2>\n\t\t\t\t<p class=\"position\">Diretor de Programas<\/p>\t\t\t\t<p class=\"location\">Londres, Reino Unido<\/p>\t\t\t<\/div>\n\t\t\t<div class=\"staff-back\">\n\t\t\t\t<h2>Denis Onyango<\/h2>\n\t\t\t\t<ul class=\"team-social-links\">\n\t\t\t\t\t\t\t\t\t\t\t\t\t\t\t\t<li class=\"staff-linkedin\"><a target=\"_blank\" href=\"https:\/\/www.linkedin.com\/in\/denis-onyango-5365b73b\/\">LI<\/a><\/li>\t\t\t\t<\/ul>\n\t\t\t\t<a data-featherlight=\"#1\" href=\"#\" class=\"popup\">Mais<\/a>\t\t\t<\/div>\n\t\t\t<div class=\"popup-hide\" id=\"1\">\n\t\t\t<div class=\"profile-flex\">\n\t\t\t<div class=\"profile-image\"><img decoding=\"async\" src=\"Denis Onyango\" title=\"\" \/><\/div>\n\t\t\t<div class=\"profile-intro\">\n\t\t\t<h2>Denis Onyango<\/h2>\n\t\t\t<p class=\"location\">Londres, Reino Unido<\/p>\t\t\t<p class=\"position\">Diretor de Programas<\/p>\t\t\t<\/div>\n\t\t\t<\/div>\n\t\t\t<p class=\"profile\"><p>Denis \u00e9 o Diretor de Programas da Africa Advocacy Foundation. Tem mais de 20 anos de experi\u00eancia no trabalho de promo\u00e7\u00e3o da sa\u00fade das comunidades de base, centrado na preven\u00e7\u00e3o do VIH\/DST, na despistagem e no acesso ao tratamento em comunidades marginalizadas e mal servidas, principalmente comunidades de migrantes negros em toda a Europa. Fez parte de v\u00e1rios conselhos consultivos, incluindo o CCR da OMS sobre VIH, hepatite e tuberculose; o CRG do NHS England sobre PrEP e a Comiss\u00e3o do VIH do Reino Unido. \u00c9 um apaixonado pela melhoria da presta\u00e7\u00e3o de servi\u00e7os de sa\u00fade \u00e0s comunidades mais carenciadas da Europa, incluindo LGTBI, sem-abrigo, migrantes, pessoas que injectam drogas, trabalhadores do sexo e prisioneiros.<\/p>\n<p>Denis tem experi\u00eancia em educa\u00e7\u00e3o, gest\u00e3o do sector do voluntariado, pol\u00edtica e sa\u00fade p\u00fablica.<\/p>\n<\/p>\n\t\t\t<\/div>\n\t\t<\/div>\n\t<\/li>\n\t<li class=\"staff\">\n\t\t<div class=\"staff-inner\">\n\t\t\t<div class=\"staff-front\">\n\t\t\t\t<img decoding=\"async\" src=\"https:\/\/mihealtheurope.org\/wp-content\/uploads\/2025\/05\/IMG_1549-1.jpeg\" title=\"Nolwazi Khanyile\" \/>\n\t\t\t\t<h2>Nolwazi Khanyile<\/h2>\n\t\t\t\t<p class=\"position\">Assistente do programa de voluntariado<\/p>\t\t\t\t<p class=\"location\">Mbabane, Eswatini<\/p>\t\t\t<\/div>\n\t\t\t<div class=\"staff-back\">\n\t\t\t\t<h2>Nolwazi Khanyile<\/h2>\n\t\t\t\t<ul class=\"team-social-links\">\n\t\t\t\t<li class=\"staff-website\"><a target=\"_blank\" href=\"mailto:nolwazi@africadvocacy.org\">Web<\/a><\/li>\t\t\t\t\t\t\t\t\t\t\t\t<li class=\"staff-linkedin\"><a target=\"_blank\" href=\"https:\/\/www.linkedin.com\/in\/nolwazi-khanyile-b214531b1?utm_source=share&#038;utm_campaign=share_via&#038;utm_content=profile&#038;utm_medium=ios_app\">LI<\/a><\/li>\t\t\t\t<\/ul>\n\t\t\t\t<a data-featherlight=\"#2\" href=\"#\" class=\"popup\">Mais<\/a>\t\t\t<\/div>\n\t\t\t<div class=\"popup-hide\" id=\"2\">\n\t\t\t<div class=\"profile-flex\">\n\t\t\t<div class=\"profile-image\"><img decoding=\"async\" src=\"https:\/\/mihealtheurope.org\/wp-content\/uploads\/2025\/05\/IMG_1549-1.jpeg\" title=\"\" \/><\/div>\n\t\t\t<div class=\"profile-intro\">\n\t\t\t<h2>Nolwazi Khanyile<\/h2>\n\t\t\t<p class=\"location\">Mbabane, Eswatini<\/p>\t\t\t<p class=\"position\">Assistente do programa de voluntariado<\/p>\t\t\t<\/div>\n\t\t\t<\/div>\n\t\t\t<p class=\"profile\"><p><span class=\"selectable-text copyable-text false\">Nolwazi \u00e9 uma defensora apaixonada da sa\u00fade p\u00fablica, empenhada em promover a preven\u00e7\u00e3o do VIH e o envolvimento significativo das partes interessadas. Tem experi\u00eancia no apoio ao lan\u00e7amento nacional de op\u00e7\u00f5es biom\u00e9dicas de preven\u00e7\u00e3o do VIH, incluindo o anel de dapivirina e a PrEP injet\u00e1vel de a\u00e7\u00e3o prolongada (CAB-LA). Nolwazi tem trabalhado na promo\u00e7\u00e3o dos direitos de sa\u00fade sexual e reprodutiva dos jovens, defendendo o envolvimento significativo das vozes jovens e defendendo mudan\u00e7as nas pol\u00edticas. Com experi\u00eancia em advocacia, SRH, investiga\u00e7\u00e3o e p\u00fablico, ela est\u00e1 mais do que entusiasmada por ser volunt\u00e1ria na Africa Advocacy Foundation.<\/span><\/p>\n<\/p>\n\t\t\t<\/div>\n\t\t<\/div>\n\t<\/li>\n\t<li class=\"staff\">\n\t\t<div class=\"staff-inner\">\n\t\t\t<div class=\"staff-front\">\n\t\t\t\t<img decoding=\"async\" src=\"https:\/\/mihealtheurope.org\/wp-content\/uploads\/2022\/07\/Picture3.png\" title=\"Anne Flaherty-Gupta\" \/>\n\t\t\t\t<h2>Anne Flaherty-Gupta<\/h2>\n\t\t\t\t<p class=\"position\">Gestor do Programa Mi-Health<\/p>\t\t\t\t<p class=\"location\">Londres, Reino Unido<\/p>\t\t\t<\/div>\n\t\t\t<div class=\"staff-back\">\n\t\t\t\t<h2>Anne Flaherty-Gupta<\/h2>\n\t\t\t\t<ul class=\"team-social-links\">\n\t\t\t\t<li class=\"staff-website\"><a target=\"_blank\" href=\"mailto:anne@africadvocacy.org\">Web<\/a><\/li>\t\t\t\t\t\t\t\t\t\t\t\t<li class=\"staff-linkedin\"><a target=\"_blank\" href=\"https:\/\/www.linkedin.com\/in\/afg-lcsw\/\">LI<\/a><\/li>\t\t\t\t<\/ul>\n\t\t\t\t<a data-featherlight=\"#3\" href=\"#\" class=\"popup\">Mais<\/a>\t\t\t<\/div>\n\t\t\t<div class=\"popup-hide\" id=\"3\">\n\t\t\t<div class=\"profile-flex\">\n\t\t\t<div class=\"profile-image\"><img decoding=\"async\" src=\"https:\/\/mihealtheurope.org\/wp-content\/uploads\/2022\/07\/Picture3.png\" title=\"\" \/><\/div>\n\t\t\t<div class=\"profile-intro\">\n\t\t\t<h2>Anne Flaherty-Gupta<\/h2>\n\t\t\t<p class=\"location\">Londres, Reino Unido<\/p>\t\t\t<p class=\"position\">Gestor do Programa Mi-Health<\/p>\t\t\t<\/div>\n\t\t\t<\/div>\n\t\t\t<p class=\"profile\"><p>Anne \u00e9 uma assistente social cl\u00ednica com mais de 10 anos de experi\u00eancia na presta\u00e7\u00e3o de servi\u00e7os diretos e no desenvolvimento e gest\u00e3o de programas, tanto em contextos cl\u00ednicos como comunit\u00e1rios. Antes de come\u00e7ar a trabalhar na preven\u00e7\u00e3o do VIH e no acesso ao tratamento para as comunidades migrantes em toda a Europa, trabalhou com adultos que sofreram e\/ou cometeram actos de viol\u00eancia e que est\u00e3o a reentrar na comunidade ap\u00f3s o encarceramento. Tamb\u00e9m fez terapia individual e de grupo com adolescentes e adultos migrantes e envolvidos no sistema jur\u00eddico-criminal. Tem um mestrado em Servi\u00e7o Social com uma concentra\u00e7\u00e3o em Sa\u00fade Mental e um certificado em Estudos de Viol\u00eancia da Universidade de Illinois em Chicago e um mestrado em Ci\u00eancias Psicol\u00f3gicas da Universidade Brunel de Londres.<\/p>\n<\/p>\n\t\t\t<\/div>\n\t\t<\/div>\n\t<\/li>\n\t<li class=\"staff\">\n\t\t<div class=\"staff-inner\">\n\t\t\t<div class=\"staff-front\">\n\t\t\t\t<img decoding=\"async\" src=\"https:\/\/mihealtheurope.org\/wp-content\/uploads\/2025\/05\/CV-photo.jpg\" title=\"Hala Majdoub\" \/>\n\t\t\t\t<h2>Hala Majdoub<\/h2>\n\t\t\t\t<p class=\"position\">Respons\u00e1vel pelo programa Mi-Health Europe<\/p>\t\t\t\t<p class=\"location\">Londres, Reino Unido<\/p>\t\t\t<\/div>\n\t\t\t<div class=\"staff-back\">\n\t\t\t\t<h2>Hala Majdoub<\/h2>\n\t\t\t\t<ul class=\"team-social-links\">\n\t\t\t\t<li class=\"staff-website\"><a target=\"_blank\" href=\"mailto:hala@africadvocacy.org\">Web<\/a><\/li>\t\t\t\t\t\t\t\t\t\t\t\t<li class=\"staff-linkedin\"><a target=\"_blank\" href=\"https:\/\/www.linkedin.com\/in\/hala-majdoub-3b769b123\/\">LI<\/a><\/li>\t\t\t\t<\/ul>\n\t\t\t\t<a data-featherlight=\"#4\" href=\"#\" class=\"popup\">Mais<\/a>\t\t\t<\/div>\n\t\t\t<div class=\"popup-hide\" id=\"4\">\n\t\t\t<div class=\"profile-flex\">\n\t\t\t<div class=\"profile-image\"><img decoding=\"async\" src=\"https:\/\/mihealtheurope.org\/wp-content\/uploads\/2025\/05\/CV-photo.jpg\" title=\"\" \/><\/div>\n\t\t\t<div class=\"profile-intro\">\n\t\t\t<h2>Hala Majdoub<\/h2>\n\t\t\t<p class=\"location\">Londres, Reino Unido<\/p>\t\t\t<p class=\"position\">Respons\u00e1vel pelo programa Mi-Health Europe<\/p>\t\t\t<\/div>\n\t\t\t<\/div>\n\t\t\t<p class=\"profile\"><p>A Hala lidera o desenvolvimento do Power BI e apoia sistemas de dados e ferramentas digitais. O seu trabalho centra-se na cria\u00e7\u00e3o de pain\u00e9is de controlo interactivos, na simplifica\u00e7\u00e3o dos processos de dados e na cria\u00e7\u00e3o de informa\u00e7\u00f5es visuais para apoiar a monitoriza\u00e7\u00e3o e a tomada de decis\u00f5es informadas. Come\u00e7ou o seu percurso como volunt\u00e1ria, contribuindo para a tradu\u00e7\u00e3o de s\u00edtios Web, SEO e acessibilidade, e expandiu-se gradualmente para a automatiza\u00e7\u00e3o avan\u00e7ada do Excel utilizando VBA. Com forma\u00e7\u00e3o em engenharia e um forte compromisso com o impacto na comunidade, Hala combina conhecimentos t\u00e9cnicos com uma paix\u00e3o por um trabalho significativo e centrado nas pessoas.<\/p>\n<\/p>\n\t\t\t<\/div>\n\t\t<\/div>\n\t<\/li>\n\t<\/ul>\n\n\n\n<div style=\"height:35px\" aria-hidden=\"true\" class=\"wp-block-spacer\"><\/div>\n<\/div><\/div>\n\n\n\n<div class=\"wp-block-group\"><div class=\"wp-block-group__inner-container is-layout-flow wp-block-group-is-layout-flow\">\n<h2 class=\"wp-block-heading\">Financiadores<\/h2>\n\n\n\n<p class=\"has-small-font-size translation-block\">: Esta iniciativa foi desenvolvida de forma independente pela AAF. O Mi-Care foi poss\u00edvel gra\u00e7as ao patroc\u00ednio da Gilead Sciences Europe, ViiV Healthcare Europe e Merck Sahrpe &amp; Dohme Europe. A Mi-Health Europe tornou-se poss\u00edvel atrav\u00e9s do patroc\u00ednio da Open Society Foundations. A parceria Mi-Health HIV foi viabilizada pela Gilead Sciences Europe. A AAF reconhece que a Gilead Sciences Europe, a ViiV Healthcare Europe, a Merck Sahrpe &amp; Dohme Europe e a Open Society Foundations n\u00e3o t\u00eam nenhum controle ou participa\u00e7\u00e3o na estrutura ou conte\u00fado das iniciativas.<\/p>\n<\/div><\/div>\n\n\n\n<div style=\"height:80px\" aria-hidden=\"true\" class=\"wp-block-spacer\"><\/div>","protected":false},"excerpt":{"rendered":"<p>The Independent Advisory Board Composed of independent experts on policy, migrant health, HIV\/AIDS, capacity building and those with lived experience of irregular migrants, the Migrant Health Advisory Board champions our work across the region. Policy and Research Working Group Composed of experienced researchers, policy advocates and those working at the grassroots level, this group advocates [&hellip;]<\/p>\n","protected":false},"author":1,"featured_media":0,"parent":0,"menu_order":0,"comment_status":"closed","ping_status":"closed","template":"","meta":{"_acf_changed":false,"_uag_custom_page_level_css":"","footnotes":""},"wf_page_folders":[],"class_list":["post-909","page","type-page","status-publish","hentry"],"acf":[],"yoast_head":"<!-- This site is optimized with the Yoast SEO plugin v27.5 - https:\/\/yoast.com\/product\/yoast-seo-wordpress\/ -->\n<title>Migrant Health Advisory Board: Expert Policy and Health Advocacy - Mi-Health Europe<\/title>\n<meta name=\"description\" content=\"Discover our Migrant Health Advisory Board of experts in policy, migrant health, and HIV\/AIDS. They drive our mission to enhance health outcomes across Europe.\" \/>\n<meta name=\"robots\" content=\"index, follow, max-snippet:-1, max-image-preview:large, max-video-preview:-1\" \/>\n<link rel=\"canonical\" href=\"https:\/\/mihealtheurope.org\/pt\/conselho-consultivo-para-a-saude-dos-migrantes\/\" \/>\n<meta property=\"og:locale\" content=\"pt_PT\" \/>\n<meta property=\"og:type\" content=\"article\" \/>\n<meta property=\"og:title\" content=\"Migrant Health Advisory Board: Expert Policy and Health Advocacy - Mi-Health Europe\" \/>\n<meta property=\"og:description\" content=\"Discover our Migrant Health Advisory Board of experts in policy, migrant health, and HIV\/AIDS. They drive our mission to enhance health outcomes across Europe.\" \/>\n<meta property=\"og:url\" content=\"https:\/\/mihealtheurope.org\/pt\/conselho-consultivo-para-a-saude-dos-migrantes\/\" \/>\n<meta property=\"og:site_name\" content=\"Mi-Health Europe\" \/>\n<meta property=\"article:publisher\" content=\"https:\/\/www.facebook.com\/MiHealthAAF\" \/>\n<meta property=\"article:modified_time\" content=\"2025-07-31T09:42:25+00:00\" \/>\n<meta name=\"twitter:card\" content=\"summary_large_image\" \/>\n<meta name=\"twitter:site\" content=\"@MiHealth_Europe\" \/>\n<meta name=\"twitter:label1\" content=\"Tempo estimado de leitura\" \/>\n\t<meta name=\"twitter:data1\" content=\"2 minutos\" \/>\n<script type=\"application\/ld+json\" class=\"yoast-schema-graph\">{\"@context\":\"https:\\\/\\\/schema.org\",\"@graph\":[{\"@type\":\"WebPage\",\"@id\":\"https:\\\/\\\/mihealtheurope.org\\\/migrant-health-advisory-board\\\/\",\"url\":\"https:\\\/\\\/mihealtheurope.org\\\/migrant-health-advisory-board\\\/\",\"name\":\"Migrant Health Advisory Board: Expert Policy and Health Advocacy - Mi-Health Europe\",\"isPartOf\":{\"@id\":\"https:\\\/\\\/mihealtheurope.org\\\/#website\"},\"datePublished\":\"2022-05-23T06:44:35+00:00\",\"dateModified\":\"2025-07-31T09:42:25+00:00\",\"description\":\"Discover our Migrant Health Advisory Board of experts in policy, migrant health, and HIV\\\/AIDS. They drive our mission to enhance health outcomes across Europe.\",\"breadcrumb\":{\"@id\":\"https:\\\/\\\/mihealtheurope.org\\\/migrant-health-advisory-board\\\/#breadcrumb\"},\"inLanguage\":\"pt-PT\",\"potentialAction\":[{\"@type\":\"ReadAction\",\"target\":[\"https:\\\/\\\/mihealtheurope.org\\\/migrant-health-advisory-board\\\/\"]}]},{\"@type\":\"BreadcrumbList\",\"@id\":\"https:\\\/\\\/mihealtheurope.org\\\/migrant-health-advisory-board\\\/#breadcrumb\",\"itemListElement\":[{\"@type\":\"ListItem\",\"position\":1,\"name\":\"Home\",\"item\":\"https:\\\/\\\/mihealtheurope.org\\\/\"},{\"@type\":\"ListItem\",\"position\":2,\"name\":\"Who We Are\"}]},{\"@type\":\"WebSite\",\"@id\":\"https:\\\/\\\/mihealtheurope.org\\\/#website\",\"url\":\"https:\\\/\\\/mihealtheurope.org\\\/\",\"name\":\"https:\\\/\\\/mihealtheurope.org\\\/\",\"description\":\"Improving migrant health\",\"publisher\":{\"@id\":\"https:\\\/\\\/mihealtheurope.org\\\/#organization\"},\"potentialAction\":[{\"@type\":\"SearchAction\",\"target\":{\"@type\":\"EntryPoint\",\"urlTemplate\":\"https:\\\/\\\/mihealtheurope.org\\\/?s={search_term_string}\"},\"query-input\":{\"@type\":\"PropertyValueSpecification\",\"valueRequired\":true,\"valueName\":\"search_term_string\"}}],\"inLanguage\":\"pt-PT\"},{\"@type\":\"Organization\",\"@id\":\"https:\\\/\\\/mihealtheurope.org\\\/#organization\",\"name\":\"Mi-Health Europe\",\"url\":\"https:\\\/\\\/mihealtheurope.org\\\/\",\"logo\":{\"@type\":\"ImageObject\",\"inLanguage\":\"pt-PT\",\"@id\":\"https:\\\/\\\/mihealtheurope.org\\\/#\\\/schema\\\/logo\\\/image\\\/\",\"url\":\"https:\\\/\\\/mihealtheurope.org\\\/wp-content\\\/uploads\\\/2024\\\/04\\\/MiHealth_Blue-High-Res.png\",\"contentUrl\":\"https:\\\/\\\/mihealtheurope.org\\\/wp-content\\\/uploads\\\/2024\\\/04\\\/MiHealth_Blue-High-Res.png\",\"width\":1536,\"height\":1489,\"caption\":\"Mi-Health Europe\"},\"image\":{\"@id\":\"https:\\\/\\\/mihealtheurope.org\\\/#\\\/schema\\\/logo\\\/image\\\/\"},\"sameAs\":[\"https:\\\/\\\/www.facebook.com\\\/MiHealthAAF\",\"https:\\\/\\\/x.com\\\/MiHealth_Europe\",\"https:\\\/\\\/www.instagram.com\\\/mi_health_advocacy\\\/\"]}]}<\/script>\n<!-- \/ Yoast SEO plugin. -->","yoast_head_json":{"title":"Conselho Consultivo para a Sa\u00fade dos Migrantes: Pol\u00edtica especializada e defesa da sa\u00fade - Mi-Health Europe","description":"Descubra o nosso Conselho Consultivo para a Sa\u00fade dos Migrantes, composto por especialistas em pol\u00edticas, sa\u00fade dos migrantes e VIH\/SIDA. S\u00e3o eles que impulsionam a nossa miss\u00e3o de melhorar os resultados no dom\u00ednio da sa\u00fade em toda a Europa.","robots":{"index":"index","follow":"follow","max-snippet":"max-snippet:-1","max-image-preview":"max-image-preview:large","max-video-preview":"max-video-preview:-1"},"canonical":"https:\/\/mihealtheurope.org\/pt\/conselho-consultivo-para-a-saude-dos-migrantes\/","og_locale":"pt_PT","og_type":"article","og_title":"Migrant Health Advisory Board: Expert Policy and Health Advocacy - Mi-Health Europe","og_description":"Discover our Migrant Health Advisory Board of experts in policy, migrant health, and HIV\/AIDS. They drive our mission to enhance health outcomes across Europe.","og_url":"https:\/\/mihealtheurope.org\/pt\/conselho-consultivo-para-a-saude-dos-migrantes\/","og_site_name":"Mi-Health Europe","article_publisher":"https:\/\/www.facebook.com\/MiHealthAAF","article_modified_time":"2025-07-31T09:42:25+00:00","twitter_card":"summary_large_image","twitter_site":"@MiHealth_Europe","twitter_misc":{"Tempo estimado de leitura":"2 minutos"},"schema":{"@context":"https:\/\/schema.org","@graph":[{"@type":"WebPage","@id":"https:\/\/mihealtheurope.org\/migrant-health-advisory-board\/","url":"https:\/\/mihealtheurope.org\/migrant-health-advisory-board\/","name":"Conselho Consultivo para a Sa\u00fade dos Migrantes: Pol\u00edtica especializada e defesa da sa\u00fade - Mi-Health Europe","isPartOf":{"@id":"https:\/\/mihealtheurope.org\/#website"},"datePublished":"2022-05-23T06:44:35+00:00","dateModified":"2025-07-31T09:42:25+00:00","description":"Descubra o nosso Conselho Consultivo para a Sa\u00fade dos Migrantes, composto por especialistas em pol\u00edticas, sa\u00fade dos migrantes e VIH\/SIDA. S\u00e3o eles que impulsionam a nossa miss\u00e3o de melhorar os resultados no dom\u00ednio da sa\u00fade em toda a Europa.","breadcrumb":{"@id":"https:\/\/mihealtheurope.org\/migrant-health-advisory-board\/#breadcrumb"},"inLanguage":"pt-PT","potentialAction":[{"@type":"ReadAction","target":["https:\/\/mihealtheurope.org\/migrant-health-advisory-board\/"]}]},{"@type":"BreadcrumbList","@id":"https:\/\/mihealtheurope.org\/migrant-health-advisory-board\/#breadcrumb","itemListElement":[{"@type":"ListItem","position":1,"name":"Home","item":"https:\/\/mihealtheurope.org\/"},{"@type":"ListItem","position":2,"name":"Who We Are"}]},{"@type":"WebSite","@id":"https:\/\/mihealtheurope.org\/#website","url":"https:\/\/mihealtheurope.org\/","name":"https:\/\/mihealtheurope.org\/","description":"Melhorar a sa\u00fade dos migrantes","publisher":{"@id":"https:\/\/mihealtheurope.org\/#organization"},"potentialAction":[{"@type":"SearchAction","target":{"@type":"EntryPoint","urlTemplate":"https:\/\/mihealtheurope.org\/?s={search_term_string}"},"query-input":{"@type":"PropertyValueSpecification","valueRequired":true,"valueName":"search_term_string"}}],"inLanguage":"pt-PT"},{"@type":"Organization","@id":"https:\/\/mihealtheurope.org\/#organization","name":"Mi-Health Europe","url":"https:\/\/mihealtheurope.org\/","logo":{"@type":"ImageObject","inLanguage":"pt-PT","@id":"https:\/\/mihealtheurope.org\/#\/schema\/logo\/image\/","url":"https:\/\/mihealtheurope.org\/wp-content\/uploads\/2024\/04\/MiHealth_Blue-High-Res.png","contentUrl":"https:\/\/mihealtheurope.org\/wp-content\/uploads\/2024\/04\/MiHealth_Blue-High-Res.png","width":1536,"height":1489,"caption":"Mi-Health Europe"},"image":{"@id":"https:\/\/mihealtheurope.org\/#\/schema\/logo\/image\/"},"sameAs":["https:\/\/www.facebook.com\/MiHealthAAF","https:\/\/x.com\/MiHealth_Europe","https:\/\/www.instagram.com\/mi_health_advocacy\/"]}]}},"uagb_featured_image_src":{"full":false,"thumbnail":false,"medium":false,"medium_large":false,"large":false,"1536x1536":false,"2048x2048":false,"trp-custom-language-flag":false,"blog-img":false,"gform-image-choice-sm":false,"gform-image-choice-md":false,"gform-image-choice-lg":false},"uagb_author_info":{"display_name":"MIHealthUsr","author_link":"https:\/\/mihealtheurope.org\/pt\/author\/mihealthusr\/"},"uagb_comment_info":0,"uagb_excerpt":"The Independent Advisory Board Composed of independent experts on policy, migrant health, HIV\/AIDS, capacity building and those with lived experience of irregular migrants, the Migrant Health Advisory Board champions our work across the region. Policy and Research Working Group Composed of experienced researchers, policy advocates and those working at the grassroots level, this group advocates&hellip;","_links":{"self":[{"href":"https:\/\/mihealtheurope.org\/pt\/wp-json\/wp\/v2\/pages\/909","targetHints":{"allow":["GET"]}}],"collection":[{"href":"https:\/\/mihealtheurope.org\/pt\/wp-json\/wp\/v2\/pages"}],"about":[{"href":"https:\/\/mihealtheurope.org\/pt\/wp-json\/wp\/v2\/types\/page"}],"author":[{"embeddable":true,"href":"https:\/\/mihealtheurope.org\/pt\/wp-json\/wp\/v2\/users\/1"}],"replies":[{"embeddable":true,"href":"https:\/\/mihealtheurope.org\/pt\/wp-json\/wp\/v2\/comments?post=909"}],"version-history":[{"count":53,"href":"https:\/\/mihealtheurope.org\/pt\/wp-json\/wp\/v2\/pages\/909\/revisions"}],"predecessor-version":[{"id":2653,"href":"https:\/\/mihealtheurope.org\/pt\/wp-json\/wp\/v2\/pages\/909\/revisions\/2653"}],"wp:attachment":[{"href":"https:\/\/mihealtheurope.org\/pt\/wp-json\/wp\/v2\/media?parent=909"}],"wp:term":[{"taxonomy":"wf_page_folders","embeddable":true,"href":"https:\/\/mihealtheurope.org\/pt\/wp-json\/wp\/v2\/wf_page_folders?post=909"}],"curies":[{"name":"wp","href":"https:\/\/api.w.org\/{rel}","templated":true}]}}