{"id":857,"date":"2022-05-23T06:45:10","date_gmt":"2022-05-23T05:45:10","guid":{"rendered":"https:\/\/mihealth.418staging.co.uk\/?page_id=857"},"modified":"2024-05-21T20:20:55","modified_gmt":"2024-05-21T19:20:55","slug":"formacao-em-defesa-da-saude-dos-migrantes","status":"publish","type":"page","link":"https:\/\/mihealtheurope.org\/pt\/migrant-health-advocacy-training\/","title":{"rendered":"Mi Care"},"content":{"rendered":"<div style=\"height:50px\" aria-hidden=\"true\" class=\"wp-block-spacer\"><\/div>\n\n\n\n<div class=\"wp-block-group\"><div class=\"wp-block-group__inner-container is-layout-flow wp-block-group-is-layout-flow\">\n<h2 class=\"wp-block-heading\">Programa de forma\u00e7\u00e3o Mi-Care<\/h2>\n\n\n\n<p class=\"has-medium-font-size\">O Mi-Care \u00e9 um programa de treinamento anual que aumenta a capacidade dos defensores da sa\u00fade da comunidade migrante de se envolverem totalmente no planejamento, pr\u00e1tica e pol\u00edtica de sa\u00fade.<\/p>\n\n\n\n<div class=\"wp-block-media-text alignwide is-stacked-on-mobile\"><figure class=\"wp-block-media-text__media\"><img loading=\"lazy\" decoding=\"async\" width=\"747\" height=\"587\" src=\"https:\/\/mihealtheurope.org\/wp-content\/uploads\/2022\/05\/pic4.png\" alt=\"Forma\u00e7\u00e3o em defesa da sa\u00fade dos migrantes\" class=\"wp-image-869 size-full\" srcset=\"https:\/\/mihealtheurope.org\/wp-content\/uploads\/2022\/05\/pic4.png 747w, https:\/\/mihealtheurope.org\/wp-content\/uploads\/2022\/05\/pic4-300x236.png 300w, https:\/\/mihealtheurope.org\/wp-content\/uploads\/2022\/05\/pic4-15x12.png 15w\" sizes=\"auto, (max-width: 747px) 100vw, 747px\" \/><\/figure><div class=\"wp-block-media-text__content\">\n<p>O Mi-Care se concentra em melhorar o acesso a servi\u00e7os de sa\u00fade de qualidade, incluindo preven\u00e7\u00e3o, teste, tratamento e cuidados de HIV, hepatite viral e tuberculose. Este programa garante que os alunos estejam equipados com conhecimentos, redes, recursos e ferramentas para mobilizar e apoiar as diversas comunidades migrantes com as quais trabalham em toda a regi\u00e3o europeia. Ap\u00f3s a conclus\u00e3o bem-sucedida do programa, os alunos receber\u00e3o um certificado n\u00e3o credenciado e h\u00e1 a possibilidade de serem introduzidos em um dos grupos de trabalho da plataforma Mi-Health para se envolver com as principais partes interessadas para enfrentar as barreiras ao acesso \u00e0 sa\u00fade e melhorar desfechos.<\/p>\n\n\n\n<div style=\"height:30px\" aria-hidden=\"true\" class=\"wp-block-spacer\"><\/div>\n\n\n\n<div class=\"wp-block-buttons is-layout-flex wp-block-buttons-is-layout-flex\">\n<div class=\"wp-block-button has-custom-font-size has-medium-font-size\"><a class=\"wp-block-button__link has-theme-colour-1-background-color has-background wp-element-button\" href=\"https:\/\/www.surveymonkey.co.uk\/r\/KPMWCBL\" style=\"border-radius:6px\" target=\"_blank\" rel=\"noreferrer noopener\">Se inscreva aqui<\/a><\/div>\n\n\n\n<div class=\"wp-block-button has-custom-font-size has-medium-font-size\"><a class=\"wp-block-button__link has-theme-colour-2-background-color has-background wp-element-button\" href=\"https:\/\/mihealtheurope.org\/pt\/programa-de-formacao-em-cuidados-intermedios\/\" style=\"border-radius:6px\">Login do Curso<\/a><\/div>\n<\/div>\n\n\n\n<div style=\"height:50px\" aria-hidden=\"true\" class=\"wp-block-spacer\"><\/div>\n<\/div><\/div>\n<\/div><\/div>\n\n\n\n<div class=\"wp-block-group has-background\" style=\"background-color:#ececec\"><div class=\"wp-block-group__inner-container is-layout-flow wp-block-group-is-layout-flow\">\n<div style=\"height:80px\" aria-hidden=\"true\" class=\"wp-block-spacer\"><\/div>\n\n\n\n<h2 class=\"wp-block-heading\">Resumo do Curso<\/h2>\n\n\n\n<p class=\"has-medium-font-size translation-block\"><strong>O programa \u00e9 composto por 4 m\u00f3dulos e o ingl\u00eas \u00e9 a l\u00edngua de ensino<\/strong>. <strong>A forma\u00e7\u00e3o realiza-se via Zoom.<\/strong><\/p>\n\n\n\n<div class=\"wp-block-columns is-layout-flex wp-container-core-columns-is-layout-9d6595d7 wp-block-columns-is-layout-flex\">\n<div class=\"wp-block-column is-layout-flow wp-block-column-is-layout-flow\">\n<p class=\"translation-block\"><strong>M\u00f3dulo 1:<\/strong> Ci\u00eancia do VIH para as comunidades: PrEP<\/p>\n\n\n\n<p class=\"translation-block\">16 e 19 de abril: 15:00-16:30 CET, facilitado por Juddy Otti, Chefe dos Servi\u00e7os de VIH na <a href=\"https:\/\/www.africadvocacy.org\/\" target=\"_self\">Africa Advocacy Foundation<\/a> e L\u00edder do projeto GROWS no <a href=\"https:\/\/sophiaforum.net\/\" target=\"_self\">Sophia Forum<\/a>.<\/p>\n\n\n\n<p class=\"translation-block\"><strong>M\u00f3dulo 2:<\/strong> Dados e investiga\u00e7\u00e3o sobre o VIH e a migra\u00e7\u00e3o<\/p>\n\n\n\n<p>25 de abril: 11:00-12:30 CET, facilitada por Kene Esom, investigador p\u00f3s-graduado na Escola de Direito da Universidade de Warwick, com forma\u00e7\u00e3o em direitos humanos e sa\u00fade global. Trabalhou em pol\u00edticas e programas de VIH e migra\u00e7\u00e3o no \u00e2mbito da sua carreira. Falar\u00e1 sobre o envolvimento numa defesa eficaz do VIH e da migra\u00e7\u00e3o utilizando dados e investiga\u00e7\u00e3o.<\/p>\n\n\n\n<p>22 de maio: 15:30-17:00 CET, moderado por Hanne Zimmermann e Haoyi Wang. Ambos s\u00e3o da Universidade de Maastricht e ir\u00e3o, por isso, dirigir um workshop sobre Parcerias entre a Sociedade Civil e a Investiga\u00e7\u00e3o Acad\u00e9mica. <\/p>\n<\/div>\n\n\n\n<div class=\"wp-block-column is-layout-flow wp-block-column-is-layout-flow\">\n<p class=\"translation-block\"><strong>M\u00f3dulo 3: <\/strong>Direc\u00e7\u00f5es pol\u00edticas e temas actuais a n\u00edvel nacional e internacional para o VIH, os cuidados de sa\u00fade e os sistemas de sa\u00fade<\/p>\n\n\n\n<p class=\"translation-block\">7 de maio: 10:00-12:00 CET, facilitada por Louise Bonneau &amp; Silvia Carta de <a href=\"https:\/\/picum.org\/\" target=\"_self\">PICUM<\/a>. Far\u00e3o uma apresenta\u00e7\u00e3o sobre o pacto em mat\u00e9ria de migra\u00e7\u00e3o e asilo e apresentar\u00e3o uma panor\u00e2mica geral sobre o acesso aos cuidados de sa\u00fade nos Estados-Membros da UE.<\/p>\n\n\n\n<p class=\"translation-block\"><strong>M\u00f3dulo 4:<\/strong> T\u00e1cticas e t\u00e9cnicas de advocacia para advogar a n\u00edvel nacional e internacional<\/p>\n\n\n\n<p class=\"translation-block\">Semana de 13 de maio: Data e hora a confirmar, facilitado por D\u00e1zon Dixon Diallo, Fundador e Presidente da <a href=\"http:\/\/www.sisterlove.org\/\" target=\"_blank\" rel=\"noreferrer noopener\">SisterLove, Inc,<\/a> criada em 1989, a primeira organiza\u00e7\u00e3o de mulheres para o VIH, Justi\u00e7a Sexual e Reprodutiva no sudeste dos Estados Unidos.<\/p>\n<\/div>\n<\/div>\n\n\n\n<h3 class=\"wp-block-heading\">Quemdeve se inscrever?<\/h3>\n\n\n\n<p class=\"translation-block\">Migrantes; trabalhadores da linha de frente; ativistas da sa\u00fade; profissionais que trabalham com migrantes, refugiados e requerentes de asilo documentados e indocumentados em toda a regi\u00e3o europeia; e profissionais que trabalham com HIV, TB e hepatites virais. Entre em contato com mi-care@africadvocacy.org com perguntas.<\/p>\n\n\n\n<div style=\"height:100px\" aria-hidden=\"true\" class=\"wp-block-spacer\"><\/div>\n<\/div><\/div>","protected":false},"excerpt":{"rendered":"<p>Mi-Care Training Programme Mi-Care is an annual training programme that enhances the capacity of migrant community health advocates to fully engage in healthcare planning, practice and policy. Mi-Care focuses on improving access to quality healthcare services, including the prevention, testing, treatment and care of HIV, viral hepatitis and tuberculosis. This programme ensures that learners are [&hellip;]<\/p>\n","protected":false},"author":1,"featured_media":0,"parent":0,"menu_order":0,"comment_status":"closed","ping_status":"closed","template":"","meta":{"_acf_changed":false,"_uag_custom_page_level_css":"","footnotes":""},"wf_page_folders":[],"class_list":["post-857","page","type-page","status-publish","hentry"],"acf":[],"yoast_head":"<!-- This site is optimized with the Yoast SEO plugin v27.4 - https:\/\/yoast.com\/product\/yoast-seo-wordpress\/ -->\n<title>Migrant Health Advocacy Training: Empowerment Through Training - Mi-Health Europe<\/title>\n<meta name=\"description\" content=\"Join our Mi-Care Training Programme to gain skills in migrant health advocacy. Learn about HIV, viral hepatitis, and TB care. Apply now!\" \/>\n<meta name=\"robots\" content=\"index, follow, max-snippet:-1, max-image-preview:large, max-video-preview:-1\" \/>\n<link rel=\"canonical\" href=\"https:\/\/mihealtheurope.org\/pt\/formacao-em-defesa-da-saude-dos-migrantes\/\" \/>\n<meta property=\"og:locale\" content=\"pt_PT\" \/>\n<meta property=\"og:type\" content=\"article\" \/>\n<meta property=\"og:title\" content=\"Migrant Health Advocacy Training: Empowerment Through Training - Mi-Health Europe\" \/>\n<meta property=\"og:description\" content=\"Join our Mi-Care Training Programme to gain skills in migrant health advocacy. Learn about HIV, viral hepatitis, and TB care. Apply now!\" \/>\n<meta property=\"og:url\" content=\"https:\/\/mihealtheurope.org\/pt\/formacao-em-defesa-da-saude-dos-migrantes\/\" \/>\n<meta property=\"og:site_name\" content=\"Mi-Health Europe\" \/>\n<meta property=\"article:publisher\" content=\"https:\/\/www.facebook.com\/MiHealthAAF\" \/>\n<meta property=\"article:modified_time\" content=\"2024-05-21T19:20:55+00:00\" \/>\n<meta property=\"og:image\" content=\"https:\/\/mihealtheurope.org\/wp-content\/uploads\/2022\/05\/pic4.png\" \/>\n<meta name=\"twitter:card\" content=\"summary_large_image\" \/>\n<meta name=\"twitter:site\" content=\"@MiHealth_Europe\" \/>\n<meta name=\"twitter:label1\" content=\"Tempo estimado de leitura\" \/>\n\t<meta name=\"twitter:data1\" content=\"3 minutos\" \/>\n<script type=\"application\/ld+json\" class=\"yoast-schema-graph\">{\"@context\":\"https:\\\/\\\/schema.org\",\"@graph\":[{\"@type\":\"WebPage\",\"@id\":\"https:\\\/\\\/mihealtheurope.org\\\/migrant-health-advocacy-training\\\/\",\"url\":\"https:\\\/\\\/mihealtheurope.org\\\/migrant-health-advocacy-training\\\/\",\"name\":\"Migrant Health Advocacy Training: Empowerment Through Training - Mi-Health Europe\",\"isPartOf\":{\"@id\":\"https:\\\/\\\/mihealtheurope.org\\\/#website\"},\"primaryImageOfPage\":{\"@id\":\"https:\\\/\\\/mihealtheurope.org\\\/migrant-health-advocacy-training\\\/#primaryimage\"},\"image\":{\"@id\":\"https:\\\/\\\/mihealtheurope.org\\\/migrant-health-advocacy-training\\\/#primaryimage\"},\"thumbnailUrl\":\"https:\\\/\\\/mihealtheurope.org\\\/wp-content\\\/uploads\\\/2022\\\/05\\\/pic4.png\",\"datePublished\":\"2022-05-23T05:45:10+00:00\",\"dateModified\":\"2024-05-21T19:20:55+00:00\",\"description\":\"Join our Mi-Care Training Programme to gain skills in migrant health advocacy. Learn about HIV, viral hepatitis, and TB care. Apply now!\",\"breadcrumb\":{\"@id\":\"https:\\\/\\\/mihealtheurope.org\\\/migrant-health-advocacy-training\\\/#breadcrumb\"},\"inLanguage\":\"pt-PT\",\"potentialAction\":[{\"@type\":\"ReadAction\",\"target\":[\"https:\\\/\\\/mihealtheurope.org\\\/migrant-health-advocacy-training\\\/\"]}]},{\"@type\":\"ImageObject\",\"inLanguage\":\"pt-PT\",\"@id\":\"https:\\\/\\\/mihealtheurope.org\\\/migrant-health-advocacy-training\\\/#primaryimage\",\"url\":\"https:\\\/\\\/mihealtheurope.org\\\/wp-content\\\/uploads\\\/2022\\\/05\\\/pic4.png\",\"contentUrl\":\"https:\\\/\\\/mihealtheurope.org\\\/wp-content\\\/uploads\\\/2022\\\/05\\\/pic4.png\"},{\"@type\":\"BreadcrumbList\",\"@id\":\"https:\\\/\\\/mihealtheurope.org\\\/migrant-health-advocacy-training\\\/#breadcrumb\",\"itemListElement\":[{\"@type\":\"ListItem\",\"position\":1,\"name\":\"Home\",\"item\":\"https:\\\/\\\/mihealtheurope.org\\\/\"},{\"@type\":\"ListItem\",\"position\":2,\"name\":\"Mi Care\"}]},{\"@type\":\"WebSite\",\"@id\":\"https:\\\/\\\/mihealtheurope.org\\\/#website\",\"url\":\"https:\\\/\\\/mihealtheurope.org\\\/\",\"name\":\"https:\\\/\\\/mihealtheurope.org\\\/\",\"description\":\"Improving migrant health\",\"publisher\":{\"@id\":\"https:\\\/\\\/mihealtheurope.org\\\/#organization\"},\"potentialAction\":[{\"@type\":\"SearchAction\",\"target\":{\"@type\":\"EntryPoint\",\"urlTemplate\":\"https:\\\/\\\/mihealtheurope.org\\\/?s={search_term_string}\"},\"query-input\":{\"@type\":\"PropertyValueSpecification\",\"valueRequired\":true,\"valueName\":\"search_term_string\"}}],\"inLanguage\":\"pt-PT\"},{\"@type\":\"Organization\",\"@id\":\"https:\\\/\\\/mihealtheurope.org\\\/#organization\",\"name\":\"Mi-Health Europe\",\"url\":\"https:\\\/\\\/mihealtheurope.org\\\/\",\"logo\":{\"@type\":\"ImageObject\",\"inLanguage\":\"pt-PT\",\"@id\":\"https:\\\/\\\/mihealtheurope.org\\\/#\\\/schema\\\/logo\\\/image\\\/\",\"url\":\"https:\\\/\\\/mihealtheurope.org\\\/wp-content\\\/uploads\\\/2024\\\/04\\\/MiHealth_Blue-High-Res.png\",\"contentUrl\":\"https:\\\/\\\/mihealtheurope.org\\\/wp-content\\\/uploads\\\/2024\\\/04\\\/MiHealth_Blue-High-Res.png\",\"width\":1536,\"height\":1489,\"caption\":\"Mi-Health Europe\"},\"image\":{\"@id\":\"https:\\\/\\\/mihealtheurope.org\\\/#\\\/schema\\\/logo\\\/image\\\/\"},\"sameAs\":[\"https:\\\/\\\/www.facebook.com\\\/MiHealthAAF\",\"https:\\\/\\\/x.com\\\/MiHealth_Europe\",\"https:\\\/\\\/www.instagram.com\\\/mi_health_advocacy\\\/\"]}]}<\/script>\n<!-- \/ Yoast SEO plugin. -->","yoast_head_json":{"title":"Forma\u00e7\u00e3o em defesa da sa\u00fade dos migrantes: Capacita\u00e7\u00e3o atrav\u00e9s da forma\u00e7\u00e3o - Mi-Health Europe","description":"Participe no nosso Programa de Forma\u00e7\u00e3o Mi-Care para adquirir compet\u00eancias na defesa da sa\u00fade dos migrantes. Aprenda sobre o VIH, as hepatites virais e os cuidados com a tuberculose. Candidate-se agora!","robots":{"index":"index","follow":"follow","max-snippet":"max-snippet:-1","max-image-preview":"max-image-preview:large","max-video-preview":"max-video-preview:-1"},"canonical":"https:\/\/mihealtheurope.org\/pt\/formacao-em-defesa-da-saude-dos-migrantes\/","og_locale":"pt_PT","og_type":"article","og_title":"Migrant Health Advocacy Training: Empowerment Through Training - Mi-Health Europe","og_description":"Join our Mi-Care Training Programme to gain skills in migrant health advocacy. Learn about HIV, viral hepatitis, and TB care. Apply now!","og_url":"https:\/\/mihealtheurope.org\/pt\/formacao-em-defesa-da-saude-dos-migrantes\/","og_site_name":"Mi-Health Europe","article_publisher":"https:\/\/www.facebook.com\/MiHealthAAF","article_modified_time":"2024-05-21T19:20:55+00:00","og_image":[{"url":"https:\/\/mihealtheurope.org\/wp-content\/uploads\/2022\/05\/pic4.png","type":"","width":"","height":""}],"twitter_card":"summary_large_image","twitter_site":"@MiHealth_Europe","twitter_misc":{"Tempo estimado de leitura":"3 minutos"},"schema":{"@context":"https:\/\/schema.org","@graph":[{"@type":"WebPage","@id":"https:\/\/mihealtheurope.org\/migrant-health-advocacy-training\/","url":"https:\/\/mihealtheurope.org\/migrant-health-advocacy-training\/","name":"Forma\u00e7\u00e3o em defesa da sa\u00fade dos migrantes: Capacita\u00e7\u00e3o atrav\u00e9s da forma\u00e7\u00e3o - Mi-Health Europe","isPartOf":{"@id":"https:\/\/mihealtheurope.org\/#website"},"primaryImageOfPage":{"@id":"https:\/\/mihealtheurope.org\/migrant-health-advocacy-training\/#primaryimage"},"image":{"@id":"https:\/\/mihealtheurope.org\/migrant-health-advocacy-training\/#primaryimage"},"thumbnailUrl":"https:\/\/mihealtheurope.org\/wp-content\/uploads\/2022\/05\/pic4.png","datePublished":"2022-05-23T05:45:10+00:00","dateModified":"2024-05-21T19:20:55+00:00","description":"Participe no nosso Programa de Forma\u00e7\u00e3o Mi-Care para adquirir compet\u00eancias na defesa da sa\u00fade dos migrantes. Aprenda sobre o VIH, as hepatites virais e os cuidados com a tuberculose. Candidate-se agora!","breadcrumb":{"@id":"https:\/\/mihealtheurope.org\/migrant-health-advocacy-training\/#breadcrumb"},"inLanguage":"pt-PT","potentialAction":[{"@type":"ReadAction","target":["https:\/\/mihealtheurope.org\/migrant-health-advocacy-training\/"]}]},{"@type":"ImageObject","inLanguage":"pt-PT","@id":"https:\/\/mihealtheurope.org\/migrant-health-advocacy-training\/#primaryimage","url":"https:\/\/mihealtheurope.org\/wp-content\/uploads\/2022\/05\/pic4.png","contentUrl":"https:\/\/mihealtheurope.org\/wp-content\/uploads\/2022\/05\/pic4.png"},{"@type":"BreadcrumbList","@id":"https:\/\/mihealtheurope.org\/migrant-health-advocacy-training\/#breadcrumb","itemListElement":[{"@type":"ListItem","position":1,"name":"Home","item":"https:\/\/mihealtheurope.org\/"},{"@type":"ListItem","position":2,"name":"Mi Care"}]},{"@type":"WebSite","@id":"https:\/\/mihealtheurope.org\/#website","url":"https:\/\/mihealtheurope.org\/","name":"https:\/\/mihealtheurope.org\/","description":"Melhorar a sa\u00fade dos migrantes","publisher":{"@id":"https:\/\/mihealtheurope.org\/#organization"},"potentialAction":[{"@type":"SearchAction","target":{"@type":"EntryPoint","urlTemplate":"https:\/\/mihealtheurope.org\/?s={search_term_string}"},"query-input":{"@type":"PropertyValueSpecification","valueRequired":true,"valueName":"search_term_string"}}],"inLanguage":"pt-PT"},{"@type":"Organization","@id":"https:\/\/mihealtheurope.org\/#organization","name":"Mi-Health Europe","url":"https:\/\/mihealtheurope.org\/","logo":{"@type":"ImageObject","inLanguage":"pt-PT","@id":"https:\/\/mihealtheurope.org\/#\/schema\/logo\/image\/","url":"https:\/\/mihealtheurope.org\/wp-content\/uploads\/2024\/04\/MiHealth_Blue-High-Res.png","contentUrl":"https:\/\/mihealtheurope.org\/wp-content\/uploads\/2024\/04\/MiHealth_Blue-High-Res.png","width":1536,"height":1489,"caption":"Mi-Health Europe"},"image":{"@id":"https:\/\/mihealtheurope.org\/#\/schema\/logo\/image\/"},"sameAs":["https:\/\/www.facebook.com\/MiHealthAAF","https:\/\/x.com\/MiHealth_Europe","https:\/\/www.instagram.com\/mi_health_advocacy\/"]}]}},"uagb_featured_image_src":{"full":false,"thumbnail":false,"medium":false,"medium_large":false,"large":false,"1536x1536":false,"2048x2048":false,"trp-custom-language-flag":false,"blog-img":false,"gform-image-choice-sm":false,"gform-image-choice-md":false,"gform-image-choice-lg":false},"uagb_author_info":{"display_name":"MIHealthUsr","author_link":"https:\/\/mihealtheurope.org\/pt\/author\/mihealthusr\/"},"uagb_comment_info":0,"uagb_excerpt":"Mi-Care Training Programme Mi-Care is an annual training programme that enhances the capacity of migrant community health advocates to fully engage in healthcare planning, practice and policy. Mi-Care focuses on improving access to quality healthcare services, including the prevention, testing, treatment and care of HIV, viral hepatitis and tuberculosis. This programme ensures that learners are&hellip;","_links":{"self":[{"href":"https:\/\/mihealtheurope.org\/pt\/wp-json\/wp\/v2\/pages\/857","targetHints":{"allow":["GET"]}}],"collection":[{"href":"https:\/\/mihealtheurope.org\/pt\/wp-json\/wp\/v2\/pages"}],"about":[{"href":"https:\/\/mihealtheurope.org\/pt\/wp-json\/wp\/v2\/types\/page"}],"author":[{"embeddable":true,"href":"https:\/\/mihealtheurope.org\/pt\/wp-json\/wp\/v2\/users\/1"}],"replies":[{"embeddable":true,"href":"https:\/\/mihealtheurope.org\/pt\/wp-json\/wp\/v2\/comments?post=857"}],"version-history":[{"count":26,"href":"https:\/\/mihealtheurope.org\/pt\/wp-json\/wp\/v2\/pages\/857\/revisions"}],"predecessor-version":[{"id":2170,"href":"https:\/\/mihealtheurope.org\/pt\/wp-json\/wp\/v2\/pages\/857\/revisions\/2170"}],"wp:attachment":[{"href":"https:\/\/mihealtheurope.org\/pt\/wp-json\/wp\/v2\/media?parent=857"}],"wp:term":[{"taxonomy":"wf_page_folders","embeddable":true,"href":"https:\/\/mihealtheurope.org\/pt\/wp-json\/wp\/v2\/wf_page_folders?post=857"}],"curies":[{"name":"wp","href":"https:\/\/api.w.org\/{rel}","templated":true}]}}