{"id":2296,"date":"2024-06-28T16:07:47","date_gmt":"2024-06-28T15:07:47","guid":{"rendered":"https:\/\/mihealtheurope.org\/?page_id=2296"},"modified":"2025-03-07T12:50:55","modified_gmt":"2025-03-07T12:50:55","slug":"contactos","status":"publish","type":"page","link":"https:\/\/mihealtheurope.org\/pt\/mi-care-training-programme\/contacts\/","title":{"rendered":"Contactos"},"content":{"rendered":"<p>Nesta sec\u00e7\u00e3o de contactos, encontrar\u00e1 uma lista de especialistas dispon\u00edveis para pedidos de informa\u00e7\u00e3o, facilita\u00e7\u00e3o de forma\u00e7\u00e3o e interc\u00e2mbio de conhecimentos. Cada entrada inclui o nome do especialista, a profiss\u00e3o, as \u00e1reas de especializa\u00e7\u00e3o e o endere\u00e7o de correio eletr\u00f3nico. Estes profissionais est\u00e3o prontos a ajudar com quest\u00f5es relacionadas e a apoiar as suas iniciativas atrav\u00e9s dos seus conhecimentos especializados e experi\u00eancia.<\/p>\n\n\n\n<div style=\"height:50px\" aria-hidden=\"true\" class=\"wp-block-spacer\"><\/div>\n\n\n\n<div class=\"wp-block-group\"><div class=\"wp-block-group__inner-container is-layout-flow wp-block-group-is-layout-flow\">\n<h1 class=\"wp-block-heading\">Contactos<\/h1>\n\n\n\n<figure class=\"wp-block-table is-style-stripes\"><table class=\"has-fixed-layout\"><tbody><tr><td><strong>Nome<\/strong><\/td><td><strong>Fun\u00e7\u00e3o\/<br>Organiza\u00e7\u00e3o<\/strong><\/td><td><strong>\u00c1rea de especializa\u00e7\u00e3o<\/strong><\/td><td><strong>Contacto<\/strong><\/td><\/tr><tr><td>Teymur Noori<\/td><td>Especialista em sa\u00fade p\u00fablica e especialista em VIH no ECDC<\/td><td>Dados sobre o VIH e a migra\u00e7\u00e3o na Europa<\/td><td>teymur.noori@ecdc.europa.eu<\/td><\/tr><tr><td>Simon Collins<\/td><td>Defensor do tratamento do VIH, editor s\u00e9nior, diretor de projeto em i-Base.info<\/td><td>Sess\u00e3o aberta de perguntas e respostas sobre cuidados pessoais<br>Investiga\u00e7\u00e3o sobre o VIH, Ativismo comunit\u00e1rio, Ci\u00eancia do VIH e tratamentos, Estrat\u00e9gias de preven\u00e7\u00e3o como PrEP e U=U, Diretrizes de tratamento<\/td><td>simon.collins@i-base.org.uk<\/td><\/tr><tr><td>Dra. Vanessa Apea<\/td><td>M\u00e9dico Consultor em Sa\u00fade Sexual e Medicina do VIH no Barts Health NHS Trust e investigador doutorado em equidade em sa\u00fade na Queen Mary University of London<\/td><td>VIH<br>Sa\u00fade sexual<br>Sa\u00fade sexual e reprodutiva<br>Equidade na sa\u00fade<br>Envolvimento da comunidade<br>Ci\u00eancia da implementa\u00e7\u00e3o<br>Investiga\u00e7\u00e3o participativa de base comunit\u00e1ria<br>Sa\u00fade dos migrantes&nbsp;<br>Inova\u00e7\u00e3o digital na sa\u00fade&nbsp;<br>Femtech<\/td><td>v.apea@nhs.net<\/td><\/tr><tr><td>Christiana N\u00f6stlinger<\/td><td>Cientista social s\u00e9nior no Instituto de Medicina Tropical, departamento de Sa\u00fade P\u00fablica em Antu\u00e9rpia, B\u00e9lgica<\/td><td>Investiga\u00e7\u00e3o participativa, m\u00e9todos qualitativos, migrantes e VIH, qualidade de vida, acesso \u00e0 PrEP<\/td><td>noestlinger@gmail.com<\/td><\/tr><tr><td>Bornice Biomndo, Dr. rer. m\u00e9dico<\/td><td>Promo\u00e7\u00e3o da sa\u00fade (VIH, hepatite, consumo seguro de drogas) e coordena\u00e7\u00e3o de cuidados em<br>Fixpunkt e.V; <br>Cientista de sa\u00fade p\u00fablica no Instituto de Sa\u00fade Internacional, Centro Charit\u00e9 para a Sa\u00fade Global, no \u00e2mbito do Projeto Migra\u00e7\u00e3o e Sa\u00fade (MIGRAH); <br>Avalia\u00e7\u00e3o cient\u00edfica e garantia de qualidade no ponto de controlo BLN<\/td><td>Sa\u00fade p\u00fablica, epidemiologia, sistemas de sa\u00fade, VIH, hepatite, IST, viol\u00eancia entre parceiros \u00edntimos, sa\u00fade dos migrantes, sa\u00fade LGBTQIA* Sa\u00fade, consumo de drogas (consumo de drogas em festas mais seguras e redu\u00e7\u00e3o de danos<\/td><td>bbc_j@yahoo.co.uk<\/td><\/tr><tr><td>Dr. Harvey Kennedy-Pitt<\/td><td>Diretor e Consultor Principal na unstukk<\/td><td>Implementa\u00e7\u00e3o e avalia\u00e7\u00e3o de estrat\u00e9gias, investiga\u00e7\u00e3o baseada em dados concretos, refor\u00e7o de capacidades, desenvolvimento da riqueza social, envolvimento da comunidade, justi\u00e7a social, conce\u00e7\u00e3o de programas de sa\u00fade e bem-estar, facilita\u00e7\u00e3o da educa\u00e7\u00e3o e forma\u00e7\u00e3o, coaching e mentoria de executivos <\/td><td>harvey@unstukk.co.uk<\/td><\/tr><tr><td>Dr. Gary Jones<\/td><td>Anterior Conselheiro S\u00e9nior na ONUSIDA, Mentor de Coorte na Universidade James Cook <\/td><td>Servi\u00e7os de cuidados de sa\u00fade abrangentes, incluindo concetualiza\u00e7\u00e3o, conce\u00e7\u00e3o, implementa\u00e7\u00e3o e avalia\u00e7\u00e3o, cobrindo o VIH, as IST e a sa\u00fade sexual\/reprodutiva para as popula\u00e7\u00f5es migrantes; refor\u00e7o de capacidades com conjuntos de ferramentas e orienta\u00e7\u00f5es; organiza\u00e7\u00e3o de eventos e forma\u00e7\u00e3o; estrat\u00e9gias de sensibiliza\u00e7\u00e3o e comunica\u00e7\u00e3o; avalia\u00e7\u00f5es da sa\u00fade dos migrantes e desenvolvimento de pol\u00edticas; prepara\u00e7\u00e3o e resposta humanit\u00e1ria; e metodologias de investiga\u00e7\u00e3o<\/td><td>garyjonesconsultancies24@gmail.com <\/td><\/tr><tr><td>Juddy Otti<\/td><td>Chefe dos Servi\u00e7os de VIH na Africa Advocacy Foundation, Chefe do Projeto GROWS no F\u00f3rum Sophia<\/td><td>Servi\u00e7os de VIH, trabalho comunit\u00e1rio, preven\u00e7\u00e3o do VIH (incluindo PrEP)<\/td><td>juddy@africadvocacy.com<\/td><\/tr><tr><td>Yusef Azad<\/td><td><\/td><td>trabalho de pol\u00edtica de sa\u00fade dos migrantes<\/td><td>yusefazad@gmail.com<\/td><\/tr><tr><td>PICUM<\/td><td>Rede de organiza\u00e7\u00f5es que trabalham<br>garantir a justi\u00e7a social<br>e direitos humanos dos migrantes sem documentos<\/td><td>Criminaliza\u00e7\u00e3o da migra\u00e7\u00e3o e da solidariedade<br>Crian\u00e7as, fam\u00edlias e jovens,<br>Deten\u00e7\u00f5es e deporta\u00e7\u00f5es,<br>Tecnologias digitais,<br>Igualdade de g\u00e9nero,<br>Sa\u00fade,<br>Habita\u00e7\u00e3o e luta contra a pobreza,<br>Justi\u00e7a e policiamento,<br>Regulariza\u00e7\u00e3o,<br>Trabalho.<\/td><td>info@picum.org<br><a href=\"https:\/\/picum.org\/about-us\/\">https:\/\/picum.org\/about-us\/<\/a><\/td><\/tr><tr><td>Prof. Jeffrey V Lazarus<\/td><td>Instituto de Sa\u00fade Global de Barcelona (ISGlobal)<br>Hospital Cl\u00ednic - Universidad de Barcelona, Espanha<br>&nbsp;<br>Escola de P\u00f3s-Gradua\u00e7\u00e3o em Sa\u00fade P\u00fablica e Pol\u00edtica de Sa\u00fade da CUNY (CUNY SPH)<\/td><td>Doen\u00e7a hep\u00e1tica esteat\u00f3sica associada ao metabolismo (MASLD) e esteato-hepatite associada ao metabolismo (MASH)<\/td><td>jeffrey.lazarus@isglobal.org<\/td><\/tr><\/tbody><\/table><\/figure>\n<\/div><\/div>","protected":false},"excerpt":{"rendered":"<p>In this contact section, you will find a list of experts available for inquiries, training facilitation, and knowledge exchanges. Each entry includes the expert&#8217;s name, profession, areas of expertise, and email address. These professionals are ready to assist with related questions and support your initiatives through their specialized knowledge and experience. Contacts Name Role\/Organisation Area [&hellip;]<\/p>\n","protected":false},"author":29,"featured_media":0,"parent":1034,"menu_order":0,"comment_status":"closed","ping_status":"closed","template":"course-page.php","meta":{"_acf_changed":false,"_uag_custom_page_level_css":"","footnotes":"[]"},"wf_page_folders":[],"class_list":["post-2296","page","type-page","status-publish","hentry"],"acf":[],"yoast_head":"<!-- This site is optimized with the Yoast SEO plugin v27.4 - https:\/\/yoast.com\/product\/yoast-seo-wordpress\/ -->\n<title>Policy on Migration and Health: HIV and Healthcare Topics - Mi-Health Europe<\/title>\n<meta name=\"description\" content=\"Discover Week 3 of Mi-Care Training on migration and health policy, focusing on HIV and healthcare access in the EU.\" \/>\n<meta name=\"robots\" content=\"index, follow, max-snippet:-1, max-image-preview:large, max-video-preview:-1\" \/>\n<link rel=\"canonical\" href=\"https:\/\/mihealtheurope.org\/pt\/programa-de-formacao-em-cuidados-intermedios\/contactos\/\" \/>\n<meta property=\"og:locale\" content=\"pt_PT\" \/>\n<meta property=\"og:type\" content=\"article\" \/>\n<meta property=\"og:title\" content=\"Policy on Migration and Health: HIV and Healthcare Topics - Mi-Health Europe\" \/>\n<meta property=\"og:description\" content=\"Discover Week 3 of Mi-Care Training on migration and health policy, focusing on HIV and healthcare access in the EU.\" \/>\n<meta property=\"og:url\" content=\"https:\/\/mihealtheurope.org\/pt\/programa-de-formacao-em-cuidados-intermedios\/contactos\/\" \/>\n<meta property=\"og:site_name\" content=\"Mi-Health Europe\" \/>\n<meta property=\"article:publisher\" content=\"https:\/\/www.facebook.com\/MiHealthAAF\" \/>\n<meta property=\"article:modified_time\" content=\"2025-03-07T12:50:55+00:00\" \/>\n<meta name=\"twitter:card\" content=\"summary_large_image\" \/>\n<meta name=\"twitter:site\" content=\"@MiHealth_Europe\" \/>\n<meta name=\"twitter:label1\" content=\"Tempo estimado de leitura\" \/>\n\t<meta name=\"twitter:data1\" content=\"3 minutos\" \/>\n<script type=\"application\/ld+json\" class=\"yoast-schema-graph\">{\"@context\":\"https:\\\/\\\/schema.org\",\"@graph\":[{\"@type\":\"WebPage\",\"@id\":\"https:\\\/\\\/mihealtheurope.org\\\/mi-care-training-programme\\\/contacts\\\/\",\"url\":\"https:\\\/\\\/mihealtheurope.org\\\/mi-care-training-programme\\\/contacts\\\/\",\"name\":\"Policy on Migration and Health: HIV and Healthcare Topics - Mi-Health Europe\",\"isPartOf\":{\"@id\":\"https:\\\/\\\/mihealtheurope.org\\\/#website\"},\"datePublished\":\"2024-06-28T15:07:47+00:00\",\"dateModified\":\"2025-03-07T12:50:55+00:00\",\"description\":\"Discover Week 3 of Mi-Care Training on migration and health policy, focusing on HIV and healthcare access in the EU.\",\"breadcrumb\":{\"@id\":\"https:\\\/\\\/mihealtheurope.org\\\/mi-care-training-programme\\\/contacts\\\/#breadcrumb\"},\"inLanguage\":\"pt-PT\",\"potentialAction\":[{\"@type\":\"ReadAction\",\"target\":[\"https:\\\/\\\/mihealtheurope.org\\\/mi-care-training-programme\\\/contacts\\\/\"]}]},{\"@type\":\"BreadcrumbList\",\"@id\":\"https:\\\/\\\/mihealtheurope.org\\\/mi-care-training-programme\\\/contacts\\\/#breadcrumb\",\"itemListElement\":[{\"@type\":\"ListItem\",\"position\":1,\"name\":\"Home\",\"item\":\"https:\\\/\\\/mihealtheurope.org\\\/\"},{\"@type\":\"ListItem\",\"position\":2,\"name\":\"Welcome to MI Care\",\"item\":\"https:\\\/\\\/mihealtheurope.org\\\/mi-care-training-programme\\\/\"},{\"@type\":\"ListItem\",\"position\":3,\"name\":\"Contacts\"}]},{\"@type\":\"WebSite\",\"@id\":\"https:\\\/\\\/mihealtheurope.org\\\/#website\",\"url\":\"https:\\\/\\\/mihealtheurope.org\\\/\",\"name\":\"https:\\\/\\\/mihealtheurope.org\\\/\",\"description\":\"Improving migrant health\",\"publisher\":{\"@id\":\"https:\\\/\\\/mihealtheurope.org\\\/#organization\"},\"potentialAction\":[{\"@type\":\"SearchAction\",\"target\":{\"@type\":\"EntryPoint\",\"urlTemplate\":\"https:\\\/\\\/mihealtheurope.org\\\/?s={search_term_string}\"},\"query-input\":{\"@type\":\"PropertyValueSpecification\",\"valueRequired\":true,\"valueName\":\"search_term_string\"}}],\"inLanguage\":\"pt-PT\"},{\"@type\":\"Organization\",\"@id\":\"https:\\\/\\\/mihealtheurope.org\\\/#organization\",\"name\":\"Mi-Health Europe\",\"url\":\"https:\\\/\\\/mihealtheurope.org\\\/\",\"logo\":{\"@type\":\"ImageObject\",\"inLanguage\":\"pt-PT\",\"@id\":\"https:\\\/\\\/mihealtheurope.org\\\/#\\\/schema\\\/logo\\\/image\\\/\",\"url\":\"https:\\\/\\\/mihealtheurope.org\\\/wp-content\\\/uploads\\\/2024\\\/04\\\/MiHealth_Blue-High-Res.png\",\"contentUrl\":\"https:\\\/\\\/mihealtheurope.org\\\/wp-content\\\/uploads\\\/2024\\\/04\\\/MiHealth_Blue-High-Res.png\",\"width\":1536,\"height\":1489,\"caption\":\"Mi-Health Europe\"},\"image\":{\"@id\":\"https:\\\/\\\/mihealtheurope.org\\\/#\\\/schema\\\/logo\\\/image\\\/\"},\"sameAs\":[\"https:\\\/\\\/www.facebook.com\\\/MiHealthAAF\",\"https:\\\/\\\/x.com\\\/MiHealth_Europe\",\"https:\\\/\\\/www.instagram.com\\\/mi_health_advocacy\\\/\"]}]}<\/script>\n<!-- \/ Yoast SEO plugin. -->","yoast_head_json":{"title":"Pol\u00edtica de Migra\u00e7\u00e3o e Sa\u00fade: VIH e t\u00f3picos de cuidados de sa\u00fade - Mi-Health Europe","description":"Descubra a terceira semana da forma\u00e7\u00e3o Mi-Care sobre migra\u00e7\u00e3o e pol\u00edtica de sa\u00fade, centrada no VIH e no acesso aos cuidados de sa\u00fade na UE.","robots":{"index":"index","follow":"follow","max-snippet":"max-snippet:-1","max-image-preview":"max-image-preview:large","max-video-preview":"max-video-preview:-1"},"canonical":"https:\/\/mihealtheurope.org\/pt\/programa-de-formacao-em-cuidados-intermedios\/contactos\/","og_locale":"pt_PT","og_type":"article","og_title":"Policy on Migration and Health: HIV and Healthcare Topics - Mi-Health Europe","og_description":"Discover Week 3 of Mi-Care Training on migration and health policy, focusing on HIV and healthcare access in the EU.","og_url":"https:\/\/mihealtheurope.org\/pt\/programa-de-formacao-em-cuidados-intermedios\/contactos\/","og_site_name":"Mi-Health Europe","article_publisher":"https:\/\/www.facebook.com\/MiHealthAAF","article_modified_time":"2025-03-07T12:50:55+00:00","twitter_card":"summary_large_image","twitter_site":"@MiHealth_Europe","twitter_misc":{"Tempo estimado de leitura":"3 minutos"},"schema":{"@context":"https:\/\/schema.org","@graph":[{"@type":"WebPage","@id":"https:\/\/mihealtheurope.org\/mi-care-training-programme\/contacts\/","url":"https:\/\/mihealtheurope.org\/mi-care-training-programme\/contacts\/","name":"Pol\u00edtica de Migra\u00e7\u00e3o e Sa\u00fade: VIH e t\u00f3picos de cuidados de sa\u00fade - Mi-Health Europe","isPartOf":{"@id":"https:\/\/mihealtheurope.org\/#website"},"datePublished":"2024-06-28T15:07:47+00:00","dateModified":"2025-03-07T12:50:55+00:00","description":"Descubra a terceira semana da forma\u00e7\u00e3o Mi-Care sobre migra\u00e7\u00e3o e pol\u00edtica de sa\u00fade, centrada no VIH e no acesso aos cuidados de sa\u00fade na UE.","breadcrumb":{"@id":"https:\/\/mihealtheurope.org\/mi-care-training-programme\/contacts\/#breadcrumb"},"inLanguage":"pt-PT","potentialAction":[{"@type":"ReadAction","target":["https:\/\/mihealtheurope.org\/mi-care-training-programme\/contacts\/"]}]},{"@type":"BreadcrumbList","@id":"https:\/\/mihealtheurope.org\/mi-care-training-programme\/contacts\/#breadcrumb","itemListElement":[{"@type":"ListItem","position":1,"name":"Home","item":"https:\/\/mihealtheurope.org\/"},{"@type":"ListItem","position":2,"name":"Welcome to MI Care","item":"https:\/\/mihealtheurope.org\/mi-care-training-programme\/"},{"@type":"ListItem","position":3,"name":"Contacts"}]},{"@type":"WebSite","@id":"https:\/\/mihealtheurope.org\/#website","url":"https:\/\/mihealtheurope.org\/","name":"https:\/\/mihealtheurope.org\/","description":"Melhorar a sa\u00fade dos migrantes","publisher":{"@id":"https:\/\/mihealtheurope.org\/#organization"},"potentialAction":[{"@type":"SearchAction","target":{"@type":"EntryPoint","urlTemplate":"https:\/\/mihealtheurope.org\/?s={search_term_string}"},"query-input":{"@type":"PropertyValueSpecification","valueRequired":true,"valueName":"search_term_string"}}],"inLanguage":"pt-PT"},{"@type":"Organization","@id":"https:\/\/mihealtheurope.org\/#organization","name":"Mi-Health Europe","url":"https:\/\/mihealtheurope.org\/","logo":{"@type":"ImageObject","inLanguage":"pt-PT","@id":"https:\/\/mihealtheurope.org\/#\/schema\/logo\/image\/","url":"https:\/\/mihealtheurope.org\/wp-content\/uploads\/2024\/04\/MiHealth_Blue-High-Res.png","contentUrl":"https:\/\/mihealtheurope.org\/wp-content\/uploads\/2024\/04\/MiHealth_Blue-High-Res.png","width":1536,"height":1489,"caption":"Mi-Health Europe"},"image":{"@id":"https:\/\/mihealtheurope.org\/#\/schema\/logo\/image\/"},"sameAs":["https:\/\/www.facebook.com\/MiHealthAAF","https:\/\/x.com\/MiHealth_Europe","https:\/\/www.instagram.com\/mi_health_advocacy\/"]}]}},"uagb_featured_image_src":{"full":false,"thumbnail":false,"medium":false,"medium_large":false,"large":false,"1536x1536":false,"2048x2048":false,"trp-custom-language-flag":false,"blog-img":false,"gform-image-choice-sm":false,"gform-image-choice-md":false,"gform-image-choice-lg":false},"uagb_author_info":{"display_name":"HalaMI","author_link":"https:\/\/mihealtheurope.org\/pt\/author\/halami\/"},"uagb_comment_info":0,"uagb_excerpt":"In this contact section, you will find a list of experts available for inquiries, training facilitation, and knowledge exchanges. Each entry includes the expert&#8217;s name, profession, areas of expertise, and email address. These professionals are ready to assist with related questions and support your initiatives through their specialized knowledge and experience. Contacts Name Role\/Organisation Area&hellip;","_links":{"self":[{"href":"https:\/\/mihealtheurope.org\/pt\/wp-json\/wp\/v2\/pages\/2296","targetHints":{"allow":["GET"]}}],"collection":[{"href":"https:\/\/mihealtheurope.org\/pt\/wp-json\/wp\/v2\/pages"}],"about":[{"href":"https:\/\/mihealtheurope.org\/pt\/wp-json\/wp\/v2\/types\/page"}],"author":[{"embeddable":true,"href":"https:\/\/mihealtheurope.org\/pt\/wp-json\/wp\/v2\/users\/29"}],"replies":[{"embeddable":true,"href":"https:\/\/mihealtheurope.org\/pt\/wp-json\/wp\/v2\/comments?post=2296"}],"version-history":[{"count":8,"href":"https:\/\/mihealtheurope.org\/pt\/wp-json\/wp\/v2\/pages\/2296\/revisions"}],"predecessor-version":[{"id":2381,"href":"https:\/\/mihealtheurope.org\/pt\/wp-json\/wp\/v2\/pages\/2296\/revisions\/2381"}],"up":[{"embeddable":true,"href":"https:\/\/mihealtheurope.org\/pt\/wp-json\/wp\/v2\/pages\/1034"}],"wp:attachment":[{"href":"https:\/\/mihealtheurope.org\/pt\/wp-json\/wp\/v2\/media?parent=2296"}],"wp:term":[{"taxonomy":"wf_page_folders","embeddable":true,"href":"https:\/\/mihealtheurope.org\/pt\/wp-json\/wp\/v2\/wf_page_folders?post=2296"}],"curies":[{"name":"wp","href":"https:\/\/api.w.org\/{rel}","templated":true}]}}