{"id":2284,"date":"2024-06-28T15:57:32","date_gmt":"2024-06-28T14:57:32","guid":{"rendered":"https:\/\/mihealtheurope.org\/?page_id=2284"},"modified":"2026-02-12T11:46:43","modified_gmt":"2026-02-12T11:46:43","slug":"kit-de-ferramentas-de-cuidados-de-saude","status":"publish","type":"page","link":"https:\/\/mihealtheurope.org\/pt\/mi-care-toolkit\/","title":{"rendered":"Kit de ferramentas Mi-Care"},"content":{"rendered":"<div style=\"height:50px\" aria-hidden=\"true\" class=\"wp-block-spacer\"><\/div>\n\n\n\n<div class=\"wp-block-group\"><div class=\"wp-block-group__inner-container is-layout-flow wp-block-group-is-layout-flow\">\n<h1 class=\"wp-block-heading\">Kit de ferramentas Mi-Care para as comunidades<\/h1>\n\n\n\n<p>Bem-vindo ao nosso Kit de Ferramentas de Investiga\u00e7\u00e3o Comunit\u00e1ria, concebido para capacitar as organiza\u00e7\u00f5es e os indiv\u00edduos com as ferramentas e os recursos necess\u00e1rios para realizar investiga\u00e7\u00e3o e sensibiliza\u00e7\u00e3o comunit\u00e1rias com impacto. Este conjunto de ferramentas tem como objetivo apoiar as iniciativas de sa\u00fade comunit\u00e1ria, fornecendo orienta\u00e7\u00f5es pr\u00e1ticas sobre metodologias de investiga\u00e7\u00e3o, estrat\u00e9gias de sensibiliza\u00e7\u00e3o e cria\u00e7\u00e3o de parcerias comunit\u00e1rias essenciais. <\/p>\n\n\n\n<p>Tem perguntas? Contacte-nos em <a href=\"mailto:mihealth@africadvocacy.org\">mihealth@africadvocacy.org<\/a> para assist\u00eancia.<\/p>\n<\/div><\/div>\n\n\n\n<div style=\"height:80px\" aria-hidden=\"true\" class=\"wp-block-spacer\"><\/div>","protected":false},"excerpt":{"rendered":"<p>Mi-Care Toolkit for Communities Welcome to our Community-Based Research Toolkit, designed to empower organizations and individuals with the tools and resources needed to conduct impactful community research and advocacy. This toolkit aims to support community health initiatives by providing practical guidance on research methodologies, advocacy strategies, and building essential community partnerships. Have questions? Contact us [&hellip;]<\/p>\n","protected":false},"author":29,"featured_media":0,"parent":0,"menu_order":0,"comment_status":"closed","ping_status":"closed","template":"course-page.php","meta":{"_acf_changed":false,"_uag_custom_page_level_css":"","footnotes":""},"wf_page_folders":[],"class_list":["post-2284","page","type-page","status-publish","hentry"],"acf":[],"yoast_head":"<!-- This site is optimized with the Yoast SEO plugin v27.5 - https:\/\/yoast.com\/product\/yoast-seo-wordpress\/ -->\n<title>Mi-Care Training Programme | Course Menu and Weekly Modules - Mi-Health Europe<\/title>\n<meta name=\"description\" content=\"Explore the Mi-Care Training Programme. Access weekly modules on HIV science, PrEP, data, and research on HIV and migration.\" \/>\n<meta name=\"robots\" content=\"index, follow, max-snippet:-1, max-image-preview:large, max-video-preview:-1\" \/>\n<link rel=\"canonical\" href=\"https:\/\/mihealtheurope.org\/pt\/kit-de-ferramentas-de-cuidados-de-saude\/\" \/>\n<meta property=\"og:locale\" content=\"pt_PT\" \/>\n<meta property=\"og:type\" content=\"article\" \/>\n<meta property=\"og:title\" content=\"Mi-Care Training Programme | Course Menu and Weekly Modules - Mi-Health Europe\" \/>\n<meta property=\"og:description\" content=\"Explore the Mi-Care Training Programme. Access weekly modules on HIV science, PrEP, data, and research on HIV and migration.\" \/>\n<meta property=\"og:url\" content=\"https:\/\/mihealtheurope.org\/pt\/kit-de-ferramentas-de-cuidados-de-saude\/\" \/>\n<meta property=\"og:site_name\" content=\"Mi-Health Europe\" \/>\n<meta property=\"article:publisher\" content=\"https:\/\/www.facebook.com\/MiHealthAAF\" \/>\n<meta property=\"article:modified_time\" content=\"2026-02-12T11:46:43+00:00\" \/>\n<meta name=\"twitter:card\" content=\"summary_large_image\" \/>\n<meta name=\"twitter:site\" content=\"@MiHealth_Europe\" \/>\n<meta name=\"twitter:label1\" content=\"Tempo estimado de leitura\" \/>\n\t<meta name=\"twitter:data1\" content=\"1 minuto\" \/>\n<script type=\"application\/ld+json\" class=\"yoast-schema-graph\">{\"@context\":\"https:\\\/\\\/schema.org\",\"@graph\":[{\"@type\":\"WebPage\",\"@id\":\"https:\\\/\\\/mihealtheurope.org\\\/mi-care-toolkit\\\/\",\"url\":\"https:\\\/\\\/mihealtheurope.org\\\/mi-care-toolkit\\\/\",\"name\":\"Mi-Care Training Programme | Course Menu and Weekly Modules - Mi-Health Europe\",\"isPartOf\":{\"@id\":\"https:\\\/\\\/mihealtheurope.org\\\/#website\"},\"datePublished\":\"2024-06-28T14:57:32+00:00\",\"dateModified\":\"2026-02-12T11:46:43+00:00\",\"description\":\"Explore the Mi-Care Training Programme. Access weekly modules on HIV science, PrEP, data, and research on HIV and migration.\",\"breadcrumb\":{\"@id\":\"https:\\\/\\\/mihealtheurope.org\\\/mi-care-toolkit\\\/#breadcrumb\"},\"inLanguage\":\"pt-PT\",\"potentialAction\":[{\"@type\":\"ReadAction\",\"target\":[\"https:\\\/\\\/mihealtheurope.org\\\/mi-care-toolkit\\\/\"]}]},{\"@type\":\"BreadcrumbList\",\"@id\":\"https:\\\/\\\/mihealtheurope.org\\\/mi-care-toolkit\\\/#breadcrumb\",\"itemListElement\":[{\"@type\":\"ListItem\",\"position\":1,\"name\":\"Home\",\"item\":\"https:\\\/\\\/mihealtheurope.org\\\/\"},{\"@type\":\"ListItem\",\"position\":2,\"name\":\"Mi-Care Toolkit\"}]},{\"@type\":\"WebSite\",\"@id\":\"https:\\\/\\\/mihealtheurope.org\\\/#website\",\"url\":\"https:\\\/\\\/mihealtheurope.org\\\/\",\"name\":\"https:\\\/\\\/mihealtheurope.org\\\/\",\"description\":\"Improving migrant health\",\"publisher\":{\"@id\":\"https:\\\/\\\/mihealtheurope.org\\\/#organization\"},\"potentialAction\":[{\"@type\":\"SearchAction\",\"target\":{\"@type\":\"EntryPoint\",\"urlTemplate\":\"https:\\\/\\\/mihealtheurope.org\\\/?s={search_term_string}\"},\"query-input\":{\"@type\":\"PropertyValueSpecification\",\"valueRequired\":true,\"valueName\":\"search_term_string\"}}],\"inLanguage\":\"pt-PT\"},{\"@type\":\"Organization\",\"@id\":\"https:\\\/\\\/mihealtheurope.org\\\/#organization\",\"name\":\"Mi-Health Europe\",\"url\":\"https:\\\/\\\/mihealtheurope.org\\\/\",\"logo\":{\"@type\":\"ImageObject\",\"inLanguage\":\"pt-PT\",\"@id\":\"https:\\\/\\\/mihealtheurope.org\\\/#\\\/schema\\\/logo\\\/image\\\/\",\"url\":\"https:\\\/\\\/mihealtheurope.org\\\/wp-content\\\/uploads\\\/2024\\\/04\\\/MiHealth_Blue-High-Res.png\",\"contentUrl\":\"https:\\\/\\\/mihealtheurope.org\\\/wp-content\\\/uploads\\\/2024\\\/04\\\/MiHealth_Blue-High-Res.png\",\"width\":1536,\"height\":1489,\"caption\":\"Mi-Health Europe\"},\"image\":{\"@id\":\"https:\\\/\\\/mihealtheurope.org\\\/#\\\/schema\\\/logo\\\/image\\\/\"},\"sameAs\":[\"https:\\\/\\\/www.facebook.com\\\/MiHealthAAF\",\"https:\\\/\\\/x.com\\\/MiHealth_Europe\",\"https:\\\/\\\/www.instagram.com\\\/mi_health_advocacy\\\/\"]}]}<\/script>\n<!-- \/ Yoast SEO plugin. -->","yoast_head_json":{"title":"Programa de Forma\u00e7\u00e3o Mi-Care | Menu do Curso e M\u00f3dulos Semanais - Mi-Health Portugal","description":"Explore o Programa de Forma\u00e7\u00e3o Mi-Care. Aceda a m\u00f3dulos semanais sobre a ci\u00eancia do VIH, PrEP, dados e investiga\u00e7\u00e3o sobre o VIH e a migra\u00e7\u00e3o.","robots":{"index":"index","follow":"follow","max-snippet":"max-snippet:-1","max-image-preview":"max-image-preview:large","max-video-preview":"max-video-preview:-1"},"canonical":"https:\/\/mihealtheurope.org\/pt\/kit-de-ferramentas-de-cuidados-de-saude\/","og_locale":"pt_PT","og_type":"article","og_title":"Mi-Care Training Programme | Course Menu and Weekly Modules - Mi-Health Europe","og_description":"Explore the Mi-Care Training Programme. Access weekly modules on HIV science, PrEP, data, and research on HIV and migration.","og_url":"https:\/\/mihealtheurope.org\/pt\/kit-de-ferramentas-de-cuidados-de-saude\/","og_site_name":"Mi-Health Europe","article_publisher":"https:\/\/www.facebook.com\/MiHealthAAF","article_modified_time":"2026-02-12T11:46:43+00:00","twitter_card":"summary_large_image","twitter_site":"@MiHealth_Europe","twitter_misc":{"Tempo estimado de leitura":"1 minuto"},"schema":{"@context":"https:\/\/schema.org","@graph":[{"@type":"WebPage","@id":"https:\/\/mihealtheurope.org\/mi-care-toolkit\/","url":"https:\/\/mihealtheurope.org\/mi-care-toolkit\/","name":"Programa de Forma\u00e7\u00e3o Mi-Care | Menu do Curso e M\u00f3dulos Semanais - Mi-Health Portugal","isPartOf":{"@id":"https:\/\/mihealtheurope.org\/#website"},"datePublished":"2024-06-28T14:57:32+00:00","dateModified":"2026-02-12T11:46:43+00:00","description":"Explore o Programa de Forma\u00e7\u00e3o Mi-Care. Aceda a m\u00f3dulos semanais sobre a ci\u00eancia do VIH, PrEP, dados e investiga\u00e7\u00e3o sobre o VIH e a migra\u00e7\u00e3o.","breadcrumb":{"@id":"https:\/\/mihealtheurope.org\/mi-care-toolkit\/#breadcrumb"},"inLanguage":"pt-PT","potentialAction":[{"@type":"ReadAction","target":["https:\/\/mihealtheurope.org\/mi-care-toolkit\/"]}]},{"@type":"BreadcrumbList","@id":"https:\/\/mihealtheurope.org\/mi-care-toolkit\/#breadcrumb","itemListElement":[{"@type":"ListItem","position":1,"name":"Home","item":"https:\/\/mihealtheurope.org\/"},{"@type":"ListItem","position":2,"name":"Mi-Care Toolkit"}]},{"@type":"WebSite","@id":"https:\/\/mihealtheurope.org\/#website","url":"https:\/\/mihealtheurope.org\/","name":"https:\/\/mihealtheurope.org\/","description":"Melhorar a sa\u00fade dos migrantes","publisher":{"@id":"https:\/\/mihealtheurope.org\/#organization"},"potentialAction":[{"@type":"SearchAction","target":{"@type":"EntryPoint","urlTemplate":"https:\/\/mihealtheurope.org\/?s={search_term_string}"},"query-input":{"@type":"PropertyValueSpecification","valueRequired":true,"valueName":"search_term_string"}}],"inLanguage":"pt-PT"},{"@type":"Organization","@id":"https:\/\/mihealtheurope.org\/#organization","name":"Mi-Health Europe","url":"https:\/\/mihealtheurope.org\/","logo":{"@type":"ImageObject","inLanguage":"pt-PT","@id":"https:\/\/mihealtheurope.org\/#\/schema\/logo\/image\/","url":"https:\/\/mihealtheurope.org\/wp-content\/uploads\/2024\/04\/MiHealth_Blue-High-Res.png","contentUrl":"https:\/\/mihealtheurope.org\/wp-content\/uploads\/2024\/04\/MiHealth_Blue-High-Res.png","width":1536,"height":1489,"caption":"Mi-Health Europe"},"image":{"@id":"https:\/\/mihealtheurope.org\/#\/schema\/logo\/image\/"},"sameAs":["https:\/\/www.facebook.com\/MiHealthAAF","https:\/\/x.com\/MiHealth_Europe","https:\/\/www.instagram.com\/mi_health_advocacy\/"]}]}},"uagb_featured_image_src":{"full":false,"thumbnail":false,"medium":false,"medium_large":false,"large":false,"1536x1536":false,"2048x2048":false,"trp-custom-language-flag":false,"blog-img":false,"gform-image-choice-sm":false,"gform-image-choice-md":false,"gform-image-choice-lg":false},"uagb_author_info":{"display_name":"HalaMI","author_link":"https:\/\/mihealtheurope.org\/pt\/author\/halami\/"},"uagb_comment_info":0,"uagb_excerpt":"Mi-Care Toolkit for Communities Welcome to our Community-Based Research Toolkit, designed to empower organizations and individuals with the tools and resources needed to conduct impactful community research and advocacy. This toolkit aims to support community health initiatives by providing practical guidance on research methodologies, advocacy strategies, and building essential community partnerships. Have questions? Contact us&hellip;","_links":{"self":[{"href":"https:\/\/mihealtheurope.org\/pt\/wp-json\/wp\/v2\/pages\/2284","targetHints":{"allow":["GET"]}}],"collection":[{"href":"https:\/\/mihealtheurope.org\/pt\/wp-json\/wp\/v2\/pages"}],"about":[{"href":"https:\/\/mihealtheurope.org\/pt\/wp-json\/wp\/v2\/types\/page"}],"author":[{"embeddable":true,"href":"https:\/\/mihealtheurope.org\/pt\/wp-json\/wp\/v2\/users\/29"}],"replies":[{"embeddable":true,"href":"https:\/\/mihealtheurope.org\/pt\/wp-json\/wp\/v2\/comments?post=2284"}],"version-history":[{"count":6,"href":"https:\/\/mihealtheurope.org\/pt\/wp-json\/wp\/v2\/pages\/2284\/revisions"}],"predecessor-version":[{"id":3432,"href":"https:\/\/mihealtheurope.org\/pt\/wp-json\/wp\/v2\/pages\/2284\/revisions\/3432"}],"wp:attachment":[{"href":"https:\/\/mihealtheurope.org\/pt\/wp-json\/wp\/v2\/media?parent=2284"}],"wp:term":[{"taxonomy":"wf_page_folders","embeddable":true,"href":"https:\/\/mihealtheurope.org\/pt\/wp-json\/wp\/v2\/wf_page_folders?post=2284"}],"curies":[{"name":"wp","href":"https:\/\/api.w.org\/{rel}","templated":true}]}}