{"id":909,"date":"2022-05-23T07:44:35","date_gmt":"2022-05-23T06:44:35","guid":{"rendered":"https:\/\/mihealth.418staging.co.uk\/?page_id=909"},"modified":"2025-07-31T10:42:25","modified_gmt":"2025-07-31T09:42:25","slug":"conseil-consultatif-de-la-sante-des-migrants","status":"publish","type":"page","link":"https:\/\/mihealtheurope.org\/fr\/migrant-health-advisory-board\/","title":{"rendered":"Qui Nous Sommes"},"content":{"rendered":"<div style=\"height:80px\" aria-hidden=\"true\" class=\"wp-block-spacer\"><\/div>\n\n\n\n<div class=\"wp-block-group\"><div class=\"wp-block-group__inner-container is-layout-flow wp-block-group-is-layout-flow\">\n<h2 class=\"wp-block-heading\">Le Conseil consultatif ind\u00e9pendant :<\/h2>\n\n\n\n<p>Compos\u00e9 d'experts ind\u00e9pendants dans les domaines de la politique, la sant\u00e9 des migrants, le VIH\/SIDA, le renforcement des capacit\u00e9s et de personnes ayant une exp\u00e9rience v\u00e9cue de la migration irr\u00e9guli\u00e8re, le Conseil consultatif d\u00e9fend notre travail dans toute la r\u00e9gion. <\/p>\n<\/div><\/div>\n\n\n\n<div class=\"wp-block-group\"><div class=\"wp-block-group__inner-container is-layout-flow wp-block-group-is-layout-flow\">\n<h2 class=\"wp-block-heading\">Groupe de travail sur les politiques et la recherche<\/h2>\n\n\n\n<p>compos\u00e9 de chercheurs experiment\u00e9s, de d\u00e9fenseurs des politiques et de personnes travaillant au niveau local, ce groupe plaide pour la recherche et les politiques ayant pour but de faire avancer les objectifs de sant\u00e9 des migrants.<\/p>\n<\/div><\/div>\n\n\n\n<div class=\"wp-block-group\"><div class=\"wp-block-group__inner-container is-layout-flow wp-block-group-is-layout-flow\">\n<h2 class=\"wp-block-heading\">Comit\u00e9 de pilotage de Mi-Health Europe<\/h2>\n\n\n\n<p>Compos\u00e9 de repr\u00e9sentants de nos organisations partenaires, le Comit\u00e9 fournit une direction et un leadership strat\u00e9gique global. Il veille \u00e0 ce que nous cultivions un r\u00e9seau solide de d\u00e9fenseurs et d'organisations \u00e0 travers la r\u00e9gion europ\u00e9enne, engag\u00e9s \u00e0 \u00e9changer les meilleures pratiques et \u00e0 promouvoir des solutions innovantes aux d\u00e9fis sanitaires et sociaux qui affectent les migrants. <\/p>\n<\/div><\/div>\n\n\n\n<div class=\"wp-block-group\"><div class=\"wp-block-group__inner-container is-layout-flow wp-block-group-is-layout-flow\">\n<h2 class=\"wp-block-heading\">L\u2019\u00e9quipe Mi-Health:<\/h2>\n\n\n\n<p class=\"translation-block\">S\u2019assure que le mat\u00e9riel, les ressources et la strat\u00e9gie d\u00e9velopp\u00e9s sur la plateforme vont de pair avec les objectifs de Mi-Health Europe, facilite les efforts des groupes de travail et g\u00e8re le r\u00e9pertoire des ressources en ligne sur nos organisations partenaires, ainsi que les activit\u00e9s quotidiennes de la plateforme.<\/p>\n\n\n\n<div style=\"height:35px\" aria-hidden=\"true\" class=\"wp-block-spacer\"><\/div>\n\n\n\n<link href=\"\/\/cdn.jsdelivr.net\/npm\/featherlight@1.7.14\/release\/featherlight.min.css\" type=\"text\/css\" rel=\"stylesheet\" \/>\n<script src=\"\/\/cdn.jsdelivr.net\/npm\/featherlight@1.7.14\/release\/featherlight.min.js\" type=\"text\/javascript\" charset=\"utf-8\"><\/script>\n\n<ul class=\"staff-block\">\n\t<li class=\"staff\">\n\t\t<div class=\"staff-inner\">\n\t\t\t<div class=\"staff-front\">\n\t\t\t\t<img decoding=\"async\" src=\"https:\/\/mihealtheurope.org\/wp-content\/uploads\/2022\/07\/Picture1.png\" title=\"Denis Onyango\" \/>\n\t\t\t\t<h2>Denis Onyango<\/h2>\n\t\t\t\t<p class=\"position\">Directeur des Programmes<\/p>\t\t\t\t<p class=\"location\">Londres, Royaume-Uni<\/p>\t\t\t<\/div>\n\t\t\t<div class=\"staff-back\">\n\t\t\t\t<h2>Denis Onyango<\/h2>\n\t\t\t\t<ul class=\"team-social-links\">\n\t\t\t\t\t\t\t\t\t\t\t\t\t\t\t\t<li class=\"staff-linkedin\"><a target=\"_blank\" href=\"https:\/\/www.linkedin.com\/in\/denis-onyango-5365b73b\/\">LI<\/a><\/li>\t\t\t\t<\/ul>\n\t\t\t\t<a data-featherlight=\"#1\" href=\"#\" class=\"popup\">plus<\/a>\t\t\t<\/div>\n\t\t\t<div class=\"popup-hide\" id=\"1\">\n\t\t\t<div class=\"profile-flex\">\n\t\t\t<div class=\"profile-image\"><img decoding=\"async\" src=\"https:\/\/mihealtheurope.org\/wp-content\/uploads\/2022\/07\/Picture1.png\" title=\"\" \/><\/div>\n\t\t\t<div class=\"profile-intro\">\n\t\t\t<h2>Denis Onyango<\/h2>\n\t\t\t<p class=\"location\">Londres, Royaume-Uni<\/p>\t\t\t<p class=\"position\">Directeur des Programmes<\/p>\t\t\t<\/div>\n\t\t\t<\/div>\n\t\t\t<p class=\"profile\"><p>Denis est directeur des programmes \u00e0 Africa Advocacy Foundation. Il a plus de 20 ans d'exp\u00e9rience dans le travail de promotion de la sant\u00e9 communautaire de base ax\u00e9 sur la pr\u00e9vention, le d\u00e9pistage et l'acc\u00e8s au traitement du VIH\/IST au sein des communaut\u00e9s marginalis\u00e9es et mal desservies, principalement les communaut\u00e9s de migrants noirs \u00e0 travers l'Europe. H\u00e9patite et tuberculose, NHS England CRG on PrEP, UK HIV Commission, Il est passionn\u00e9 par l'am\u00e9lioration de la prestation de services de sant\u00e9 pour les communaut\u00e9s les plus mal desservies d'Europe, y compris les LGTBI, les sans-abri, les migrants, les consommateurs de drogues injectables, les professionnel(le)s du sexe et les prisonniers.<\/p>\n<p>Denis a de l'exp\u00e9rience dans les domaines de l'\u00e9ducation, de la gestion du secteur b\u00e9n\u00e9vole, des politiques et de la sant\u00e9 publique.<\/p>\n<\/p>\n\t\t\t<\/div>\n\t\t<\/div>\n\t<\/li>\n\t<li class=\"staff\">\n\t\t<div class=\"staff-inner\">\n\t\t\t<div class=\"staff-front\">\n\t\t\t\t<img decoding=\"async\" src=\"https:\/\/mihealtheurope.org\/wp-content\/uploads\/2025\/05\/IMG_1549-1.jpeg\" title=\"Nolwazi Khanyile\" \/>\n\t\t\t\t<h2>Nolwazi Khanyile<\/h2>\n\t\t\t\t<p class=\"position\">Assistant du programme de b\u00e9n\u00e9volat<\/p>\t\t\t\t<p class=\"location\">Mbabane, Eswatini<\/p>\t\t\t<\/div>\n\t\t\t<div class=\"staff-back\">\n\t\t\t\t<h2>Nolwazi Khanyile<\/h2>\n\t\t\t\t<ul class=\"team-social-links\">\n\t\t\t\t<li class=\"staff-website\"><a target=\"_blank\" href=\"mailto:nolwazi@africadvocacy.org\">Web<\/a><\/li>\t\t\t\t\t\t\t\t\t\t\t\t<li class=\"staff-linkedin\"><a target=\"_blank\" href=\"https:\/\/www.linkedin.com\/in\/nolwazi-khanyile-b214531b1?utm_source=share&#038;utm_campaign=share_via&#038;utm_content=profile&#038;utm_medium=ios_app\">LI<\/a><\/li>\t\t\t\t<\/ul>\n\t\t\t\t<a data-featherlight=\"#2\" href=\"#\" class=\"popup\">plus<\/a>\t\t\t<\/div>\n\t\t\t<div class=\"popup-hide\" id=\"2\">\n\t\t\t<div class=\"profile-flex\">\n\t\t\t<div class=\"profile-image\"><img decoding=\"async\" src=\"https:\/\/mihealtheurope.org\/wp-content\/uploads\/2025\/05\/IMG_1549-1.jpeg\" title=\"\" \/><\/div>\n\t\t\t<div class=\"profile-intro\">\n\t\t\t<h2>Nolwazi Khanyile<\/h2>\n\t\t\t<p class=\"location\">Mbabane, Eswatini<\/p>\t\t\t<p class=\"position\">Assistant du programme de b\u00e9n\u00e9volat<\/p>\t\t\t<\/div>\n\t\t\t<\/div>\n\t\t\t<p class=\"profile\"><p><span class=\"selectable-text copyable-text false\">Nolwazi est une militante passionn\u00e9e de la sant\u00e9 publique qui s'engage \u00e0 faire progresser la pr\u00e9vention du VIH et l'engagement significatif des parties prenantes. Elle a l'exp\u00e9rience du soutien au d\u00e9ploiement national des options biom\u00e9dicales de pr\u00e9vention du VIH, notamment l'anneau de dapivirine et la PrEP injectable \u00e0 longue dur\u00e9e d'action (CAB-LA). Nolwazi a travaill\u00e9 \u00e0 l'avancement des droits des jeunes en mati\u00e8re de sant\u00e9 sexuelle et reproductive, en plaidant pour un engagement significatif des jeunes et en pr\u00e9conisant des changements de politique. Forte de son exp\u00e9rience en mati\u00e8re de plaidoyer, de sant\u00e9 sexuelle et reproductive, de recherche et de relations publiques, elle est plus qu'enthousiaste \u00e0 l'id\u00e9e de se porter volontaire pour Africa Advocacy Foundation.<\/span><\/p>\n<\/p>\n\t\t\t<\/div>\n\t\t<\/div>\n\t<\/li>\n\t<li class=\"staff\">\n\t\t<div class=\"staff-inner\">\n\t\t\t<div class=\"staff-front\">\n\t\t\t\t<img decoding=\"async\" src=\"https:\/\/mihealtheurope.org\/wp-content\/uploads\/2022\/07\/Picture3.png\" title=\"Anne Flaherty-Gupta\" \/>\n\t\t\t\t<h2>Anne Flaherty-Gupta<\/h2>\n\t\t\t\t<p class=\"position\">Responsable du Programme Mi-Health<\/p>\t\t\t\t<p class=\"location\">Londres, Royaume-Uni<\/p>\t\t\t<\/div>\n\t\t\t<div class=\"staff-back\">\n\t\t\t\t<h2>Anne Flaherty-Gupta<\/h2>\n\t\t\t\t<ul class=\"team-social-links\">\n\t\t\t\t<li class=\"staff-website\"><a target=\"_blank\" href=\"mailto:anne@africadvocacy.org\">Web<\/a><\/li>\t\t\t\t\t\t\t\t\t\t\t\t<li class=\"staff-linkedin\"><a target=\"_blank\" href=\"https:\/\/www.linkedin.com\/in\/afg-lcsw\/\">LI<\/a><\/li>\t\t\t\t<\/ul>\n\t\t\t\t<a data-featherlight=\"#3\" href=\"#\" class=\"popup\">plus<\/a>\t\t\t<\/div>\n\t\t\t<div class=\"popup-hide\" id=\"3\">\n\t\t\t<div class=\"profile-flex\">\n\t\t\t<div class=\"profile-image\"><img decoding=\"async\" src=\"https:\/\/mihealtheurope.org\/wp-content\/uploads\/2022\/07\/Picture3.png\" title=\"\" \/><\/div>\n\t\t\t<div class=\"profile-intro\">\n\t\t\t<h2>Anne Flaherty-Gupta<\/h2>\n\t\t\t<p class=\"location\">Londres, Royaume-Uni<\/p>\t\t\t<p class=\"position\">Responsable du Programme Mi-Health<\/p>\t\t\t<\/div>\n\t\t\t<\/div>\n\t\t\t<p class=\"profile\"><p>Anne est une assistante sociale clinique qui a plus de 10 ans d'exp\u00e9rience dans la prestation de services directs et dans l'\u00e9laboration et la gestion de programmes dans des contextes cliniques et communautaires. Avant de se consacrer \u00e0 la pr\u00e9vention du VIH et \u00e0 l'acc\u00e8s aux traitements pour les communaut\u00e9s de migrants en Europe, elle a travaill\u00e9 avec des adultes qui ont subi et\/ou commis des actes de violence et qui r\u00e9int\u00e8grent la communaut\u00e9 apr\u00e8s une incarc\u00e9ration. Elle a \u00e9galement propos\u00e9 des th\u00e9rapies individuelles et de groupe \u00e0 des adolescents et des adultes migrants et impliqu\u00e9s dans le syst\u00e8me judiciaire. Elle est titulaire d'un master en travail social avec une sp\u00e9cialisation en sant\u00e9 mentale et un certificat en \u00e9tudes sur la violence de l'universit\u00e9 de l'Illinois \u00e0 Chicago, ainsi que d'une ma\u00eetrise en sciences psychologiques de l'universit\u00e9 Brunel de Londres.<\/p>\n<\/p>\n\t\t\t<\/div>\n\t\t<\/div>\n\t<\/li>\n\t<li class=\"staff\">\n\t\t<div class=\"staff-inner\">\n\t\t\t<div class=\"staff-front\">\n\t\t\t\t<img decoding=\"async\" src=\"https:\/\/mihealtheurope.org\/wp-content\/uploads\/2025\/05\/CV-photo.jpg\" title=\"Hala Majdoub\" \/>\n\t\t\t\t<h2>Hala Majdoub<\/h2>\n\t\t\t\t<p class=\"position\">Charg\u00e9 de programme Mi-Health Europe<\/p>\t\t\t\t<p class=\"location\">Londres, Royaume-Uni<\/p>\t\t\t<\/div>\n\t\t\t<div class=\"staff-back\">\n\t\t\t\t<h2>Hala Majdoub<\/h2>\n\t\t\t\t<ul class=\"team-social-links\">\n\t\t\t\t<li class=\"staff-website\"><a target=\"_blank\" href=\"mailto:hala@africadvocacy.org\">Web<\/a><\/li>\t\t\t\t\t\t\t\t\t\t\t\t<li class=\"staff-linkedin\"><a target=\"_blank\" href=\"https:\/\/www.linkedin.com\/in\/hala-majdoub-3b769b123\/\">LI<\/a><\/li>\t\t\t\t<\/ul>\n\t\t\t\t<a data-featherlight=\"#4\" href=\"#\" class=\"popup\">plus<\/a>\t\t\t<\/div>\n\t\t\t<div class=\"popup-hide\" id=\"4\">\n\t\t\t<div class=\"profile-flex\">\n\t\t\t<div class=\"profile-image\"><img decoding=\"async\" src=\"https:\/\/mihealtheurope.org\/wp-content\/uploads\/2025\/05\/CV-photo.jpg\" title=\"\" \/><\/div>\n\t\t\t<div class=\"profile-intro\">\n\t\t\t<h2>Hala Majdoub<\/h2>\n\t\t\t<p class=\"location\">Londres, Royaume-Uni<\/p>\t\t\t<p class=\"position\">Charg\u00e9 de programme Mi-Health Europe<\/p>\t\t\t<\/div>\n\t\t\t<\/div>\n\t\t\t<p class=\"profile\"><p>Hala dirige le d\u00e9veloppement de Power BI et soutient les syst\u00e8mes de donn\u00e9es et les outils num\u00e9riques. Son travail se concentre sur la cr\u00e9ation de tableaux de bord interactifs, la rationalisation des processus de donn\u00e9es et la cr\u00e9ation d'informations visuelles pour soutenir le suivi et la prise de d\u00e9cision \u00e9clair\u00e9e. Elle a commenc\u00e9 son parcours en tant que b\u00e9n\u00e9vole en contribuant \u00e0 la traduction de sites web, au r\u00e9f\u00e9rencement et \u00e0 l'accessibilit\u00e9, et s'est progressivement lanc\u00e9e dans l'automatisation avanc\u00e9e d'Excel \u00e0 l'aide de VBA. Avec une formation d'ing\u00e9nieur et un fort engagement pour l'impact communautaire, Hala allie l'expertise technique \u00e0 une passion pour le travail significatif et centr\u00e9 sur les personnes.<\/p>\n<\/p>\n\t\t\t<\/div>\n\t\t<\/div>\n\t<\/li>\n\t<\/ul>\n\n\n\n<div style=\"height:35px\" aria-hidden=\"true\" class=\"wp-block-spacer\"><\/div>\n<\/div><\/div>\n\n\n\n<div class=\"wp-block-group\"><div class=\"wp-block-group__inner-container is-layout-flow wp-block-group-is-layout-flow\">\n<h2 class=\"wp-block-heading\">Bailleurs de fonds<\/h2>\n\n\n\n<p class=\"has-small-font-size translation-block\">Cette initiative a \u00e9t\u00e9 d\u00e9velopp\u00e9e ind\u00e9pendamment par AAF. Mi-Care a \u00e9t\u00e9 rendu possible gr\u00e2ce au parrainage de Gilead Sciences Europe, ViiV Healthcare Europe et Merck Sahrpe &amp; Dohme Europe. Mi-Health a \u00e9t\u00e9 rendu possible gr\u00e2ce au parrainage d'Open Society Foundations. L'AAF tient \u00e0 pr\u00e9ciser que Gilead Sciences Europe, ViiV Healthcare Europe, Merck Sahrpe &amp; Dohme Europe et Open Society Foundations n'ont exerc\u00e9 aucun contr\u00f4le sur la structure ou le contenu des initiatives.<\/p>\n<\/div><\/div>\n\n\n\n<div style=\"height:80px\" aria-hidden=\"true\" class=\"wp-block-spacer\"><\/div>","protected":false},"excerpt":{"rendered":"<p>The Independent Advisory Board Composed of independent experts on policy, migrant health, HIV\/AIDS, capacity building and those with lived experience of irregular migrants, the Migrant Health Advisory Board champions our work across the region. Policy and Research Working Group Composed of experienced researchers, policy advocates and those working at the grassroots level, this group advocates [&hellip;]<\/p>\n","protected":false},"author":1,"featured_media":0,"parent":0,"menu_order":0,"comment_status":"closed","ping_status":"closed","template":"","meta":{"_acf_changed":false,"_uag_custom_page_level_css":"","footnotes":""},"wf_page_folders":[],"class_list":["post-909","page","type-page","status-publish","hentry"],"acf":[],"yoast_head":"<!-- This site is optimized with the Yoast SEO plugin v27.5 - https:\/\/yoast.com\/product\/yoast-seo-wordpress\/ -->\n<title>Migrant Health Advisory Board: Expert Policy and Health Advocacy - Mi-Health Europe<\/title>\n<meta name=\"description\" content=\"Discover our Migrant Health Advisory Board of experts in policy, migrant health, and HIV\/AIDS. They drive our mission to enhance health outcomes across Europe.\" \/>\n<meta name=\"robots\" content=\"index, follow, max-snippet:-1, max-image-preview:large, max-video-preview:-1\" \/>\n<link rel=\"canonical\" href=\"https:\/\/mihealtheurope.org\/fr\/conseil-consultatif-de-la-sante-des-migrants\/\" \/>\n<meta property=\"og:locale\" content=\"fr_FR\" \/>\n<meta property=\"og:type\" content=\"article\" \/>\n<meta property=\"og:title\" content=\"Migrant Health Advisory Board: Expert Policy and Health Advocacy - Mi-Health Europe\" \/>\n<meta property=\"og:description\" content=\"Discover our Migrant Health Advisory Board of experts in policy, migrant health, and HIV\/AIDS. They drive our mission to enhance health outcomes across Europe.\" \/>\n<meta property=\"og:url\" content=\"https:\/\/mihealtheurope.org\/fr\/conseil-consultatif-de-la-sante-des-migrants\/\" \/>\n<meta property=\"og:site_name\" content=\"Mi-Health Europe\" \/>\n<meta property=\"article:publisher\" content=\"https:\/\/www.facebook.com\/MiHealthAAF\" \/>\n<meta property=\"article:modified_time\" content=\"2025-07-31T09:42:25+00:00\" \/>\n<meta name=\"twitter:card\" content=\"summary_large_image\" \/>\n<meta name=\"twitter:site\" content=\"@MiHealth_Europe\" \/>\n<meta name=\"twitter:label1\" content=\"Dur\u00e9e de lecture estim\u00e9e\" \/>\n\t<meta name=\"twitter:data1\" content=\"2 minutes\" \/>\n<script type=\"application\/ld+json\" class=\"yoast-schema-graph\">{\"@context\":\"https:\\\/\\\/schema.org\",\"@graph\":[{\"@type\":\"WebPage\",\"@id\":\"https:\\\/\\\/mihealtheurope.org\\\/migrant-health-advisory-board\\\/\",\"url\":\"https:\\\/\\\/mihealtheurope.org\\\/migrant-health-advisory-board\\\/\",\"name\":\"Migrant Health Advisory Board: Expert Policy and Health Advocacy - Mi-Health Europe\",\"isPartOf\":{\"@id\":\"https:\\\/\\\/mihealtheurope.org\\\/#website\"},\"datePublished\":\"2022-05-23T06:44:35+00:00\",\"dateModified\":\"2025-07-31T09:42:25+00:00\",\"description\":\"Discover our Migrant Health Advisory Board of experts in policy, migrant health, and HIV\\\/AIDS. They drive our mission to enhance health outcomes across Europe.\",\"breadcrumb\":{\"@id\":\"https:\\\/\\\/mihealtheurope.org\\\/migrant-health-advisory-board\\\/#breadcrumb\"},\"inLanguage\":\"fr-FR\",\"potentialAction\":[{\"@type\":\"ReadAction\",\"target\":[\"https:\\\/\\\/mihealtheurope.org\\\/migrant-health-advisory-board\\\/\"]}]},{\"@type\":\"BreadcrumbList\",\"@id\":\"https:\\\/\\\/mihealtheurope.org\\\/migrant-health-advisory-board\\\/#breadcrumb\",\"itemListElement\":[{\"@type\":\"ListItem\",\"position\":1,\"name\":\"Home\",\"item\":\"https:\\\/\\\/mihealtheurope.org\\\/\"},{\"@type\":\"ListItem\",\"position\":2,\"name\":\"Who We Are\"}]},{\"@type\":\"WebSite\",\"@id\":\"https:\\\/\\\/mihealtheurope.org\\\/#website\",\"url\":\"https:\\\/\\\/mihealtheurope.org\\\/\",\"name\":\"https:\\\/\\\/mihealtheurope.org\\\/\",\"description\":\"Improving migrant health\",\"publisher\":{\"@id\":\"https:\\\/\\\/mihealtheurope.org\\\/#organization\"},\"potentialAction\":[{\"@type\":\"SearchAction\",\"target\":{\"@type\":\"EntryPoint\",\"urlTemplate\":\"https:\\\/\\\/mihealtheurope.org\\\/?s={search_term_string}\"},\"query-input\":{\"@type\":\"PropertyValueSpecification\",\"valueRequired\":true,\"valueName\":\"search_term_string\"}}],\"inLanguage\":\"fr-FR\"},{\"@type\":\"Organization\",\"@id\":\"https:\\\/\\\/mihealtheurope.org\\\/#organization\",\"name\":\"Mi-Health Europe\",\"url\":\"https:\\\/\\\/mihealtheurope.org\\\/\",\"logo\":{\"@type\":\"ImageObject\",\"inLanguage\":\"fr-FR\",\"@id\":\"https:\\\/\\\/mihealtheurope.org\\\/#\\\/schema\\\/logo\\\/image\\\/\",\"url\":\"https:\\\/\\\/mihealtheurope.org\\\/wp-content\\\/uploads\\\/2024\\\/04\\\/MiHealth_Blue-High-Res.png\",\"contentUrl\":\"https:\\\/\\\/mihealtheurope.org\\\/wp-content\\\/uploads\\\/2024\\\/04\\\/MiHealth_Blue-High-Res.png\",\"width\":1536,\"height\":1489,\"caption\":\"Mi-Health Europe\"},\"image\":{\"@id\":\"https:\\\/\\\/mihealtheurope.org\\\/#\\\/schema\\\/logo\\\/image\\\/\"},\"sameAs\":[\"https:\\\/\\\/www.facebook.com\\\/MiHealthAAF\",\"https:\\\/\\\/x.com\\\/MiHealth_Europe\",\"https:\\\/\\\/www.instagram.com\\\/mi_health_advocacy\\\/\"]}]}<\/script>\n<!-- \/ Yoast SEO plugin. -->","yoast_head_json":{"title":"Conseil consultatif sur la sant\u00e9 des migrants : Expert en politique et d\u00e9fense de la sant\u00e9 - Mi-Health Europe","description":"D\u00e9couvrez notre comit\u00e9 consultatif sur la sant\u00e9 des migrants, compos\u00e9 d'experts en politique, en sant\u00e9 des migrants et en VIH\/sida. Ils sont le moteur de notre mission qui consiste \u00e0 am\u00e9liorer les r\u00e9sultats en mati\u00e8re de sant\u00e9 dans toute l'Europe.","robots":{"index":"index","follow":"follow","max-snippet":"max-snippet:-1","max-image-preview":"max-image-preview:large","max-video-preview":"max-video-preview:-1"},"canonical":"https:\/\/mihealtheurope.org\/fr\/conseil-consultatif-de-la-sante-des-migrants\/","og_locale":"fr_FR","og_type":"article","og_title":"Migrant Health Advisory Board: Expert Policy and Health Advocacy - Mi-Health Europe","og_description":"Discover our Migrant Health Advisory Board of experts in policy, migrant health, and HIV\/AIDS. They drive our mission to enhance health outcomes across Europe.","og_url":"https:\/\/mihealtheurope.org\/fr\/conseil-consultatif-de-la-sante-des-migrants\/","og_site_name":"Mi-Health Europe","article_publisher":"https:\/\/www.facebook.com\/MiHealthAAF","article_modified_time":"2025-07-31T09:42:25+00:00","twitter_card":"summary_large_image","twitter_site":"@MiHealth_Europe","twitter_misc":{"Dur\u00e9e de lecture estim\u00e9e":"2 minutes"},"schema":{"@context":"https:\/\/schema.org","@graph":[{"@type":"WebPage","@id":"https:\/\/mihealtheurope.org\/migrant-health-advisory-board\/","url":"https:\/\/mihealtheurope.org\/migrant-health-advisory-board\/","name":"Conseil consultatif sur la sant\u00e9 des migrants : Expert en politique et d\u00e9fense de la sant\u00e9 - Mi-Health Europe","isPartOf":{"@id":"https:\/\/mihealtheurope.org\/#website"},"datePublished":"2022-05-23T06:44:35+00:00","dateModified":"2025-07-31T09:42:25+00:00","description":"D\u00e9couvrez notre comit\u00e9 consultatif sur la sant\u00e9 des migrants, compos\u00e9 d'experts en politique, en sant\u00e9 des migrants et en VIH\/sida. Ils sont le moteur de notre mission qui consiste \u00e0 am\u00e9liorer les r\u00e9sultats en mati\u00e8re de sant\u00e9 dans toute l'Europe.","breadcrumb":{"@id":"https:\/\/mihealtheurope.org\/migrant-health-advisory-board\/#breadcrumb"},"inLanguage":"fr-FR","potentialAction":[{"@type":"ReadAction","target":["https:\/\/mihealtheurope.org\/migrant-health-advisory-board\/"]}]},{"@type":"BreadcrumbList","@id":"https:\/\/mihealtheurope.org\/migrant-health-advisory-board\/#breadcrumb","itemListElement":[{"@type":"ListItem","position":1,"name":"Home","item":"https:\/\/mihealtheurope.org\/"},{"@type":"ListItem","position":2,"name":"Who We Are"}]},{"@type":"WebSite","@id":"https:\/\/mihealtheurope.org\/#website","url":"https:\/\/mihealtheurope.org\/","name":"https:\/\/mihealtheurope.org\/","description":"Am\u00e9liorer la sant\u00e9 des migrants","publisher":{"@id":"https:\/\/mihealtheurope.org\/#organization"},"potentialAction":[{"@type":"SearchAction","target":{"@type":"EntryPoint","urlTemplate":"https:\/\/mihealtheurope.org\/?s={search_term_string}"},"query-input":{"@type":"PropertyValueSpecification","valueRequired":true,"valueName":"search_term_string"}}],"inLanguage":"fr-FR"},{"@type":"Organization","@id":"https:\/\/mihealtheurope.org\/#organization","name":"Mi-Health Europe","url":"https:\/\/mihealtheurope.org\/","logo":{"@type":"ImageObject","inLanguage":"fr-FR","@id":"https:\/\/mihealtheurope.org\/#\/schema\/logo\/image\/","url":"https:\/\/mihealtheurope.org\/wp-content\/uploads\/2024\/04\/MiHealth_Blue-High-Res.png","contentUrl":"https:\/\/mihealtheurope.org\/wp-content\/uploads\/2024\/04\/MiHealth_Blue-High-Res.png","width":1536,"height":1489,"caption":"Mi-Health Europe"},"image":{"@id":"https:\/\/mihealtheurope.org\/#\/schema\/logo\/image\/"},"sameAs":["https:\/\/www.facebook.com\/MiHealthAAF","https:\/\/x.com\/MiHealth_Europe","https:\/\/www.instagram.com\/mi_health_advocacy\/"]}]}},"uagb_featured_image_src":{"full":false,"thumbnail":false,"medium":false,"medium_large":false,"large":false,"1536x1536":false,"2048x2048":false,"trp-custom-language-flag":false,"blog-img":false,"gform-image-choice-sm":false,"gform-image-choice-md":false,"gform-image-choice-lg":false},"uagb_author_info":{"display_name":"MIHealthUsr","author_link":"https:\/\/mihealtheurope.org\/fr\/author\/mihealthusr\/"},"uagb_comment_info":0,"uagb_excerpt":"The Independent Advisory Board Composed of independent experts on policy, migrant health, HIV\/AIDS, capacity building and those with lived experience of irregular migrants, the Migrant Health Advisory Board champions our work across the region. Policy and Research Working Group Composed of experienced researchers, policy advocates and those working at the grassroots level, this group advocates\u2026","_links":{"self":[{"href":"https:\/\/mihealtheurope.org\/fr\/wp-json\/wp\/v2\/pages\/909","targetHints":{"allow":["GET"]}}],"collection":[{"href":"https:\/\/mihealtheurope.org\/fr\/wp-json\/wp\/v2\/pages"}],"about":[{"href":"https:\/\/mihealtheurope.org\/fr\/wp-json\/wp\/v2\/types\/page"}],"author":[{"embeddable":true,"href":"https:\/\/mihealtheurope.org\/fr\/wp-json\/wp\/v2\/users\/1"}],"replies":[{"embeddable":true,"href":"https:\/\/mihealtheurope.org\/fr\/wp-json\/wp\/v2\/comments?post=909"}],"version-history":[{"count":53,"href":"https:\/\/mihealtheurope.org\/fr\/wp-json\/wp\/v2\/pages\/909\/revisions"}],"predecessor-version":[{"id":2653,"href":"https:\/\/mihealtheurope.org\/fr\/wp-json\/wp\/v2\/pages\/909\/revisions\/2653"}],"wp:attachment":[{"href":"https:\/\/mihealtheurope.org\/fr\/wp-json\/wp\/v2\/media?parent=909"}],"wp:term":[{"taxonomy":"wf_page_folders","embeddable":true,"href":"https:\/\/mihealtheurope.org\/fr\/wp-json\/wp\/v2\/wf_page_folders?post=909"}],"curies":[{"name":"wp","href":"https:\/\/api.w.org\/{rel}","templated":true}]}}