{"id":2296,"date":"2024-06-28T16:07:47","date_gmt":"2024-06-28T15:07:47","guid":{"rendered":"https:\/\/mihealtheurope.org\/?page_id=2296"},"modified":"2025-03-07T12:50:55","modified_gmt":"2025-03-07T12:50:55","slug":"contacts","status":"publish","type":"page","link":"https:\/\/mihealtheurope.org\/fr\/mi-care-training-programme\/contacts\/","title":{"rendered":"Contacts"},"content":{"rendered":"<p>Dans cette section, vous trouverez une liste d'experts disponibles pour des demandes de renseignements, des formations et des \u00e9changes de connaissances. Chaque entr\u00e9e comprend le nom de l'expert, sa profession, ses domaines d'expertise et son adresse \u00e9lectronique. Ces professionnels sont pr\u00eats \u00e0 r\u00e9pondre \u00e0 vos questions et \u00e0 soutenir vos initiatives gr\u00e2ce \u00e0 leurs connaissances sp\u00e9cialis\u00e9es et \u00e0 leur exp\u00e9rience.<\/p>\n\n\n\n<div style=\"height:50px\" aria-hidden=\"true\" class=\"wp-block-spacer\"><\/div>\n\n\n\n<div class=\"wp-block-group\"><div class=\"wp-block-group__inner-container is-layout-flow wp-block-group-is-layout-flow\">\n<h1 class=\"wp-block-heading\">Contacts<\/h1>\n\n\n\n<figure class=\"wp-block-table is-style-stripes\"><table class=\"has-fixed-layout\"><tbody><tr><td><strong>Nom<\/strong><\/td><td><strong>R\u00f4le\/<br>Organisation<\/strong><\/td><td><strong>Domaine d'expertise<\/strong><\/td><td><strong>Contact<\/strong><\/td><\/tr><tr><td>Teymur Noori<\/td><td>Sp\u00e9cialiste de la sant\u00e9 publique et expert en VIH \u00e0 l'ECDC<\/td><td>Donn\u00e9es sur le VIH et les migrations en Europe<\/td><td>teymur.noori@ecdc.europa.eu<\/td><\/tr><tr><td>Simon Collins<\/td><td>D\u00e9fenseur du traitement du VIH, r\u00e9dacteur en chef, directeur de projet \u00e0 i-Base.info<\/td><td>S\u00e9ance ouverte de questions-r\u00e9ponses sur les soins personnels<br>Recherche sur le VIH, Activisme communautaire, Science du VIH et des traitements, Strat\u00e9gies de pr\u00e9vention comme la PrEP et l'U=U, Directives de traitement<\/td><td>simon.collins@i-base.org.uk<\/td><\/tr><tr><td>Dr. Vanessa Apea<\/td><td>M\u00e9decin consultant en sant\u00e9 sexuelle et en m\u00e9decine du VIH au Barts Health NHS Trust et chercheur doctorant en \u00e9quit\u00e9 en mati\u00e8re de sant\u00e9 \u00e0 la Queen Mary University of London<\/td><td>VIH<br>Sant\u00e9 sexuelle<br>Sant\u00e9 sexuelle et reproductive<br>\u00c9quit\u00e9 en mati\u00e8re de sant\u00e9<br>Engagement communautaire<br>Science de la mise en \u0153uvre<br>Recherche participative communautaire<br>Sant\u00e9 des migrants&nbsp;<br>Innovation dans le domaine de la sant\u00e9 num\u00e9rique&nbsp;<br>Femtech<\/td><td>v.apea@nhs.net<\/td><\/tr><tr><td>Christiana N\u00f6stlinger<\/td><td>Chercheur principal en sciences sociales \u00e0 l'Institut de m\u00e9decine tropicale, d\u00e9partement de sant\u00e9 publique \u00e0 Anvers, Belgique<\/td><td>Recherche participative, m\u00e9thodes qualitatives, migrants et VIH, qualit\u00e9 de vie, acc\u00e8s \u00e0 la PrEP<\/td><td>noestlinger@gmail.com<\/td><\/tr><tr><td>Bornice Biomndo, Dr. rer. medic<\/td><td>Promotion de la sant\u00e9 (VIH, h\u00e9patite, consommation de drogues \u00e0 moindre risque) et coordination des soins \u00e0 l'h\u00f4pital.<br>Fixpunkt e.V ; <br>Chercheur en sant\u00e9 publique \u00e0 l'Institut de sant\u00e9 internationale, Centre Charit\u00e9 pour la sant\u00e9 mondiale, dans le cadre du projet Migration et sant\u00e9 (MIGRAH) ; <br>\u00c9valuation scientifique et assurance de la qualit\u00e9 au point de contr\u00f4le BLN<\/td><td>Sant\u00e9 publique, \u00e9pid\u00e9miologie, syst\u00e8mes de sant\u00e9, VIH, h\u00e9patites, IST, violence entre partenaires intimes, sant\u00e9 des migrants, sant\u00e9 des LGBTQIA*, consommation de drogues (consommation de drogues lors de f\u00eates plus s\u00fbres et r\u00e9duction des risques)<\/td><td>bbc_j@yahoo.co.uk<\/td><\/tr><tr><td>Dr. Harvey Kennedy-Pitt<\/td><td>Directeur et consultant principal chez unstukk<\/td><td>Mise en \u0153uvre et \u00e9valuation de strat\u00e9gies, recherche fond\u00e9e sur des donn\u00e9es probantes, renforcement des capacit\u00e9s, d\u00e9veloppement de la richesse sociale, engagement communautaire, justice sociale, conception de programmes de sant\u00e9 et de bien-\u00eatre, facilitation de l'\u00e9ducation et de la formation, coaching et mentorat de cadres. <\/td><td>harvey@unstukk.co.uk<\/td><\/tr><tr><td>Dr. Gary Jones<\/td><td>Pr\u00e9c\u00e9demment Conseiller principal \u00e0 l'ONUSIDA, Mentor de cohorte \u00e0 l'Universit\u00e9 James Cook <\/td><td>Services de sant\u00e9 complets, y compris la conceptualisation, la conception, la mise en \u0153uvre et l'\u00e9valuation, couvrant le VIH, les IST et la sant\u00e9 sexuelle\/reproductive pour les populations migrantes ; renforcement des capacit\u00e9s \u00e0 l'aide de bo\u00eetes \u00e0 outils et de lignes directrices ; organisation d'\u00e9v\u00e9nements et formation ; strat\u00e9gies de plaidoyer et de communication ; \u00e9valuations de la sant\u00e9 des migrants et \u00e9laboration de politiques ; pr\u00e9paration et r\u00e9ponse humanitaires ; et m\u00e9thodologies de recherche.<\/td><td>garyjonesconsultancies24@gmail.com <\/td><\/tr><tr><td>Juddy Otti<\/td><td>Responsable des services VIH \u00e0 l'Africa Advocacy Foundation, responsable du projet GROWS au Sophia Forum<\/td><td>Services li\u00e9s au VIH, travail communautaire, pr\u00e9vention du VIH (y compris PrEP)<\/td><td>juddy@africadvocacy.com<\/td><\/tr><tr><td>Yusef Azad<\/td><td><\/td><td>la politique de sant\u00e9 des migrants<\/td><td>yusefazad@gmail.com<\/td><\/tr><tr><td>PICUM<\/td><td>R\u00e9seau d'organisations travaillant<br>garantir la justice sociale<br>et les droits de l'homme pour les sans-papiers<\/td><td>Criminalisation de la migration et de la solidarit\u00e9<br>Enfants, familles et jeunes,<br>D\u00e9tention et expulsions,<br>Technologies num\u00e9riques,<br>L'\u00e9galit\u00e9 entre les hommes et les femmes,<br>La sant\u00e9,<br>Logement et lutte contre la pauvret\u00e9,<br>Justice et maintien de l'ordre,<br>R\u00e9gularisation,<br>Travail.<\/td><td>info@picum.org<br><a href=\"https:\/\/picum.org\/about-us\/\">https:\/\/picum.org\/about-us\/<\/a><\/td><\/tr><tr><td>Prof. Jeffrey V Lazarus<\/td><td>Institut de Barcelone pour la sant\u00e9 mondiale (ISGlobal)<br>Hospital Cl\u00ednic - Universidad de Barcelona, Espagne<br>&nbsp;<br>\u00c9cole sup\u00e9rieure de sant\u00e9 publique et de politique de sant\u00e9 de CUNY (CUNY SPH)<\/td><td>Maladie h\u00e9patique st\u00e9atosique associ\u00e9e au m\u00e9tabolisme (MASLD) et st\u00e9atoh\u00e9patite associ\u00e9e au m\u00e9tabolisme (MASH)<\/td><td>jeffrey.lazarus@isglobal.org<\/td><\/tr><\/tbody><\/table><\/figure>\n<\/div><\/div>","protected":false},"excerpt":{"rendered":"<p>In this contact section, you will find a list of experts available for inquiries, training facilitation, and knowledge exchanges. Each entry includes the expert&#8217;s name, profession, areas of expertise, and email address. These professionals are ready to assist with related questions and support your initiatives through their specialized knowledge and experience. Contacts Name Role\/Organisation Area [&hellip;]<\/p>\n","protected":false},"author":29,"featured_media":0,"parent":1034,"menu_order":0,"comment_status":"closed","ping_status":"closed","template":"course-page.php","meta":{"_acf_changed":false,"_uag_custom_page_level_css":"","footnotes":"[]"},"wf_page_folders":[],"class_list":["post-2296","page","type-page","status-publish","hentry"],"acf":[],"yoast_head":"<!-- This site is optimized with the Yoast SEO plugin v27.4 - https:\/\/yoast.com\/product\/yoast-seo-wordpress\/ -->\n<title>Policy on Migration and Health: HIV and Healthcare Topics - Mi-Health Europe<\/title>\n<meta name=\"description\" content=\"Discover Week 3 of Mi-Care Training on migration and health policy, focusing on HIV and healthcare access in the EU.\" \/>\n<meta name=\"robots\" content=\"index, follow, max-snippet:-1, max-image-preview:large, max-video-preview:-1\" \/>\n<link rel=\"canonical\" href=\"https:\/\/mihealtheurope.org\/fr\/programme-de-formation-aux-soins-intensifs\/contacts\/\" \/>\n<meta property=\"og:locale\" content=\"fr_FR\" \/>\n<meta property=\"og:type\" content=\"article\" \/>\n<meta property=\"og:title\" content=\"Policy on Migration and Health: HIV and Healthcare Topics - Mi-Health Europe\" \/>\n<meta property=\"og:description\" content=\"Discover Week 3 of Mi-Care Training on migration and health policy, focusing on HIV and healthcare access in the EU.\" \/>\n<meta property=\"og:url\" content=\"https:\/\/mihealtheurope.org\/fr\/programme-de-formation-aux-soins-intensifs\/contacts\/\" \/>\n<meta property=\"og:site_name\" content=\"Mi-Health Europe\" \/>\n<meta property=\"article:publisher\" content=\"https:\/\/www.facebook.com\/MiHealthAAF\" \/>\n<meta property=\"article:modified_time\" content=\"2025-03-07T12:50:55+00:00\" \/>\n<meta name=\"twitter:card\" content=\"summary_large_image\" \/>\n<meta name=\"twitter:site\" content=\"@MiHealth_Europe\" \/>\n<meta name=\"twitter:label1\" content=\"Dur\u00e9e de lecture estim\u00e9e\" \/>\n\t<meta name=\"twitter:data1\" content=\"3 minutes\" \/>\n<script type=\"application\/ld+json\" class=\"yoast-schema-graph\">{\"@context\":\"https:\\\/\\\/schema.org\",\"@graph\":[{\"@type\":\"WebPage\",\"@id\":\"https:\\\/\\\/mihealtheurope.org\\\/mi-care-training-programme\\\/contacts\\\/\",\"url\":\"https:\\\/\\\/mihealtheurope.org\\\/mi-care-training-programme\\\/contacts\\\/\",\"name\":\"Policy on Migration and Health: HIV and Healthcare Topics - Mi-Health Europe\",\"isPartOf\":{\"@id\":\"https:\\\/\\\/mihealtheurope.org\\\/#website\"},\"datePublished\":\"2024-06-28T15:07:47+00:00\",\"dateModified\":\"2025-03-07T12:50:55+00:00\",\"description\":\"Discover Week 3 of Mi-Care Training on migration and health policy, focusing on HIV and healthcare access in the EU.\",\"breadcrumb\":{\"@id\":\"https:\\\/\\\/mihealtheurope.org\\\/mi-care-training-programme\\\/contacts\\\/#breadcrumb\"},\"inLanguage\":\"fr-FR\",\"potentialAction\":[{\"@type\":\"ReadAction\",\"target\":[\"https:\\\/\\\/mihealtheurope.org\\\/mi-care-training-programme\\\/contacts\\\/\"]}]},{\"@type\":\"BreadcrumbList\",\"@id\":\"https:\\\/\\\/mihealtheurope.org\\\/mi-care-training-programme\\\/contacts\\\/#breadcrumb\",\"itemListElement\":[{\"@type\":\"ListItem\",\"position\":1,\"name\":\"Home\",\"item\":\"https:\\\/\\\/mihealtheurope.org\\\/\"},{\"@type\":\"ListItem\",\"position\":2,\"name\":\"Welcome to MI Care\",\"item\":\"https:\\\/\\\/mihealtheurope.org\\\/mi-care-training-programme\\\/\"},{\"@type\":\"ListItem\",\"position\":3,\"name\":\"Contacts\"}]},{\"@type\":\"WebSite\",\"@id\":\"https:\\\/\\\/mihealtheurope.org\\\/#website\",\"url\":\"https:\\\/\\\/mihealtheurope.org\\\/\",\"name\":\"https:\\\/\\\/mihealtheurope.org\\\/\",\"description\":\"Improving migrant health\",\"publisher\":{\"@id\":\"https:\\\/\\\/mihealtheurope.org\\\/#organization\"},\"potentialAction\":[{\"@type\":\"SearchAction\",\"target\":{\"@type\":\"EntryPoint\",\"urlTemplate\":\"https:\\\/\\\/mihealtheurope.org\\\/?s={search_term_string}\"},\"query-input\":{\"@type\":\"PropertyValueSpecification\",\"valueRequired\":true,\"valueName\":\"search_term_string\"}}],\"inLanguage\":\"fr-FR\"},{\"@type\":\"Organization\",\"@id\":\"https:\\\/\\\/mihealtheurope.org\\\/#organization\",\"name\":\"Mi-Health Europe\",\"url\":\"https:\\\/\\\/mihealtheurope.org\\\/\",\"logo\":{\"@type\":\"ImageObject\",\"inLanguage\":\"fr-FR\",\"@id\":\"https:\\\/\\\/mihealtheurope.org\\\/#\\\/schema\\\/logo\\\/image\\\/\",\"url\":\"https:\\\/\\\/mihealtheurope.org\\\/wp-content\\\/uploads\\\/2024\\\/04\\\/MiHealth_Blue-High-Res.png\",\"contentUrl\":\"https:\\\/\\\/mihealtheurope.org\\\/wp-content\\\/uploads\\\/2024\\\/04\\\/MiHealth_Blue-High-Res.png\",\"width\":1536,\"height\":1489,\"caption\":\"Mi-Health Europe\"},\"image\":{\"@id\":\"https:\\\/\\\/mihealtheurope.org\\\/#\\\/schema\\\/logo\\\/image\\\/\"},\"sameAs\":[\"https:\\\/\\\/www.facebook.com\\\/MiHealthAAF\",\"https:\\\/\\\/x.com\\\/MiHealth_Europe\",\"https:\\\/\\\/www.instagram.com\\\/mi_health_advocacy\\\/\"]}]}<\/script>\n<!-- \/ Yoast SEO plugin. -->","yoast_head_json":{"title":"Politique en mati\u00e8re de migration et de sant\u00e9 : VIH et soins de sant\u00e9 - Mi-Health Europe","description":"D\u00e9couvrez la semaine 3 de la formation Mi-Care sur la migration et la politique de sant\u00e9, ax\u00e9e sur le VIH et l'acc\u00e8s aux soins de sant\u00e9 dans l'UE.","robots":{"index":"index","follow":"follow","max-snippet":"max-snippet:-1","max-image-preview":"max-image-preview:large","max-video-preview":"max-video-preview:-1"},"canonical":"https:\/\/mihealtheurope.org\/fr\/programme-de-formation-aux-soins-intensifs\/contacts\/","og_locale":"fr_FR","og_type":"article","og_title":"Policy on Migration and Health: HIV and Healthcare Topics - Mi-Health Europe","og_description":"Discover Week 3 of Mi-Care Training on migration and health policy, focusing on HIV and healthcare access in the EU.","og_url":"https:\/\/mihealtheurope.org\/fr\/programme-de-formation-aux-soins-intensifs\/contacts\/","og_site_name":"Mi-Health Europe","article_publisher":"https:\/\/www.facebook.com\/MiHealthAAF","article_modified_time":"2025-03-07T12:50:55+00:00","twitter_card":"summary_large_image","twitter_site":"@MiHealth_Europe","twitter_misc":{"Dur\u00e9e de lecture estim\u00e9e":"3 minutes"},"schema":{"@context":"https:\/\/schema.org","@graph":[{"@type":"WebPage","@id":"https:\/\/mihealtheurope.org\/mi-care-training-programme\/contacts\/","url":"https:\/\/mihealtheurope.org\/mi-care-training-programme\/contacts\/","name":"Politique en mati\u00e8re de migration et de sant\u00e9 : VIH et soins de sant\u00e9 - Mi-Health Europe","isPartOf":{"@id":"https:\/\/mihealtheurope.org\/#website"},"datePublished":"2024-06-28T15:07:47+00:00","dateModified":"2025-03-07T12:50:55+00:00","description":"D\u00e9couvrez la semaine 3 de la formation Mi-Care sur la migration et la politique de sant\u00e9, ax\u00e9e sur le VIH et l'acc\u00e8s aux soins de sant\u00e9 dans l'UE.","breadcrumb":{"@id":"https:\/\/mihealtheurope.org\/mi-care-training-programme\/contacts\/#breadcrumb"},"inLanguage":"fr-FR","potentialAction":[{"@type":"ReadAction","target":["https:\/\/mihealtheurope.org\/mi-care-training-programme\/contacts\/"]}]},{"@type":"BreadcrumbList","@id":"https:\/\/mihealtheurope.org\/mi-care-training-programme\/contacts\/#breadcrumb","itemListElement":[{"@type":"ListItem","position":1,"name":"Home","item":"https:\/\/mihealtheurope.org\/"},{"@type":"ListItem","position":2,"name":"Welcome to MI Care","item":"https:\/\/mihealtheurope.org\/mi-care-training-programme\/"},{"@type":"ListItem","position":3,"name":"Contacts"}]},{"@type":"WebSite","@id":"https:\/\/mihealtheurope.org\/#website","url":"https:\/\/mihealtheurope.org\/","name":"https:\/\/mihealtheurope.org\/","description":"Am\u00e9liorer la sant\u00e9 des migrants","publisher":{"@id":"https:\/\/mihealtheurope.org\/#organization"},"potentialAction":[{"@type":"SearchAction","target":{"@type":"EntryPoint","urlTemplate":"https:\/\/mihealtheurope.org\/?s={search_term_string}"},"query-input":{"@type":"PropertyValueSpecification","valueRequired":true,"valueName":"search_term_string"}}],"inLanguage":"fr-FR"},{"@type":"Organization","@id":"https:\/\/mihealtheurope.org\/#organization","name":"Mi-Health Europe","url":"https:\/\/mihealtheurope.org\/","logo":{"@type":"ImageObject","inLanguage":"fr-FR","@id":"https:\/\/mihealtheurope.org\/#\/schema\/logo\/image\/","url":"https:\/\/mihealtheurope.org\/wp-content\/uploads\/2024\/04\/MiHealth_Blue-High-Res.png","contentUrl":"https:\/\/mihealtheurope.org\/wp-content\/uploads\/2024\/04\/MiHealth_Blue-High-Res.png","width":1536,"height":1489,"caption":"Mi-Health Europe"},"image":{"@id":"https:\/\/mihealtheurope.org\/#\/schema\/logo\/image\/"},"sameAs":["https:\/\/www.facebook.com\/MiHealthAAF","https:\/\/x.com\/MiHealth_Europe","https:\/\/www.instagram.com\/mi_health_advocacy\/"]}]}},"uagb_featured_image_src":{"full":false,"thumbnail":false,"medium":false,"medium_large":false,"large":false,"1536x1536":false,"2048x2048":false,"trp-custom-language-flag":false,"blog-img":false,"gform-image-choice-sm":false,"gform-image-choice-md":false,"gform-image-choice-lg":false},"uagb_author_info":{"display_name":"HalaMI","author_link":"https:\/\/mihealtheurope.org\/fr\/author\/halami\/"},"uagb_comment_info":0,"uagb_excerpt":"In this contact section, you will find a list of experts available for inquiries, training facilitation, and knowledge exchanges. Each entry includes the expert&#8217;s name, profession, areas of expertise, and email address. These professionals are ready to assist with related questions and support your initiatives through their specialized knowledge and experience. Contacts Name Role\/Organisation Area\u2026","_links":{"self":[{"href":"https:\/\/mihealtheurope.org\/fr\/wp-json\/wp\/v2\/pages\/2296","targetHints":{"allow":["GET"]}}],"collection":[{"href":"https:\/\/mihealtheurope.org\/fr\/wp-json\/wp\/v2\/pages"}],"about":[{"href":"https:\/\/mihealtheurope.org\/fr\/wp-json\/wp\/v2\/types\/page"}],"author":[{"embeddable":true,"href":"https:\/\/mihealtheurope.org\/fr\/wp-json\/wp\/v2\/users\/29"}],"replies":[{"embeddable":true,"href":"https:\/\/mihealtheurope.org\/fr\/wp-json\/wp\/v2\/comments?post=2296"}],"version-history":[{"count":8,"href":"https:\/\/mihealtheurope.org\/fr\/wp-json\/wp\/v2\/pages\/2296\/revisions"}],"predecessor-version":[{"id":2381,"href":"https:\/\/mihealtheurope.org\/fr\/wp-json\/wp\/v2\/pages\/2296\/revisions\/2381"}],"up":[{"embeddable":true,"href":"https:\/\/mihealtheurope.org\/fr\/wp-json\/wp\/v2\/pages\/1034"}],"wp:attachment":[{"href":"https:\/\/mihealtheurope.org\/fr\/wp-json\/wp\/v2\/media?parent=2296"}],"wp:term":[{"taxonomy":"wf_page_folders","embeddable":true,"href":"https:\/\/mihealtheurope.org\/fr\/wp-json\/wp\/v2\/wf_page_folders?post=2296"}],"curies":[{"name":"wp","href":"https:\/\/api.w.org\/{rel}","templated":true}]}}