{"id":2294,"date":"2024-06-28T16:06:38","date_gmt":"2024-06-28T15:06:38","guid":{"rendered":"https:\/\/mihealtheurope.org\/?page_id=2294"},"modified":"2025-03-07T12:49:58","modified_gmt":"2025-03-07T12:49:58","slug":"defense-des-droits","status":"publish","type":"page","link":"https:\/\/mihealtheurope.org\/fr\/mi-care-training-programme\/advocacy\/","title":{"rendered":"D\u00e9fense des int\u00e9r\u00eats"},"content":{"rendered":"<div style=\"height:50px\" aria-hidden=\"true\" class=\"wp-block-spacer\"><\/div>\n\n\n\n<div class=\"wp-block-group\"><div class=\"wp-block-group__inner-container is-layout-flow wp-block-group-is-layout-flow\">\n<h1 class=\"wp-block-heading\">D\u00e9fense des int\u00e9r\u00eats<\/h1>\n\n\n\n<p>Ce PowerPoint, pr\u00e9sent\u00e9 par D\u00e1zon Dixon Diallo, fondateur de <a href=\"https:\/\/www.sisterlove.org\/about-us\">SisterLove, Inc.<\/a>Ce manuel vous guidera dans l'int\u00e9gration des cadres des droits de l'homme et de la justice dans le plaidoyer pour la sant\u00e9 sexuelle et reproductive, en mettant l'accent sur le VIH. Il met l'accent sur l'intersection entre le VIH et la sant\u00e9 g\u00e9n\u00e9sique, en particulier \u00e0 travers les exp\u00e9riences des femmes. La pr\u00e9sentation vous montre comment \u00e9laborer des strat\u00e9gies efficaces de sensibilisation et d'information, en particulier pour les principales populations migrantes. Elle montre qu'il est possible de changer les choses \u00e0 plusieurs niveaux, m\u00eame avec des ressources limit\u00e9es.<\/p>\n\n\n\n<div data-wp-interactive=\"core\/file\" class=\"wp-block-file\"><object data-wp-bind--hidden=\"!state.hasPdfPreview\" hidden class=\"wp-block-file__embed\" data=\"https:\/\/mihealtheurope.org\/wp-content\/uploads\/2024\/08\/Mi-Care-Presentation-Session-5-16.05.2024.pdf\" type=\"application\/pdf\" style=\"width:100%;height:600px\" aria-label=\"Contenu embarqu&eacute; Empowering Social&lt;br&gt;Le changement par&lt;br&gt;Plaidoyer d&#039;un&lt;br&gt;Droits de l&#039;homme et&lt;br&gt;Justice Framework.\"><\/object><a id=\"wp-block-file--media-c0c4f4e9-797b-4b7e-8543-eec546f497d9\" href=\"https:\/\/mihealtheurope.org\/wp-content\/uploads\/2024\/08\/Mi-Care-Presentation-Session-5-16.05.2024.pdf\">Renforcer la dimension sociale<br>Le changement par<br>Plaidoyer d'un<br>Droits de l'homme et<br>Cadre de la justice<\/a><a href=\"https:\/\/mihealtheurope.org\/wp-content\/uploads\/2024\/08\/Mi-Care-Presentation-Session-5-16.05.2024.pdf\" class=\"wp-block-file__button wp-element-button\" download aria-describedby=\"wp-block-file--media-c0c4f4e9-797b-4b7e-8543-eec546f497d9\">T\u00e9l\u00e9charger<\/a><\/div>\n\n\n\n<div style=\"height:50px\" aria-hidden=\"true\" class=\"wp-block-spacer\"><\/div>\n<\/div><\/div>","protected":false},"excerpt":{"rendered":"<p>Advocacy This PowerPoint, presented by D\u00e1zon Dixon Diallo, Founder of SisterLove, Inc., will guide you through the integration of human rights and justice frameworks into advocacy for sexual and reproductive health, with a focus on HIV. It emphasizes the intersection between HIV and reproductive health, particularly through women&#8217;s experiences. The presentation inspires you how to [&hellip;]<\/p>\n","protected":false},"author":29,"featured_media":0,"parent":1034,"menu_order":0,"comment_status":"closed","ping_status":"closed","template":"course-page.php","meta":{"_acf_changed":false,"_uag_custom_page_level_css":"","footnotes":""},"wf_page_folders":[],"class_list":["post-2294","page","type-page","status-publish","hentry"],"acf":[],"yoast_head":"<!-- This site is optimized with the Yoast SEO plugin v27.4 - https:\/\/yoast.com\/product\/yoast-seo-wordpress\/ -->\n<title>HIV Migration Advocacy: Data and Research - Week 2 - Mi-Health Europe<\/title>\n<meta name=\"description\" content=\"Join Week 2 - Learn about HIV migration advocacy, engaging in effective advocacy using data, and research partnerships.\" \/>\n<meta name=\"robots\" content=\"index, follow, max-snippet:-1, max-image-preview:large, max-video-preview:-1\" \/>\n<link rel=\"canonical\" href=\"https:\/\/mihealtheurope.org\/fr\/programme-de-formation-aux-soins-intensifs\/defense-des-droits\/\" \/>\n<meta property=\"og:locale\" content=\"fr_FR\" \/>\n<meta property=\"og:type\" content=\"article\" \/>\n<meta property=\"og:title\" content=\"HIV Migration Advocacy: Data and Research - Week 2 - Mi-Health Europe\" \/>\n<meta property=\"og:description\" content=\"Join Week 2 - Learn about HIV migration advocacy, engaging in effective advocacy using data, and research partnerships.\" \/>\n<meta property=\"og:url\" content=\"https:\/\/mihealtheurope.org\/fr\/programme-de-formation-aux-soins-intensifs\/defense-des-droits\/\" \/>\n<meta property=\"og:site_name\" content=\"Mi-Health Europe\" \/>\n<meta property=\"article:publisher\" content=\"https:\/\/www.facebook.com\/MiHealthAAF\" \/>\n<meta property=\"article:modified_time\" content=\"2025-03-07T12:49:58+00:00\" \/>\n<meta name=\"twitter:card\" content=\"summary_large_image\" \/>\n<meta name=\"twitter:site\" content=\"@MiHealth_Europe\" \/>\n<meta name=\"twitter:label1\" content=\"Dur\u00e9e de lecture estim\u00e9e\" \/>\n\t<meta name=\"twitter:data1\" content=\"1 minute\" \/>\n<script type=\"application\/ld+json\" class=\"yoast-schema-graph\">{\"@context\":\"https:\\\/\\\/schema.org\",\"@graph\":[{\"@type\":\"WebPage\",\"@id\":\"https:\\\/\\\/mihealtheurope.org\\\/mi-care-training-programme\\\/advocacy\\\/\",\"url\":\"https:\\\/\\\/mihealtheurope.org\\\/mi-care-training-programme\\\/advocacy\\\/\",\"name\":\"HIV Migration Advocacy: Data and Research - Week 2 - Mi-Health Europe\",\"isPartOf\":{\"@id\":\"https:\\\/\\\/mihealtheurope.org\\\/#website\"},\"datePublished\":\"2024-06-28T15:06:38+00:00\",\"dateModified\":\"2025-03-07T12:49:58+00:00\",\"description\":\"Join Week 2 - Learn about HIV migration advocacy, engaging in effective advocacy using data, and research partnerships.\",\"breadcrumb\":{\"@id\":\"https:\\\/\\\/mihealtheurope.org\\\/mi-care-training-programme\\\/advocacy\\\/#breadcrumb\"},\"inLanguage\":\"fr-FR\",\"potentialAction\":[{\"@type\":\"ReadAction\",\"target\":[\"https:\\\/\\\/mihealtheurope.org\\\/mi-care-training-programme\\\/advocacy\\\/\"]}]},{\"@type\":\"BreadcrumbList\",\"@id\":\"https:\\\/\\\/mihealtheurope.org\\\/mi-care-training-programme\\\/advocacy\\\/#breadcrumb\",\"itemListElement\":[{\"@type\":\"ListItem\",\"position\":1,\"name\":\"Home\",\"item\":\"https:\\\/\\\/mihealtheurope.org\\\/\"},{\"@type\":\"ListItem\",\"position\":2,\"name\":\"Welcome to MI Care\",\"item\":\"https:\\\/\\\/mihealtheurope.org\\\/mi-care-training-programme\\\/\"},{\"@type\":\"ListItem\",\"position\":3,\"name\":\"Advocacy\"}]},{\"@type\":\"WebSite\",\"@id\":\"https:\\\/\\\/mihealtheurope.org\\\/#website\",\"url\":\"https:\\\/\\\/mihealtheurope.org\\\/\",\"name\":\"https:\\\/\\\/mihealtheurope.org\\\/\",\"description\":\"Improving migrant health\",\"publisher\":{\"@id\":\"https:\\\/\\\/mihealtheurope.org\\\/#organization\"},\"potentialAction\":[{\"@type\":\"SearchAction\",\"target\":{\"@type\":\"EntryPoint\",\"urlTemplate\":\"https:\\\/\\\/mihealtheurope.org\\\/?s={search_term_string}\"},\"query-input\":{\"@type\":\"PropertyValueSpecification\",\"valueRequired\":true,\"valueName\":\"search_term_string\"}}],\"inLanguage\":\"fr-FR\"},{\"@type\":\"Organization\",\"@id\":\"https:\\\/\\\/mihealtheurope.org\\\/#organization\",\"name\":\"Mi-Health Europe\",\"url\":\"https:\\\/\\\/mihealtheurope.org\\\/\",\"logo\":{\"@type\":\"ImageObject\",\"inLanguage\":\"fr-FR\",\"@id\":\"https:\\\/\\\/mihealtheurope.org\\\/#\\\/schema\\\/logo\\\/image\\\/\",\"url\":\"https:\\\/\\\/mihealtheurope.org\\\/wp-content\\\/uploads\\\/2024\\\/04\\\/MiHealth_Blue-High-Res.png\",\"contentUrl\":\"https:\\\/\\\/mihealtheurope.org\\\/wp-content\\\/uploads\\\/2024\\\/04\\\/MiHealth_Blue-High-Res.png\",\"width\":1536,\"height\":1489,\"caption\":\"Mi-Health Europe\"},\"image\":{\"@id\":\"https:\\\/\\\/mihealtheurope.org\\\/#\\\/schema\\\/logo\\\/image\\\/\"},\"sameAs\":[\"https:\\\/\\\/www.facebook.com\\\/MiHealthAAF\",\"https:\\\/\\\/x.com\\\/MiHealth_Europe\",\"https:\\\/\\\/www.instagram.com\\\/mi_health_advocacy\\\/\"]}]}<\/script>\n<!-- \/ Yoast SEO plugin. -->","yoast_head_json":{"title":"Plaidoyer sur la migration du VIH : Donn\u00e9es et recherche - Semaine 2 - Mi-Health Europe","description":"Rejoignez la deuxi\u00e8me semaine - D\u00e9couvrez le plaidoyer en faveur de la migration du VIH, l'utilisation des donn\u00e9es pour un plaidoyer efficace et les partenariats de recherche.","robots":{"index":"index","follow":"follow","max-snippet":"max-snippet:-1","max-image-preview":"max-image-preview:large","max-video-preview":"max-video-preview:-1"},"canonical":"https:\/\/mihealtheurope.org\/fr\/programme-de-formation-aux-soins-intensifs\/defense-des-droits\/","og_locale":"fr_FR","og_type":"article","og_title":"HIV Migration Advocacy: Data and Research - Week 2 - Mi-Health Europe","og_description":"Join Week 2 - Learn about HIV migration advocacy, engaging in effective advocacy using data, and research partnerships.","og_url":"https:\/\/mihealtheurope.org\/fr\/programme-de-formation-aux-soins-intensifs\/defense-des-droits\/","og_site_name":"Mi-Health Europe","article_publisher":"https:\/\/www.facebook.com\/MiHealthAAF","article_modified_time":"2025-03-07T12:49:58+00:00","twitter_card":"summary_large_image","twitter_site":"@MiHealth_Europe","twitter_misc":{"Dur\u00e9e de lecture estim\u00e9e":"1 minute"},"schema":{"@context":"https:\/\/schema.org","@graph":[{"@type":"WebPage","@id":"https:\/\/mihealtheurope.org\/mi-care-training-programme\/advocacy\/","url":"https:\/\/mihealtheurope.org\/mi-care-training-programme\/advocacy\/","name":"Plaidoyer sur la migration du VIH : Donn\u00e9es et recherche - Semaine 2 - Mi-Health Europe","isPartOf":{"@id":"https:\/\/mihealtheurope.org\/#website"},"datePublished":"2024-06-28T15:06:38+00:00","dateModified":"2025-03-07T12:49:58+00:00","description":"Rejoignez la deuxi\u00e8me semaine - D\u00e9couvrez le plaidoyer en faveur de la migration du VIH, l'utilisation des donn\u00e9es pour un plaidoyer efficace et les partenariats de recherche.","breadcrumb":{"@id":"https:\/\/mihealtheurope.org\/mi-care-training-programme\/advocacy\/#breadcrumb"},"inLanguage":"fr-FR","potentialAction":[{"@type":"ReadAction","target":["https:\/\/mihealtheurope.org\/mi-care-training-programme\/advocacy\/"]}]},{"@type":"BreadcrumbList","@id":"https:\/\/mihealtheurope.org\/mi-care-training-programme\/advocacy\/#breadcrumb","itemListElement":[{"@type":"ListItem","position":1,"name":"Home","item":"https:\/\/mihealtheurope.org\/"},{"@type":"ListItem","position":2,"name":"Welcome to MI Care","item":"https:\/\/mihealtheurope.org\/mi-care-training-programme\/"},{"@type":"ListItem","position":3,"name":"Advocacy"}]},{"@type":"WebSite","@id":"https:\/\/mihealtheurope.org\/#website","url":"https:\/\/mihealtheurope.org\/","name":"https:\/\/mihealtheurope.org\/","description":"Am\u00e9liorer la sant\u00e9 des migrants","publisher":{"@id":"https:\/\/mihealtheurope.org\/#organization"},"potentialAction":[{"@type":"SearchAction","target":{"@type":"EntryPoint","urlTemplate":"https:\/\/mihealtheurope.org\/?s={search_term_string}"},"query-input":{"@type":"PropertyValueSpecification","valueRequired":true,"valueName":"search_term_string"}}],"inLanguage":"fr-FR"},{"@type":"Organization","@id":"https:\/\/mihealtheurope.org\/#organization","name":"Mi-Health Europe","url":"https:\/\/mihealtheurope.org\/","logo":{"@type":"ImageObject","inLanguage":"fr-FR","@id":"https:\/\/mihealtheurope.org\/#\/schema\/logo\/image\/","url":"https:\/\/mihealtheurope.org\/wp-content\/uploads\/2024\/04\/MiHealth_Blue-High-Res.png","contentUrl":"https:\/\/mihealtheurope.org\/wp-content\/uploads\/2024\/04\/MiHealth_Blue-High-Res.png","width":1536,"height":1489,"caption":"Mi-Health Europe"},"image":{"@id":"https:\/\/mihealtheurope.org\/#\/schema\/logo\/image\/"},"sameAs":["https:\/\/www.facebook.com\/MiHealthAAF","https:\/\/x.com\/MiHealth_Europe","https:\/\/www.instagram.com\/mi_health_advocacy\/"]}]}},"uagb_featured_image_src":{"full":false,"thumbnail":false,"medium":false,"medium_large":false,"large":false,"1536x1536":false,"2048x2048":false,"trp-custom-language-flag":false,"blog-img":false,"gform-image-choice-sm":false,"gform-image-choice-md":false,"gform-image-choice-lg":false},"uagb_author_info":{"display_name":"HalaMI","author_link":"https:\/\/mihealtheurope.org\/fr\/author\/halami\/"},"uagb_comment_info":0,"uagb_excerpt":"Advocacy This PowerPoint, presented by D\u00e1zon Dixon Diallo, Founder of SisterLove, Inc., will guide you through the integration of human rights and justice frameworks into advocacy for sexual and reproductive health, with a focus on HIV. It emphasizes the intersection between HIV and reproductive health, particularly through women&#8217;s experiences. The presentation inspires you how to\u2026","_links":{"self":[{"href":"https:\/\/mihealtheurope.org\/fr\/wp-json\/wp\/v2\/pages\/2294","targetHints":{"allow":["GET"]}}],"collection":[{"href":"https:\/\/mihealtheurope.org\/fr\/wp-json\/wp\/v2\/pages"}],"about":[{"href":"https:\/\/mihealtheurope.org\/fr\/wp-json\/wp\/v2\/types\/page"}],"author":[{"embeddable":true,"href":"https:\/\/mihealtheurope.org\/fr\/wp-json\/wp\/v2\/users\/29"}],"replies":[{"embeddable":true,"href":"https:\/\/mihealtheurope.org\/fr\/wp-json\/wp\/v2\/comments?post=2294"}],"version-history":[{"count":3,"href":"https:\/\/mihealtheurope.org\/fr\/wp-json\/wp\/v2\/pages\/2294\/revisions"}],"predecessor-version":[{"id":2394,"href":"https:\/\/mihealtheurope.org\/fr\/wp-json\/wp\/v2\/pages\/2294\/revisions\/2394"}],"up":[{"embeddable":true,"href":"https:\/\/mihealtheurope.org\/fr\/wp-json\/wp\/v2\/pages\/1034"}],"wp:attachment":[{"href":"https:\/\/mihealtheurope.org\/fr\/wp-json\/wp\/v2\/media?parent=2294"}],"wp:term":[{"taxonomy":"wf_page_folders","embeddable":true,"href":"https:\/\/mihealtheurope.org\/fr\/wp-json\/wp\/v2\/wf_page_folders?post=2294"}],"curies":[{"name":"wp","href":"https:\/\/api.w.org\/{rel}","templated":true}]}}