{"id":2284,"date":"2024-06-28T15:57:32","date_gmt":"2024-06-28T14:57:32","guid":{"rendered":"https:\/\/mihealtheurope.org\/?page_id=2284"},"modified":"2026-02-12T11:46:43","modified_gmt":"2026-02-12T11:46:43","slug":"boite-a-outils-mi-care","status":"publish","type":"page","link":"https:\/\/mihealtheurope.org\/fr\/mi-care-toolkit\/","title":{"rendered":"Bo\u00eete \u00e0 outils Mi-Care"},"content":{"rendered":"<div style=\"height:50px\" aria-hidden=\"true\" class=\"wp-block-spacer\"><\/div>\n\n\n\n<div class=\"wp-block-group\"><div class=\"wp-block-group__inner-container is-layout-flow wp-block-group-is-layout-flow\">\n<h1 class=\"wp-block-heading\">Bo\u00eete \u00e0 outils Mi-Care pour les communaut\u00e9s<\/h1>\n\n\n\n<p>Bienvenue dans notre bo\u00eete \u00e0 outils pour la recherche communautaire, con\u00e7ue pour donner aux organisations et aux individus les outils et les ressources n\u00e9cessaires pour mener des recherches communautaires et des actions de plaidoyer efficaces. Cette bo\u00eete \u00e0 outils vise \u00e0 soutenir les initiatives de sant\u00e9 communautaire en fournissant des conseils pratiques sur les m\u00e9thodologies de recherche, les strat\u00e9gies de plaidoyer et l'\u00e9tablissement de partenariats communautaires essentiels. <\/p>\n\n\n\n<p>Vous avez des questions ? Contactez nous \u00e0 l'adresse suivante <a href=\"mailto:mihealth@africadvocacy.org\">mihealth@africadvocacy.org<\/a> pour obtenir de l'aide.<\/p>\n<\/div><\/div>\n\n\n\n<div style=\"height:80px\" aria-hidden=\"true\" class=\"wp-block-spacer\"><\/div>","protected":false},"excerpt":{"rendered":"<p>Mi-Care Toolkit for Communities Welcome to our Community-Based Research Toolkit, designed to empower organizations and individuals with the tools and resources needed to conduct impactful community research and advocacy. This toolkit aims to support community health initiatives by providing practical guidance on research methodologies, advocacy strategies, and building essential community partnerships. Have questions? Contact us [&hellip;]<\/p>\n","protected":false},"author":29,"featured_media":0,"parent":0,"menu_order":0,"comment_status":"closed","ping_status":"closed","template":"course-page.php","meta":{"_acf_changed":false,"_uag_custom_page_level_css":"","footnotes":""},"wf_page_folders":[],"class_list":["post-2284","page","type-page","status-publish","hentry"],"acf":[],"yoast_head":"<!-- This site is optimized with the Yoast SEO plugin v27.4 - https:\/\/yoast.com\/product\/yoast-seo-wordpress\/ -->\n<title>Mi-Care Training Programme | Course Menu and Weekly Modules - Mi-Health Europe<\/title>\n<meta name=\"description\" content=\"Explore the Mi-Care Training Programme. Access weekly modules on HIV science, PrEP, data, and research on HIV and migration.\" \/>\n<meta name=\"robots\" content=\"index, follow, max-snippet:-1, max-image-preview:large, max-video-preview:-1\" \/>\n<link rel=\"canonical\" href=\"https:\/\/mihealtheurope.org\/fr\/boite-a-outils-mi-care\/\" \/>\n<meta property=\"og:locale\" content=\"fr_FR\" \/>\n<meta property=\"og:type\" content=\"article\" \/>\n<meta property=\"og:title\" content=\"Mi-Care Training Programme | Course Menu and Weekly Modules - Mi-Health Europe\" \/>\n<meta property=\"og:description\" content=\"Explore the Mi-Care Training Programme. Access weekly modules on HIV science, PrEP, data, and research on HIV and migration.\" \/>\n<meta property=\"og:url\" content=\"https:\/\/mihealtheurope.org\/fr\/boite-a-outils-mi-care\/\" \/>\n<meta property=\"og:site_name\" content=\"Mi-Health Europe\" \/>\n<meta property=\"article:publisher\" content=\"https:\/\/www.facebook.com\/MiHealthAAF\" \/>\n<meta property=\"article:modified_time\" content=\"2026-02-12T11:46:43+00:00\" \/>\n<meta name=\"twitter:card\" content=\"summary_large_image\" \/>\n<meta name=\"twitter:site\" content=\"@MiHealth_Europe\" \/>\n<meta name=\"twitter:label1\" content=\"Dur\u00e9e de lecture estim\u00e9e\" \/>\n\t<meta name=\"twitter:data1\" content=\"1 minute\" \/>\n<script type=\"application\/ld+json\" class=\"yoast-schema-graph\">{\"@context\":\"https:\\\/\\\/schema.org\",\"@graph\":[{\"@type\":\"WebPage\",\"@id\":\"https:\\\/\\\/mihealtheurope.org\\\/mi-care-toolkit\\\/\",\"url\":\"https:\\\/\\\/mihealtheurope.org\\\/mi-care-toolkit\\\/\",\"name\":\"Mi-Care Training Programme | Course Menu and Weekly Modules - Mi-Health Europe\",\"isPartOf\":{\"@id\":\"https:\\\/\\\/mihealtheurope.org\\\/#website\"},\"datePublished\":\"2024-06-28T14:57:32+00:00\",\"dateModified\":\"2026-02-12T11:46:43+00:00\",\"description\":\"Explore the Mi-Care Training Programme. Access weekly modules on HIV science, PrEP, data, and research on HIV and migration.\",\"breadcrumb\":{\"@id\":\"https:\\\/\\\/mihealtheurope.org\\\/mi-care-toolkit\\\/#breadcrumb\"},\"inLanguage\":\"fr-FR\",\"potentialAction\":[{\"@type\":\"ReadAction\",\"target\":[\"https:\\\/\\\/mihealtheurope.org\\\/mi-care-toolkit\\\/\"]}]},{\"@type\":\"BreadcrumbList\",\"@id\":\"https:\\\/\\\/mihealtheurope.org\\\/mi-care-toolkit\\\/#breadcrumb\",\"itemListElement\":[{\"@type\":\"ListItem\",\"position\":1,\"name\":\"Home\",\"item\":\"https:\\\/\\\/mihealtheurope.org\\\/\"},{\"@type\":\"ListItem\",\"position\":2,\"name\":\"Mi-Care Toolkit\"}]},{\"@type\":\"WebSite\",\"@id\":\"https:\\\/\\\/mihealtheurope.org\\\/#website\",\"url\":\"https:\\\/\\\/mihealtheurope.org\\\/\",\"name\":\"https:\\\/\\\/mihealtheurope.org\\\/\",\"description\":\"Improving migrant health\",\"publisher\":{\"@id\":\"https:\\\/\\\/mihealtheurope.org\\\/#organization\"},\"potentialAction\":[{\"@type\":\"SearchAction\",\"target\":{\"@type\":\"EntryPoint\",\"urlTemplate\":\"https:\\\/\\\/mihealtheurope.org\\\/?s={search_term_string}\"},\"query-input\":{\"@type\":\"PropertyValueSpecification\",\"valueRequired\":true,\"valueName\":\"search_term_string\"}}],\"inLanguage\":\"fr-FR\"},{\"@type\":\"Organization\",\"@id\":\"https:\\\/\\\/mihealtheurope.org\\\/#organization\",\"name\":\"Mi-Health Europe\",\"url\":\"https:\\\/\\\/mihealtheurope.org\\\/\",\"logo\":{\"@type\":\"ImageObject\",\"inLanguage\":\"fr-FR\",\"@id\":\"https:\\\/\\\/mihealtheurope.org\\\/#\\\/schema\\\/logo\\\/image\\\/\",\"url\":\"https:\\\/\\\/mihealtheurope.org\\\/wp-content\\\/uploads\\\/2024\\\/04\\\/MiHealth_Blue-High-Res.png\",\"contentUrl\":\"https:\\\/\\\/mihealtheurope.org\\\/wp-content\\\/uploads\\\/2024\\\/04\\\/MiHealth_Blue-High-Res.png\",\"width\":1536,\"height\":1489,\"caption\":\"Mi-Health Europe\"},\"image\":{\"@id\":\"https:\\\/\\\/mihealtheurope.org\\\/#\\\/schema\\\/logo\\\/image\\\/\"},\"sameAs\":[\"https:\\\/\\\/www.facebook.com\\\/MiHealthAAF\",\"https:\\\/\\\/x.com\\\/MiHealth_Europe\",\"https:\\\/\\\/www.instagram.com\\\/mi_health_advocacy\\\/\"]}]}<\/script>\n<!-- \/ Yoast SEO plugin. -->","yoast_head_json":{"title":"Programme de formation Mi-Care - Menu du cours et modules hebdomadaires - Mi-Health Europe","description":"D\u00e9couvrez le programme de formation Mi-Care. Acc\u00e9dez \u00e0 des modules hebdomadaires sur la science du VIH, la PrEP, les donn\u00e9es et la recherche sur le VIH et la migration.","robots":{"index":"index","follow":"follow","max-snippet":"max-snippet:-1","max-image-preview":"max-image-preview:large","max-video-preview":"max-video-preview:-1"},"canonical":"https:\/\/mihealtheurope.org\/fr\/boite-a-outils-mi-care\/","og_locale":"fr_FR","og_type":"article","og_title":"Mi-Care Training Programme | Course Menu and Weekly Modules - Mi-Health Europe","og_description":"Explore the Mi-Care Training Programme. Access weekly modules on HIV science, PrEP, data, and research on HIV and migration.","og_url":"https:\/\/mihealtheurope.org\/fr\/boite-a-outils-mi-care\/","og_site_name":"Mi-Health Europe","article_publisher":"https:\/\/www.facebook.com\/MiHealthAAF","article_modified_time":"2026-02-12T11:46:43+00:00","twitter_card":"summary_large_image","twitter_site":"@MiHealth_Europe","twitter_misc":{"Dur\u00e9e de lecture estim\u00e9e":"1 minute"},"schema":{"@context":"https:\/\/schema.org","@graph":[{"@type":"WebPage","@id":"https:\/\/mihealtheurope.org\/mi-care-toolkit\/","url":"https:\/\/mihealtheurope.org\/mi-care-toolkit\/","name":"Programme de formation Mi-Care - Menu du cours et modules hebdomadaires - Mi-Health Europe","isPartOf":{"@id":"https:\/\/mihealtheurope.org\/#website"},"datePublished":"2024-06-28T14:57:32+00:00","dateModified":"2026-02-12T11:46:43+00:00","description":"D\u00e9couvrez le programme de formation Mi-Care. Acc\u00e9dez \u00e0 des modules hebdomadaires sur la science du VIH, la PrEP, les donn\u00e9es et la recherche sur le VIH et la migration.","breadcrumb":{"@id":"https:\/\/mihealtheurope.org\/mi-care-toolkit\/#breadcrumb"},"inLanguage":"fr-FR","potentialAction":[{"@type":"ReadAction","target":["https:\/\/mihealtheurope.org\/mi-care-toolkit\/"]}]},{"@type":"BreadcrumbList","@id":"https:\/\/mihealtheurope.org\/mi-care-toolkit\/#breadcrumb","itemListElement":[{"@type":"ListItem","position":1,"name":"Home","item":"https:\/\/mihealtheurope.org\/"},{"@type":"ListItem","position":2,"name":"Mi-Care Toolkit"}]},{"@type":"WebSite","@id":"https:\/\/mihealtheurope.org\/#website","url":"https:\/\/mihealtheurope.org\/","name":"https:\/\/mihealtheurope.org\/","description":"Am\u00e9liorer la sant\u00e9 des migrants","publisher":{"@id":"https:\/\/mihealtheurope.org\/#organization"},"potentialAction":[{"@type":"SearchAction","target":{"@type":"EntryPoint","urlTemplate":"https:\/\/mihealtheurope.org\/?s={search_term_string}"},"query-input":{"@type":"PropertyValueSpecification","valueRequired":true,"valueName":"search_term_string"}}],"inLanguage":"fr-FR"},{"@type":"Organization","@id":"https:\/\/mihealtheurope.org\/#organization","name":"Mi-Health Europe","url":"https:\/\/mihealtheurope.org\/","logo":{"@type":"ImageObject","inLanguage":"fr-FR","@id":"https:\/\/mihealtheurope.org\/#\/schema\/logo\/image\/","url":"https:\/\/mihealtheurope.org\/wp-content\/uploads\/2024\/04\/MiHealth_Blue-High-Res.png","contentUrl":"https:\/\/mihealtheurope.org\/wp-content\/uploads\/2024\/04\/MiHealth_Blue-High-Res.png","width":1536,"height":1489,"caption":"Mi-Health Europe"},"image":{"@id":"https:\/\/mihealtheurope.org\/#\/schema\/logo\/image\/"},"sameAs":["https:\/\/www.facebook.com\/MiHealthAAF","https:\/\/x.com\/MiHealth_Europe","https:\/\/www.instagram.com\/mi_health_advocacy\/"]}]}},"uagb_featured_image_src":{"full":false,"thumbnail":false,"medium":false,"medium_large":false,"large":false,"1536x1536":false,"2048x2048":false,"trp-custom-language-flag":false,"blog-img":false,"gform-image-choice-sm":false,"gform-image-choice-md":false,"gform-image-choice-lg":false},"uagb_author_info":{"display_name":"HalaMI","author_link":"https:\/\/mihealtheurope.org\/fr\/author\/halami\/"},"uagb_comment_info":0,"uagb_excerpt":"Mi-Care Toolkit for Communities Welcome to our Community-Based Research Toolkit, designed to empower organizations and individuals with the tools and resources needed to conduct impactful community research and advocacy. This toolkit aims to support community health initiatives by providing practical guidance on research methodologies, advocacy strategies, and building essential community partnerships. Have questions? Contact us\u2026","_links":{"self":[{"href":"https:\/\/mihealtheurope.org\/fr\/wp-json\/wp\/v2\/pages\/2284","targetHints":{"allow":["GET"]}}],"collection":[{"href":"https:\/\/mihealtheurope.org\/fr\/wp-json\/wp\/v2\/pages"}],"about":[{"href":"https:\/\/mihealtheurope.org\/fr\/wp-json\/wp\/v2\/types\/page"}],"author":[{"embeddable":true,"href":"https:\/\/mihealtheurope.org\/fr\/wp-json\/wp\/v2\/users\/29"}],"replies":[{"embeddable":true,"href":"https:\/\/mihealtheurope.org\/fr\/wp-json\/wp\/v2\/comments?post=2284"}],"version-history":[{"count":6,"href":"https:\/\/mihealtheurope.org\/fr\/wp-json\/wp\/v2\/pages\/2284\/revisions"}],"predecessor-version":[{"id":3432,"href":"https:\/\/mihealtheurope.org\/fr\/wp-json\/wp\/v2\/pages\/2284\/revisions\/3432"}],"wp:attachment":[{"href":"https:\/\/mihealtheurope.org\/fr\/wp-json\/wp\/v2\/media?parent=2284"}],"wp:term":[{"taxonomy":"wf_page_folders","embeddable":true,"href":"https:\/\/mihealtheurope.org\/fr\/wp-json\/wp\/v2\/wf_page_folders?post=2284"}],"curies":[{"name":"wp","href":"https:\/\/api.w.org\/{rel}","templated":true}]}}