{"id":2,"date":"2022-04-20T06:40:30","date_gmt":"2022-04-20T05:40:30","guid":{"rendered":"https:\/\/mihealth.418staging.co.uk\/?page_id=2"},"modified":"2024-11-19T20:09:15","modified_gmt":"2024-11-19T20:09:15","slug":"accueil","status":"publish","type":"page","link":"https:\/\/mihealtheurope.org\/fr\/mi-health-home\/","title":{"rendered":"Accueil"},"content":{"rendered":"\n<div class=\"wp-block-group has-theme-colour-1-background-color has-background\"><div class=\"wp-block-group__inner-container is-layout-flow wp-block-group-is-layout-flow\">\n<div style=\"height:80px\" aria-hidden=\"true\" class=\"wp-block-spacer\"><\/div>\n\n\n\n<div class=\"intro-block\">\n<div class=\"left-intro\">\n<h2>Find help <span><\/span><\/h2>\n<p>Migrants equipped with the most accurate, up-to-date information and resources are best able to navigate their journeys.<\/p>\n<script type=\"text\/javascript\">\n\/* <![CDATA[ *\/\nvar gform;gform||(document.addEventListener(\"gform_main_scripts_loaded\",function(){gform.scriptsLoaded=!0}),document.addEventListener(\"gform\/theme\/scripts_loaded\",function(){gform.themeScriptsLoaded=!0}),window.addEventListener(\"DOMContentLoaded\",function(){gform.domLoaded=!0}),gform={domLoaded:!1,scriptsLoaded:!1,themeScriptsLoaded:!1,isFormEditor:()=>\"function\"==typeof InitializeEditor,callIfLoaded:function(o){return!(!gform.domLoaded||!gform.scriptsLoaded||!gform.themeScriptsLoaded&&!gform.isFormEditor()||(gform.isFormEditor()&&console.warn(\"The use of gform.initializeOnLoaded() is deprecated in the form editor context and will be removed in Gravity Forms 3.1.\"),o(),0))},initializeOnLoaded:function(o){gform.callIfLoaded(o)||(document.addEventListener(\"gform_main_scripts_loaded\",()=>{gform.scriptsLoaded=!0,gform.callIfLoaded(o)}),document.addEventListener(\"gform\/theme\/scripts_loaded\",()=>{gform.themeScriptsLoaded=!0,gform.callIfLoaded(o)}),window.addEventListener(\"DOMContentLoaded\",()=>{gform.domLoaded=!0,gform.callIfLoaded(o)}))},hooks:{action:{},filter:{}},addAction:function(o,r,e,t){gform.addHook(\"action\",o,r,e,t)},addFilter:function(o,r,e,t){gform.addHook(\"filter\",o,r,e,t)},doAction:function(o){gform.doHook(\"action\",o,arguments)},applyFilters:function(o){return gform.doHook(\"filter\",o,arguments)},removeAction:function(o,r){gform.removeHook(\"action\",o,r)},removeFilter:function(o,r,e){gform.removeHook(\"filter\",o,r,e)},addHook:function(o,r,e,t,n){null==gform.hooks[o][r]&&(gform.hooks[o][r]=[]);var d=gform.hooks[o][r];null==n&&(n=r+\"_\"+d.length),gform.hooks[o][r].push({tag:n,callable:e,priority:t=null==t?10:t})},doHook:function(r,o,e){var t;if(e=Array.prototype.slice.call(e,1),null!=gform.hooks[r][o]&&((o=gform.hooks[r][o]).sort(function(o,r){return o.priority-r.priority}),o.forEach(function(o){\"function\"!=typeof(t=o.callable)&&(t=window[t]),\"action\"==r?t.apply(null,e):e[0]=t.apply(null,e)})),\"filter\"==r)return e[0]},removeHook:function(o,r,t,n){var e;null!=gform.hooks[o][r]&&(e=(e=gform.hooks[o][r]).filter(function(o,r,e){return!!(null!=n&&n!=o.tag||null!=t&&t!=o.priority)}),gform.hooks[o][r]=e)}});\n\/* ]]> *\/\n<\/script>\n\n                <div class='gf_browser_gecko gform_wrapper gravity-theme gform-theme--no-framework location-form_wrapper' data-form-theme='gravity-theme' data-form-index='0' id='gform_wrapper_1' style='display:none'><form method='post' enctype='multipart\/form-data'  id='gform_1' class='location-form' action='\/fr\/wp-json\/wp\/v2\/pages\/2' data-formid='1' novalidate>\n                        <div class='gform-body gform_body'><div id='gform_fields_1' class='gform_fields top_label form_sublabel_below description_below validation_below'><div id=\"field_1_1\" class=\"gfield gfield--type-select field_sublabel_below gfield--no-description field_description_below hidden_label field_validation_below gfield_visibility_visible\"  ><label class='gfield_label gform-field-label' for='input_1_1'>Untitled<\/label><div class='ginput_container ginput_container_select'><select name='input_1' id='input_1_1' class='large gfield_select'     aria-invalid=\"false\" ><option value='' selected='selected' class='gf_placeholder'>Select your Country<\/option><option value='\/regions\/austria\/' >Austria<\/option><option value='\/regions\/belgium\/' >Belgium<\/option><option value='\/regions\/bulgaria\/' >Bulgaria<\/option><option value='\/regions\/croatia\/' >Croatia<\/option><option value='\/regions\/cyprus\/' >Cyprus<\/option><option value='\/regions\/czech-republic\/' >Czech Republic<\/option><option value='\/regions\/denmark\/' >Denmark<\/option><option value='\/regions\/estonia\/' >Estonia<\/option><option value='\/regions\/finland\/' >Finland<\/option><option value='\/regions\/france\/' >France<\/option><option value='\/regions\/germany\/' >Germany<\/option><option value='\/regions\/greece\/' >Greece<\/option><option value='\/regions\/hungary\/' >Hungary<\/option><option value='\/regions\/iceland\/' >Iceland<\/option><option value='\/regions\/italy\/' >Italy<\/option><option value='\/regions\/latvia\/' >Latvia<\/option><option value='\/regions\/liechtenstein\/' >Liechtenstein<\/option><option value='\/regions\/lithuania\/' >Lithuania<\/option><option value='\/regions\/luxembourg\/' >Luxembourg<\/option><option value='\/regions\/netherlands\/' >Netherlands<\/option><option value='\/regions\/malta\/' >Malta<\/option><option value='\/regions\/norway\/' >Norway<\/option><option value='\/regions\/poland\/' >Poland<\/option><option value='\/regions\/portugal\/' >Portugal<\/option><option value='\/regions\/romania\/' >Romania<\/option><option value='\/regions\/slovakia\/' >Slovakia<\/option><option value='\/regions\/slovenia\/' >Slovenia<\/option><option value='\/regions\/spain\/' >Spain<\/option><option value='\/regions\/sweden\/' >Sweden<\/option><option value='\/regions\/switzerland\/' >Switzerland<\/option><option value='\/regions\/uk\/' >UK<\/option><\/select><\/div><\/div><\/div><\/div>\n        <div class='gform-footer gform_footer top_label'> <input type='submit' id='gform_submit_button_1' class='gform_button button' onclick='gform.submission.handleButtonClick(this);' data-submission-type='submit' value='Submit'  \/> \n            <input type='hidden' class='gform_hidden' name='gform_submission_method' data-js='gform_submission_method_1' value='postback' \/>\n            <input type='hidden' class='gform_hidden' name='gform_theme' data-js='gform_theme_1' id='gform_theme_1' value='gravity-theme' \/>\n            <input type='hidden' class='gform_hidden' name='gform_style_settings' data-js='gform_style_settings_1' id='gform_style_settings_1' value='[]' \/>\n            <input type='hidden' class='gform_hidden' name='is_submit_1' value='1' \/>\n            <input type='hidden' class='gform_hidden' name='gform_submit' value='1' \/>\n            \n            <input type='hidden' class='gform_hidden' name='gform_currency' data-currency='GBP' value='s86uA+bFeo\/KbP829CCl8njXMJT5nK5xFCovj7\/ddvqPpxEpPsPN4EQY8mcdmnXUV2tyNcotdcqLN5McfRoBYu9hlc+5PxYv\/qID0Y+I01eyfJ4=' \/>\n            <input type='hidden' class='gform_hidden' name='gform_unique_id' value='' \/>\n            <input type='hidden' class='gform_hidden' name='state_1' value='WyJbXSIsImM3YjA4YjI0YzdmMTdmZDQ1YmYxY2FhYThkODk0MTE5Il0=' \/>\n            <input type='hidden' autocomplete='off' class='gform_hidden' name='gform_target_page_number_1' id='gform_target_page_number_1' value='0' \/>\n            <input type='hidden' autocomplete='off' class='gform_hidden' name='gform_source_page_number_1' id='gform_source_page_number_1' value='1' \/>\n            <input type='hidden' name='gform_field_values' value='' \/>\n            \n        <\/div>\n                        <\/form>\n                        <\/div><script type=\"text\/javascript\">\n\/* <![CDATA[ *\/\n gform.initializeOnLoaded( function() {gformInitSpinner( 1, 'https:\/\/mihealtheurope.org\/wp-content\/plugins\/gravityforms\/images\/spinner.svg', true );jQuery('#gform_ajax_frame_1').on('load',function(){var contents = jQuery(this).contents().find('*').html();var is_postback = contents.indexOf('GF_AJAX_POSTBACK') >= 0;if(!is_postback){return;}var form_content = jQuery(this).contents().find('#gform_wrapper_1');var is_confirmation = jQuery(this).contents().find('#gform_confirmation_wrapper_1').length > 0;var is_redirect = contents.indexOf('gformRedirect(){') >= 0;var is_form = form_content.length > 0 && ! is_redirect && ! is_confirmation;var mt = parseInt(jQuery('html').css('margin-top'), 10) + parseInt(jQuery('body').css('margin-top'), 10) + 100;if(is_form){form_content.find('form').css('opacity', 0);jQuery('#gform_wrapper_1').html(form_content.html());if(form_content.hasClass('gform_validation_error')){jQuery('#gform_wrapper_1').addClass('gform_validation_error');} else {jQuery('#gform_wrapper_1').removeClass('gform_validation_error');}setTimeout( function() { \/* delay the scroll by 50 milliseconds to fix a bug in chrome *\/  }, 50 );if(window['gformInitDatepicker']) {gformInitDatepicker();}if(window['gformInitPriceFields']) {gformInitPriceFields();}var current_page = jQuery('#gform_source_page_number_1').val();gformInitSpinner( 1, 'https:\/\/mihealtheurope.org\/wp-content\/plugins\/gravityforms\/images\/spinner.svg', true );jQuery(document).trigger('gform_page_loaded', [1, current_page]);window['gf_submitting_1'] = false;}else if(!is_redirect){var confirmation_content = jQuery(this).contents().find('.GF_AJAX_POSTBACK').html();if(!confirmation_content){confirmation_content = contents;}jQuery('#gform_wrapper_1').replaceWith(confirmation_content);jQuery(document).trigger('gform_confirmation_loaded', [1]);window['gf_submitting_1'] = false;wp.a11y.speak(jQuery('#gform_confirmation_message_1').text());}else{jQuery('#gform_1').append(contents);if(window['gformRedirect']) {gformRedirect();}}jQuery(document).trigger(\"gform_pre_post_render\", [{ formId: \"1\", currentPage: \"current_page\", abort: function() { this.preventDefault(); } }]);        if (event && event.defaultPrevented) {                return;        }        const gformWrapperDiv = document.getElementById( \"gform_wrapper_1\" );        if ( gformWrapperDiv ) {            const visibilitySpan = document.createElement( \"span\" );            visibilitySpan.id = \"gform_visibility_test_1\";            gformWrapperDiv.insertAdjacentElement( \"afterend\", visibilitySpan );        }        const visibilityTestDiv = document.getElementById( \"gform_visibility_test_1\" );        let postRenderFired = false;        function triggerPostRender() {            if ( postRenderFired ) {                return;            }            postRenderFired = true;            gform.core.triggerPostRenderEvents( 1, current_page );            if ( visibilityTestDiv ) {                visibilityTestDiv.parentNode.removeChild( visibilityTestDiv );            }        }        function debounce( func, wait, immediate ) {            var timeout;            return function() {                var context = this, args = arguments;                var later = function() {                    timeout = null;                    if ( !immediate ) func.apply( context, args );                };                var callNow = immediate && !timeout;                clearTimeout( timeout );                timeout = setTimeout( later, wait );                if ( callNow ) func.apply( context, args );            };        }        const debouncedTriggerPostRender = debounce( function() {            triggerPostRender();        }, 200 );        if ( visibilityTestDiv && visibilityTestDiv.offsetParent === null ) {            const observer = new MutationObserver( ( mutations ) => {                mutations.forEach( ( mutation ) => {                    if ( mutation.type === 'attributes' && visibilityTestDiv.offsetParent !== null ) {                        debouncedTriggerPostRender();                        observer.disconnect();                    }                });            });            observer.observe( document.body, {                attributes: true,                childList: false,                subtree: true,                attributeFilter: [ 'style', 'class' ],            });        } else {            triggerPostRender();        }    } );} ); \n\/* ]]> *\/\n<\/script>\n\n<\/div>\n<div class=\"right-intro\">\n<h2>Our Work <span><\/span><\/h2>\n<p>A strong and engaged community of advocates can elevate migrant voices and help create a healthier, more equitable Europe.<\/p>\n<a href=\"\/policy\/\">Policy<\/a>\n<a href=\"\/learning\/\">Learning<\/a>\n<a href=\"\/category\/community-blog\/\">Community<\/a>\n<a href=\"\/about\/\">About<\/a>\n<\/div>\n<\/div>\n\n\n\n<div style=\"height:80px\" aria-hidden=\"true\" class=\"wp-block-spacer\"><\/div>\n<\/div><\/div>\n\n\n<div class=\"quote-wrap\">\n<div class=\"top-text\">inequality<\/div>\n<p class=\"quote-text\" style=\"background-image:url(https:\/\/mihealtheurope.org\/wp-content\/uploads\/2022\/04\/quote1.png);\">&#8220;Of all the forms of inequality, injustice in health care is the most shocking and the most inhumane.&#8221;<span>Dr. Martin Luther King Jr.<\/span><\/p>\n<div class=\"bottom-text\">injustice<\/div>\n<\/div>\n\n\n<div class=\"wp-block-group map has-theme-colour-1-background-color has-background\"><div class=\"wp-block-group__inner-container is-layout-flow wp-block-group-is-layout-flow\">\n<div style=\"height:80px\" aria-hidden=\"true\" class=\"wp-block-spacer\"><\/div>\n\n\n\n<h2 class=\"has-white-color has-text-color wp-block-heading\">The latest from<br>Mi-Health Europe<\/h2>\n\n\n<ul class=\"main-posts\">\n    <!-- the loop -->\n            <li><a href=\"https:\/\/mihealtheurope.org\/fr\/health-without-borders\/\">\n\t\t<img loading=\"lazy\" decoding=\"async\" width=\"600\" height=\"349\" src=\"https:\/\/mihealtheurope.org\/wp-content\/uploads\/2025\/09\/B0017336.jpg\" class=\"attachment-blog-img size-blog-img wp-post-image\" alt=\"\" \/>\t\t<div><h3>Health Without Borders<\/h3>\n\t\t<ul class=\"post-meta\">\n\t\t\t<li>By Anne<\/li>\n\t\t\t<li>8th septembre 2025<\/li>\n\t\t<\/ul>\n\t\tVoices of migrants revealing the fight for fair healthcare across Europe. In a climate of rising xenophobia and restrictive migration&#8230;\t\t<\/div><\/a><\/li>\n            <li><a href=\"https:\/\/mihealtheurope.org\/fr\/prep-uptake-and-awareness-data-amongst-migrant-women\/\">\n\t\t\t\t<div><h3>Prot\u00e9g\u00e9\u00a0: PrEP Uptake and Awareness Data amongst Migrant Women<\/h3>\n\t\t<ul class=\"post-meta\">\n\t\t\t<li>By Anne<\/li>\n\t\t\t<li>28th ao\u00fbt 2025<\/li>\n\t\t<\/ul>\n\t\tCe contenu est prot\u00e9g\u00e9 par un mot de passe. Pour le voir, veuillez saisir votre mot de passe ci-dessous\u00a0: Mot&#8230;\t\t<\/div><\/a><\/li>\n            <li><a href=\"https:\/\/mihealtheurope.org\/fr\/mi-health-hiv-partnership-testing-data\/\">\n\t\t\t\t<div><h3>Prot\u00e9g\u00e9\u00a0: Mi-Health HIV Partnership testing data<\/h3>\n\t\t<ul class=\"post-meta\">\n\t\t\t<li>By Anne<\/li>\n\t\t\t<li>28th ao\u00fbt 2025<\/li>\n\t\t<\/ul>\n\t\tCe contenu est prot\u00e9g\u00e9 par un mot de passe. Pour le voir, veuillez saisir votre mot de passe ci-dessous\u00a0: Mot&#8230;\t\t<\/div><\/a><\/li>\n        <!-- end of the loop --> \n<\/ul>\n    \n\n\n<div style=\"height:35px\" aria-hidden=\"true\" class=\"wp-block-spacer\"><\/div>\n\n\n\n<div class=\"wp-block-buttons is-content-justification-right is-layout-flex wp-container-core-buttons-is-layout-765c4724 wp-block-buttons-is-layout-flex\">\n<div class=\"wp-block-button\"><a class=\"wp-block-button__link has-background\" href=\"\/category\/community-blog\/\" style=\"border-radius:6px;background-color:#e83818\"><strong>More<\/strong><\/a><\/div>\n<\/div>\n\n\n\n<div style=\"height:80px\" aria-hidden=\"true\" class=\"wp-block-spacer\"><\/div>\n<\/div><\/div>\n","protected":false},"excerpt":{"rendered":"<p>Find help Migrants equipped with the most accurate, up-to-date information and resources are best able to navigate their journeys. Our Work A strong and engaged community of advocates can elevate migrant voices and help create a healthier, more equitable Europe. Policy Learning Community About The latest fromMi-Health Europe<\/p>","protected":false},"author":1,"featured_media":0,"parent":0,"menu_order":0,"comment_status":"closed","ping_status":"closed","template":"","meta":{"_acf_changed":false,"_uag_custom_page_level_css":"","footnotes":""},"wf_page_folders":[],"class_list":["post-2","page","type-page","status-publish","hentry"],"acf":[],"yoast_head":"<!-- This site is optimized with the Yoast SEO plugin v27.4 - https:\/\/yoast.com\/product\/yoast-seo-wordpress\/ -->\n<title>HIV and Migrant Support in Europe - Mi-Health Europe<\/title>\n<meta name=\"description\" content=\"HIV testing services and migrant support in Europe. Our charity advocates healthcare equity, empowers communities, fosters EU collaboration.\" \/>\n<meta name=\"robots\" content=\"index, follow, max-snippet:-1, max-image-preview:large, max-video-preview:-1\" \/>\n<link rel=\"canonical\" href=\"https:\/\/mihealtheurope.org\/fr\/accueil\/\" \/>\n<meta property=\"og:locale\" content=\"fr_FR\" \/>\n<meta property=\"og:type\" content=\"article\" \/>\n<meta property=\"og:title\" content=\"HIV and Migrant Support in Europe - Mi-Health Europe\" \/>\n<meta property=\"og:description\" content=\"HIV testing services and migrant support in Europe. Our charity advocates healthcare equity, empowers communities, fosters EU collaboration.\" \/>\n<meta property=\"og:url\" content=\"https:\/\/mihealtheurope.org\/fr\/accueil\/\" \/>\n<meta property=\"og:site_name\" content=\"Mi-Health Europe\" \/>\n<meta property=\"article:publisher\" content=\"https:\/\/www.facebook.com\/MiHealthAAF\" \/>\n<meta property=\"article:modified_time\" content=\"2024-11-19T20:09:15+00:00\" \/>\n<meta name=\"twitter:card\" content=\"summary_large_image\" \/>\n<meta name=\"twitter:site\" content=\"@MiHealth_Europe\" \/>\n<meta name=\"twitter:label1\" content=\"Dur\u00e9e de lecture estim\u00e9e\" \/>\n\t<meta name=\"twitter:data1\" content=\"1 minute\" \/>\n<script type=\"application\/ld+json\" class=\"yoast-schema-graph\">{\"@context\":\"https:\\\/\\\/schema.org\",\"@graph\":[{\"@type\":\"WebPage\",\"@id\":\"https:\\\/\\\/mihealtheurope.org\\\/mi-health-home\\\/\",\"url\":\"https:\\\/\\\/mihealtheurope.org\\\/mi-health-home\\\/\",\"name\":\"HIV and Migrant Support in Europe - Mi-Health Europe\",\"isPartOf\":{\"@id\":\"https:\\\/\\\/mihealtheurope.org\\\/#website\"},\"datePublished\":\"2022-04-20T05:40:30+00:00\",\"dateModified\":\"2024-11-19T20:09:15+00:00\",\"description\":\"HIV testing services and migrant support in Europe. Our charity advocates healthcare equity, empowers communities, fosters EU collaboration.\",\"breadcrumb\":{\"@id\":\"https:\\\/\\\/mihealtheurope.org\\\/mi-health-home\\\/#breadcrumb\"},\"inLanguage\":\"fr-FR\",\"potentialAction\":[{\"@type\":\"ReadAction\",\"target\":[\"https:\\\/\\\/mihealtheurope.org\\\/mi-health-home\\\/\"]}]},{\"@type\":\"BreadcrumbList\",\"@id\":\"https:\\\/\\\/mihealtheurope.org\\\/mi-health-home\\\/#breadcrumb\",\"itemListElement\":[{\"@type\":\"ListItem\",\"position\":1,\"name\":\"Home\",\"item\":\"https:\\\/\\\/mihealtheurope.org\\\/\"},{\"@type\":\"ListItem\",\"position\":2,\"name\":\"Home\"}]},{\"@type\":\"WebSite\",\"@id\":\"https:\\\/\\\/mihealtheurope.org\\\/#website\",\"url\":\"https:\\\/\\\/mihealtheurope.org\\\/\",\"name\":\"https:\\\/\\\/mihealtheurope.org\\\/\",\"description\":\"Improving migrant health\",\"publisher\":{\"@id\":\"https:\\\/\\\/mihealtheurope.org\\\/#organization\"},\"potentialAction\":[{\"@type\":\"SearchAction\",\"target\":{\"@type\":\"EntryPoint\",\"urlTemplate\":\"https:\\\/\\\/mihealtheurope.org\\\/?s={search_term_string}\"},\"query-input\":{\"@type\":\"PropertyValueSpecification\",\"valueRequired\":true,\"valueName\":\"search_term_string\"}}],\"inLanguage\":\"fr-FR\"},{\"@type\":\"Organization\",\"@id\":\"https:\\\/\\\/mihealtheurope.org\\\/#organization\",\"name\":\"Mi-Health Europe\",\"url\":\"https:\\\/\\\/mihealtheurope.org\\\/\",\"logo\":{\"@type\":\"ImageObject\",\"inLanguage\":\"fr-FR\",\"@id\":\"https:\\\/\\\/mihealtheurope.org\\\/#\\\/schema\\\/logo\\\/image\\\/\",\"url\":\"https:\\\/\\\/mihealtheurope.org\\\/wp-content\\\/uploads\\\/2024\\\/04\\\/MiHealth_Blue-High-Res.png\",\"contentUrl\":\"https:\\\/\\\/mihealtheurope.org\\\/wp-content\\\/uploads\\\/2024\\\/04\\\/MiHealth_Blue-High-Res.png\",\"width\":1536,\"height\":1489,\"caption\":\"Mi-Health Europe\"},\"image\":{\"@id\":\"https:\\\/\\\/mihealtheurope.org\\\/#\\\/schema\\\/logo\\\/image\\\/\"},\"sameAs\":[\"https:\\\/\\\/www.facebook.com\\\/MiHealthAAF\",\"https:\\\/\\\/x.com\\\/MiHealth_Europe\",\"https:\\\/\\\/www.instagram.com\\\/mi_health_advocacy\\\/\"]}]}<\/script>\n<!-- \/ Yoast SEO plugin. -->","yoast_head_json":{"title":"VIH et soutien aux migrants en Europe - Mi-Health Europe","description":"Services de d\u00e9pistage du VIH et aide aux migrants en Europe. Notre organisation caritative pr\u00f4ne l'\u00e9quit\u00e9 en mati\u00e8re de soins de sant\u00e9, renforce les communaut\u00e9s et encourage la collaboration au sein de l'UE.","robots":{"index":"index","follow":"follow","max-snippet":"max-snippet:-1","max-image-preview":"max-image-preview:large","max-video-preview":"max-video-preview:-1"},"canonical":"https:\/\/mihealtheurope.org\/fr\/accueil\/","og_locale":"fr_FR","og_type":"article","og_title":"HIV and Migrant Support in Europe - Mi-Health Europe","og_description":"HIV testing services and migrant support in Europe. Our charity advocates healthcare equity, empowers communities, fosters EU collaboration.","og_url":"https:\/\/mihealtheurope.org\/fr\/accueil\/","og_site_name":"Mi-Health Europe","article_publisher":"https:\/\/www.facebook.com\/MiHealthAAF","article_modified_time":"2024-11-19T20:09:15+00:00","twitter_card":"summary_large_image","twitter_site":"@MiHealth_Europe","twitter_misc":{"Dur\u00e9e de lecture estim\u00e9e":"1 minute"},"schema":{"@context":"https:\/\/schema.org","@graph":[{"@type":"WebPage","@id":"https:\/\/mihealtheurope.org\/mi-health-home\/","url":"https:\/\/mihealtheurope.org\/mi-health-home\/","name":"VIH et soutien aux migrants en Europe - Mi-Health Europe","isPartOf":{"@id":"https:\/\/mihealtheurope.org\/#website"},"datePublished":"2022-04-20T05:40:30+00:00","dateModified":"2024-11-19T20:09:15+00:00","description":"Services de d\u00e9pistage du VIH et aide aux migrants en Europe. Notre organisation caritative pr\u00f4ne l'\u00e9quit\u00e9 en mati\u00e8re de soins de sant\u00e9, renforce les communaut\u00e9s et encourage la collaboration au sein de l'UE.","breadcrumb":{"@id":"https:\/\/mihealtheurope.org\/mi-health-home\/#breadcrumb"},"inLanguage":"fr-FR","potentialAction":[{"@type":"ReadAction","target":["https:\/\/mihealtheurope.org\/mi-health-home\/"]}]},{"@type":"BreadcrumbList","@id":"https:\/\/mihealtheurope.org\/mi-health-home\/#breadcrumb","itemListElement":[{"@type":"ListItem","position":1,"name":"Home","item":"https:\/\/mihealtheurope.org\/"},{"@type":"ListItem","position":2,"name":"Home"}]},{"@type":"WebSite","@id":"https:\/\/mihealtheurope.org\/#website","url":"https:\/\/mihealtheurope.org\/","name":"https:\/\/mihealtheurope.org\/","description":"Am\u00e9liorer la sant\u00e9 des migrants","publisher":{"@id":"https:\/\/mihealtheurope.org\/#organization"},"potentialAction":[{"@type":"SearchAction","target":{"@type":"EntryPoint","urlTemplate":"https:\/\/mihealtheurope.org\/?s={search_term_string}"},"query-input":{"@type":"PropertyValueSpecification","valueRequired":true,"valueName":"search_term_string"}}],"inLanguage":"fr-FR"},{"@type":"Organization","@id":"https:\/\/mihealtheurope.org\/#organization","name":"Mi-Health Europe","url":"https:\/\/mihealtheurope.org\/","logo":{"@type":"ImageObject","inLanguage":"fr-FR","@id":"https:\/\/mihealtheurope.org\/#\/schema\/logo\/image\/","url":"https:\/\/mihealtheurope.org\/wp-content\/uploads\/2024\/04\/MiHealth_Blue-High-Res.png","contentUrl":"https:\/\/mihealtheurope.org\/wp-content\/uploads\/2024\/04\/MiHealth_Blue-High-Res.png","width":1536,"height":1489,"caption":"Mi-Health Europe"},"image":{"@id":"https:\/\/mihealtheurope.org\/#\/schema\/logo\/image\/"},"sameAs":["https:\/\/www.facebook.com\/MiHealthAAF","https:\/\/x.com\/MiHealth_Europe","https:\/\/www.instagram.com\/mi_health_advocacy\/"]}]}},"uagb_featured_image_src":{"full":false,"thumbnail":false,"medium":false,"medium_large":false,"large":false,"1536x1536":false,"2048x2048":false,"trp-custom-language-flag":false,"blog-img":false,"gform-image-choice-sm":false,"gform-image-choice-md":false,"gform-image-choice-lg":false},"uagb_author_info":{"display_name":"MIHealthUsr","author_link":"https:\/\/mihealtheurope.org\/fr\/author\/mihealthusr\/"},"uagb_comment_info":0,"uagb_excerpt":"Find help Migrants equipped with the most accurate, up-to-date information and resources are best able to navigate their journeys. Our Work A strong and engaged community of advocates can elevate migrant voices and help create a healthier, more equitable Europe. Policy Learning Community About The latest fromMi-Health Europe","_links":{"self":[{"href":"https:\/\/mihealtheurope.org\/fr\/wp-json\/wp\/v2\/pages\/2","targetHints":{"allow":["GET"]}}],"collection":[{"href":"https:\/\/mihealtheurope.org\/fr\/wp-json\/wp\/v2\/pages"}],"about":[{"href":"https:\/\/mihealtheurope.org\/fr\/wp-json\/wp\/v2\/types\/page"}],"author":[{"embeddable":true,"href":"https:\/\/mihealtheurope.org\/fr\/wp-json\/wp\/v2\/users\/1"}],"replies":[{"embeddable":true,"href":"https:\/\/mihealtheurope.org\/fr\/wp-json\/wp\/v2\/comments?post=2"}],"version-history":[{"count":45,"href":"https:\/\/mihealtheurope.org\/fr\/wp-json\/wp\/v2\/pages\/2\/revisions"}],"predecessor-version":[{"id":2118,"href":"https:\/\/mihealtheurope.org\/fr\/wp-json\/wp\/v2\/pages\/2\/revisions\/2118"}],"wp:attachment":[{"href":"https:\/\/mihealtheurope.org\/fr\/wp-json\/wp\/v2\/media?parent=2"}],"wp:term":[{"taxonomy":"wf_page_folders","embeddable":true,"href":"https:\/\/mihealtheurope.org\/fr\/wp-json\/wp\/v2\/wf_page_folders?post=2"}],"curies":[{"name":"wp","href":"https:\/\/api.w.org\/{rel}","templated":true}]}}