{"id":16,"date":"2022-04-20T07:09:40","date_gmt":"2022-04-20T06:09:40","guid":{"rendered":"https:\/\/mihealth.418staging.co.uk\/?page_id=16"},"modified":"2024-06-24T12:59:26","modified_gmt":"2024-06-24T11:59:26","slug":"a-propos","status":"publish","type":"page","link":"https:\/\/mihealtheurope.org\/fr\/about\/","title":{"rendered":"\u00c0 propos"},"content":{"rendered":"<div style=\"height:50px\" aria-hidden=\"true\" class=\"wp-block-spacer\"><\/div>\n\n\n\n<div class=\"wp-block-group\"><div class=\"wp-block-group__inner-container is-layout-flow wp-block-group-is-layout-flow\">\n<h1 class=\"wp-block-heading\">\u00c0 propos<\/h1>\n\n\n\n<p class=\"has-medium-font-size\">Mi-Health Europe est une collaboration politique dont l\u2019objectif est de renforcer la capacit\u00e9 des communaut\u00e9s migrantes d\u2019Europe \u00e0 acc\u00e9der \u00e0 diff\u00e9rents services et influencer les politiques et pratiques de sant\u00e9.<\/p>\n\n\n\n<div class=\"wp-block-columns is-layout-flex wp-container-core-columns-is-layout-9d6595d7 wp-block-columns-is-layout-flex\">\n<div class=\"wp-block-column is-layout-flow wp-block-column-is-layout-flow\">\n<h2 class=\"wp-block-heading\">Notre vision<\/h2>\n\n\n\n<p>Une Europe dans laquelle tous les migrants peuvent mener une vie saine et stable.<\/p>\n\n\n\n<h2 class=\"wp-block-heading\">Notre mission<\/h2>\n\n\n\n<p>Promouvoir une communaut\u00e9 europ\u00e9enne inclusive et \u00e9quip\u00e9e d\u2019organisations et de services supportant les migrants en renfor\u00e7ant les capacit\u00e9s et en influen\u00e7ant les politiques, le plaidoyer, la collaboration et le partage des meilleures pratiques entre experts dans le domaine de la sant\u00e9.<\/p>\n\n\n\n<div style=\"height:20px\" aria-hidden=\"true\" class=\"wp-block-spacer\"><\/div>\n\n\n<div class=\"wp-block-image\">\n<figure class=\"aligncenter is-resized\"><img loading=\"lazy\" decoding=\"async\" width=\"1200\" height=\"1200\" src=\"https:\/\/mihealtheurope.org\/wp-content\/uploads\/2022\/08\/Mi-Health-image-edited.jpeg\" alt=\"D\u00e9fense des droits des migrants en mati\u00e8re de soins de sant\u00e9 en Europe _ Mi Health Europe\" class=\"wp-image-1419\" style=\"width:300px\" srcset=\"https:\/\/mihealtheurope.org\/wp-content\/uploads\/2022\/08\/Mi-Health-image-edited.jpeg 1200w, https:\/\/mihealtheurope.org\/wp-content\/uploads\/2022\/08\/Mi-Health-image-edited-300x300.jpeg 300w, https:\/\/mihealtheurope.org\/wp-content\/uploads\/2022\/08\/Mi-Health-image-edited-1024x1024.jpeg 1024w, https:\/\/mihealtheurope.org\/wp-content\/uploads\/2022\/08\/Mi-Health-image-edited-150x150.jpeg 150w, https:\/\/mihealtheurope.org\/wp-content\/uploads\/2022\/08\/Mi-Health-image-edited-768x768.jpeg 768w, https:\/\/mihealtheurope.org\/wp-content\/uploads\/2022\/08\/Mi-Health-image-edited-12x12.jpeg 12w\" sizes=\"auto, (max-width: 1200px) 100vw, 1200px\" \/><\/figure>\n<\/div><\/div>\n\n\n\n<div class=\"wp-block-column is-layout-flow wp-block-column-is-layout-flow\">\n<h2 class=\"wp-block-heading\">Nos valeurs<\/h2>\n\n\n\n<p class=\"translation-block\">Mi-Health Europe et ses organisations partenaires s'engagent \u00e0 promouvoir les valeurs suivantes dans tout ce que nous entreprenons:<\/p>\n\n\n\n<ul class=\"wp-block-list\">\n<li>Autonomisation: Nous croyons fermement qu\u2019en \u00e9tant \u00e9quip\u00e9s d\u2019informations et de ressources cr\u00e9dibles et \u00e0 jour, les migrants sont mieux capables de s\u2019int\u00e9grer dans leurs nouveaux environnements et de prendre des d\u00e9cisions plus saines et r\u00e9fl\u00e9chies.<\/li>\n\n\n\n<li>Collaboration: Nous faisons progresser la recherche, les politiques et les actions qui sont bas\u00e9es sur les exp\u00e9riences ainsi que l'expertise des migrants affect\u00e9s par le VIH et autres conditions de sant\u00e9. Le soutien de notre communaut\u00e9 diverse et engag\u00e9e permet de garantir que notre travail refl\u00e8te les besoins et exp\u00e9riences des divers groupes de migrants que nous supportons \u00e0 travers l\u2019Europe.<\/li>\n\n\n\n<li>Inclusivit\u00e9: Nous sommes conscients que la cr\u00e9ation d\u2019une communaut\u00e9 forte et durable n\u00e9cessite l\u2019inclusion et la contribution des d\u00e9fenseurs de la sant\u00e9 des migrants ainsi que tous les migrants d\u2019Europe, quels que soient leur nationalit\u00e9, leur statut l\u00e9gal, ou leurs besoins en mati\u00e8re de sant\u00e9.<\/li>\n\n\n\n<li>Responsabilit\u00e9: nous veillons \u00e0 ce que nos efforts, bien que soutenus par plusieurs parties prenantes, soient ax\u00e9s sur une m\u00eame mission. De plus, ceux-ci doivent \u00eatre dirig\u00e9s par, pour et avec les migrants et les personnes directement affect\u00e9s par le VIH.<\/li>\n<\/ul>\n<\/div>\n<\/div>\n<\/div><\/div>\n\n\n\n<div style=\"height:50px\" aria-hidden=\"true\" class=\"wp-block-spacer\"><\/div>\n\n\n\n<div class=\"wp-block-cover is-light\"><span aria-hidden=\"true\" class=\"wp-block-cover__background has-background-dim\"><\/span><img loading=\"lazy\" decoding=\"async\" width=\"2000\" height=\"843\" class=\"wp-block-cover__image-background wp-image-879\" alt=\"\" src=\"https:\/\/mihealtheurope.org\/wp-content\/uploads\/2022\/05\/cover1.jpg\" data-object-fit=\"cover\" srcset=\"https:\/\/mihealtheurope.org\/wp-content\/uploads\/2022\/05\/cover1.jpg 2000w, https:\/\/mihealtheurope.org\/wp-content\/uploads\/2022\/05\/cover1-300x126.jpg 300w, https:\/\/mihealtheurope.org\/wp-content\/uploads\/2022\/05\/cover1-1024x432.jpg 1024w, https:\/\/mihealtheurope.org\/wp-content\/uploads\/2022\/05\/cover1-768x324.jpg 768w, https:\/\/mihealtheurope.org\/wp-content\/uploads\/2022\/05\/cover1-1536x647.jpg 1536w, https:\/\/mihealtheurope.org\/wp-content\/uploads\/2022\/05\/cover1-18x8.jpg 18w\" sizes=\"auto, (max-width: 2000px) 100vw, 2000px\" \/><div class=\"wp-block-cover__inner-container is-layout-flow wp-block-cover-is-layout-flow\">\n<h2 class=\"wp-block-heading has-text-align-center has-white-color has-text-color\">Notre histoire<\/h2>\n\n\n\n<div class=\"wp-block-group\"><div class=\"wp-block-group__inner-container is-layout-flow wp-block-group-is-layout-flow\">\n<p class=\"has-text-align-center has-white-color has-text-color has-medium-font-size translation-block\">Mi-Health Europe a \u00e9t\u00e9 fond\u00e9 par Africa Advocacy Foundation, \u00e0 la suite de consultations avec des individus et d'organisations au sein des communaut\u00e9s migrantes dans divers pays d\u2019Europe \u00e0 propos de leurs exp\u00e9riences en termes d'acc\u00e8s aux soins de sant\u00e9 ainsi que les obstacles auxquels ils sont quotidiennement confront\u00e9s. C\u2019est ainsi que nous avons reconnu que la cr\u00e9ation d'une plate-forme collaborative serait une premi\u00e8re \u00e9tape id\u00e9ale pour trouver des solutions \u00e0 ces obstacles, autonomiser les communaut\u00e9s migrantes, et inspirer le changement aupr\u00e8s de communaut\u00e9s europ\u00e9ennes.<\/p>\n<\/div><\/div>\n<\/div><\/div>\n\n\n\n<div class=\"wp-block-group has-white-color has-theme-colour-1-background-color has-text-color has-background\"><div class=\"wp-block-group__inner-container is-layout-flow wp-block-group-is-layout-flow\">\n<div style=\"height:35px\" aria-hidden=\"true\" class=\"wp-block-spacer\"><\/div>\n\n\n\n<p><strong>Nous croyons<\/strong> fermement que les migrants sont capables de mieux prendre leur vie en main et de mieux s\u2019adapter lorsqu'ils disposent d'informations accessibles et pr\u00e9cises. Nous maintenons une base de donn\u00e9es compl\u00e8te de ressources afin d\u2019aider les migrants \u00e0 surmonter les nombreux obstacles auxquels ils sont confront\u00e9s lorsqu'ils naviguent de nouveaux syst\u00e8mes juridiques et de sant\u00e9 auxquels ils ne sont pas n\u00e9cessairement familiers.<\/p>\n\n\n\n<p><strong>Nous \u00e9changeons<\/strong> les meilleures pratiques et connaissances et trouvons des solutions innovantes aux d\u00e9fis sanitaires et socio-\u00e9conomiques communs qui affectent diverses communaut\u00e9s migrantes en Europe dans notre Communaut\u00e9 de Pratique.<\/p>\n\n\n\n<p class=\"translation-block\">Nous soutenons des groupes de travail consistant de d\u00e9fenseurs de la sant\u00e9 des migrants et dont la recherche est bas\u00e9e sur des politiques qui r\u00e9pondent aux besoins, pr\u00e9occupations et exp\u00e9riences des migrants.<\/p>\n\n\n\n<p><strong>Nous renfor\u00e7ons<\/strong> notre capacit\u00e9 d'action collaborative et de mobilisation communautaire \u00e0 travers nos diverses activit\u00e9s et formations \u00e0 Mi-Health.<\/p>\n\n\n\n<p>Si vous souhaitez nous rejoindre, contactez-nous \u00e0 <a href=\"mailto:mihealth@africadvocacy.org\">mihealth@africadvocacy.org<\/a>.&nbsp;<\/p>\n\n\n\n<div style=\"height:80px\" aria-hidden=\"true\" class=\"wp-block-spacer\"><\/div>\n<\/div><\/div>","protected":false},"excerpt":{"rendered":"<p>About Mi-Health Europe is a policy and advocacy collaborative that strengthens the capacity of European migrant communities to engage with services and to influence healthcare policy and practice. Our Vision A Europe in which all migrants are able to realise a healthy and safe life. Our Mission Promoting an inclusive, empowered European community of frontline [&hellip;]<\/p>\n","protected":false},"author":1,"featured_media":0,"parent":0,"menu_order":0,"comment_status":"closed","ping_status":"closed","template":"","meta":{"_acf_changed":false,"_uag_custom_page_level_css":"","footnotes":""},"wf_page_folders":[],"class_list":["post-16","page","type-page","status-publish","hentry"],"acf":[],"yoast_head":"<!-- This site is optimized with the Yoast SEO plugin v27.4 - https:\/\/yoast.com\/product\/yoast-seo-wordpress\/ -->\n<title>European migrant healthcare advocacy - Mi-Health Europe<\/title>\n<meta name=\"description\" content=\"Join Mi-Health Europe&#039;s advocacy collaborative empowering European migrant communities in healthcare navigation and policy influence.\" \/>\n<meta name=\"robots\" content=\"index, follow, max-snippet:-1, max-image-preview:large, max-video-preview:-1\" \/>\n<link rel=\"canonical\" href=\"https:\/\/mihealtheurope.org\/fr\/a-propos\/\" \/>\n<meta property=\"og:locale\" content=\"fr_FR\" \/>\n<meta property=\"og:type\" content=\"article\" \/>\n<meta property=\"og:title\" content=\"European migrant healthcare advocacy - Mi-Health Europe\" \/>\n<meta property=\"og:description\" content=\"Join Mi-Health Europe&#039;s advocacy collaborative empowering European migrant communities in healthcare navigation and policy influence.\" \/>\n<meta property=\"og:url\" content=\"https:\/\/mihealtheurope.org\/fr\/a-propos\/\" \/>\n<meta property=\"og:site_name\" content=\"Mi-Health Europe\" \/>\n<meta property=\"article:publisher\" content=\"https:\/\/www.facebook.com\/MiHealthAAF\" \/>\n<meta property=\"article:modified_time\" content=\"2024-06-24T11:59:26+00:00\" \/>\n<meta property=\"og:image\" content=\"https:\/\/mihealtheurope.org\/wp-content\/uploads\/2022\/08\/Mi-Health-image-edited.jpeg\" \/>\n<meta name=\"twitter:card\" content=\"summary_large_image\" \/>\n<meta name=\"twitter:site\" content=\"@MiHealth_Europe\" \/>\n<meta name=\"twitter:label1\" content=\"Dur\u00e9e de lecture estim\u00e9e\" \/>\n\t<meta name=\"twitter:data1\" content=\"3 minutes\" \/>\n<script type=\"application\/ld+json\" class=\"yoast-schema-graph\">{\"@context\":\"https:\\\/\\\/schema.org\",\"@graph\":[{\"@type\":\"WebPage\",\"@id\":\"https:\\\/\\\/mihealtheurope.org\\\/about\\\/\",\"url\":\"https:\\\/\\\/mihealtheurope.org\\\/about\\\/\",\"name\":\"European migrant healthcare advocacy - Mi-Health Europe\",\"isPartOf\":{\"@id\":\"https:\\\/\\\/mihealtheurope.org\\\/#website\"},\"primaryImageOfPage\":{\"@id\":\"https:\\\/\\\/mihealtheurope.org\\\/about\\\/#primaryimage\"},\"image\":{\"@id\":\"https:\\\/\\\/mihealtheurope.org\\\/about\\\/#primaryimage\"},\"thumbnailUrl\":\"https:\\\/\\\/mihealtheurope.org\\\/wp-content\\\/uploads\\\/2022\\\/08\\\/Mi-Health-image-edited.jpeg\",\"datePublished\":\"2022-04-20T06:09:40+00:00\",\"dateModified\":\"2024-06-24T11:59:26+00:00\",\"description\":\"Join Mi-Health Europe's advocacy collaborative empowering European migrant communities in healthcare navigation and policy influence.\",\"breadcrumb\":{\"@id\":\"https:\\\/\\\/mihealtheurope.org\\\/about\\\/#breadcrumb\"},\"inLanguage\":\"fr-FR\",\"potentialAction\":[{\"@type\":\"ReadAction\",\"target\":[\"https:\\\/\\\/mihealtheurope.org\\\/about\\\/\"]}]},{\"@type\":\"ImageObject\",\"inLanguage\":\"fr-FR\",\"@id\":\"https:\\\/\\\/mihealtheurope.org\\\/about\\\/#primaryimage\",\"url\":\"https:\\\/\\\/mihealtheurope.org\\\/wp-content\\\/uploads\\\/2022\\\/08\\\/Mi-Health-image-edited.jpeg\",\"contentUrl\":\"https:\\\/\\\/mihealtheurope.org\\\/wp-content\\\/uploads\\\/2022\\\/08\\\/Mi-Health-image-edited.jpeg\"},{\"@type\":\"BreadcrumbList\",\"@id\":\"https:\\\/\\\/mihealtheurope.org\\\/about\\\/#breadcrumb\",\"itemListElement\":[{\"@type\":\"ListItem\",\"position\":1,\"name\":\"Home\",\"item\":\"https:\\\/\\\/mihealtheurope.org\\\/\"},{\"@type\":\"ListItem\",\"position\":2,\"name\":\"About\"}]},{\"@type\":\"WebSite\",\"@id\":\"https:\\\/\\\/mihealtheurope.org\\\/#website\",\"url\":\"https:\\\/\\\/mihealtheurope.org\\\/\",\"name\":\"https:\\\/\\\/mihealtheurope.org\\\/\",\"description\":\"Improving migrant health\",\"publisher\":{\"@id\":\"https:\\\/\\\/mihealtheurope.org\\\/#organization\"},\"potentialAction\":[{\"@type\":\"SearchAction\",\"target\":{\"@type\":\"EntryPoint\",\"urlTemplate\":\"https:\\\/\\\/mihealtheurope.org\\\/?s={search_term_string}\"},\"query-input\":{\"@type\":\"PropertyValueSpecification\",\"valueRequired\":true,\"valueName\":\"search_term_string\"}}],\"inLanguage\":\"fr-FR\"},{\"@type\":\"Organization\",\"@id\":\"https:\\\/\\\/mihealtheurope.org\\\/#organization\",\"name\":\"Mi-Health Europe\",\"url\":\"https:\\\/\\\/mihealtheurope.org\\\/\",\"logo\":{\"@type\":\"ImageObject\",\"inLanguage\":\"fr-FR\",\"@id\":\"https:\\\/\\\/mihealtheurope.org\\\/#\\\/schema\\\/logo\\\/image\\\/\",\"url\":\"https:\\\/\\\/mihealtheurope.org\\\/wp-content\\\/uploads\\\/2024\\\/04\\\/MiHealth_Blue-High-Res.png\",\"contentUrl\":\"https:\\\/\\\/mihealtheurope.org\\\/wp-content\\\/uploads\\\/2024\\\/04\\\/MiHealth_Blue-High-Res.png\",\"width\":1536,\"height\":1489,\"caption\":\"Mi-Health Europe\"},\"image\":{\"@id\":\"https:\\\/\\\/mihealtheurope.org\\\/#\\\/schema\\\/logo\\\/image\\\/\"},\"sameAs\":[\"https:\\\/\\\/www.facebook.com\\\/MiHealthAAF\",\"https:\\\/\\\/x.com\\\/MiHealth_Europe\",\"https:\\\/\\\/www.instagram.com\\\/mi_health_advocacy\\\/\"]}]}<\/script>\n<!-- \/ Yoast SEO plugin. -->","yoast_head_json":{"title":"D\u00e9fense des droits des migrants en mati\u00e8re de soins de sant\u00e9 - Mi-Health Europe","description":"Rejoignez le groupe de travail de Mi-Health Europe qui donne aux communaut\u00e9s de migrants europ\u00e9ens les moyens d'acc\u00e9der aux soins de sant\u00e9 et d'influer sur les politiques.","robots":{"index":"index","follow":"follow","max-snippet":"max-snippet:-1","max-image-preview":"max-image-preview:large","max-video-preview":"max-video-preview:-1"},"canonical":"https:\/\/mihealtheurope.org\/fr\/a-propos\/","og_locale":"fr_FR","og_type":"article","og_title":"European migrant healthcare advocacy - Mi-Health Europe","og_description":"Join Mi-Health Europe's advocacy collaborative empowering European migrant communities in healthcare navigation and policy influence.","og_url":"https:\/\/mihealtheurope.org\/fr\/a-propos\/","og_site_name":"Mi-Health Europe","article_publisher":"https:\/\/www.facebook.com\/MiHealthAAF","article_modified_time":"2024-06-24T11:59:26+00:00","og_image":[{"url":"https:\/\/mihealtheurope.org\/wp-content\/uploads\/2022\/08\/Mi-Health-image-edited.jpeg","type":"","width":"","height":""}],"twitter_card":"summary_large_image","twitter_site":"@MiHealth_Europe","twitter_misc":{"Dur\u00e9e de lecture estim\u00e9e":"3 minutes"},"schema":{"@context":"https:\/\/schema.org","@graph":[{"@type":"WebPage","@id":"https:\/\/mihealtheurope.org\/about\/","url":"https:\/\/mihealtheurope.org\/about\/","name":"D\u00e9fense des droits des migrants en mati\u00e8re de soins de sant\u00e9 - Mi-Health Europe","isPartOf":{"@id":"https:\/\/mihealtheurope.org\/#website"},"primaryImageOfPage":{"@id":"https:\/\/mihealtheurope.org\/about\/#primaryimage"},"image":{"@id":"https:\/\/mihealtheurope.org\/about\/#primaryimage"},"thumbnailUrl":"https:\/\/mihealtheurope.org\/wp-content\/uploads\/2022\/08\/Mi-Health-image-edited.jpeg","datePublished":"2022-04-20T06:09:40+00:00","dateModified":"2024-06-24T11:59:26+00:00","description":"Rejoignez le groupe de travail de Mi-Health Europe qui donne aux communaut\u00e9s de migrants europ\u00e9ens les moyens d'acc\u00e9der aux soins de sant\u00e9 et d'influer sur les politiques.","breadcrumb":{"@id":"https:\/\/mihealtheurope.org\/about\/#breadcrumb"},"inLanguage":"fr-FR","potentialAction":[{"@type":"ReadAction","target":["https:\/\/mihealtheurope.org\/about\/"]}]},{"@type":"ImageObject","inLanguage":"fr-FR","@id":"https:\/\/mihealtheurope.org\/about\/#primaryimage","url":"https:\/\/mihealtheurope.org\/wp-content\/uploads\/2022\/08\/Mi-Health-image-edited.jpeg","contentUrl":"https:\/\/mihealtheurope.org\/wp-content\/uploads\/2022\/08\/Mi-Health-image-edited.jpeg"},{"@type":"BreadcrumbList","@id":"https:\/\/mihealtheurope.org\/about\/#breadcrumb","itemListElement":[{"@type":"ListItem","position":1,"name":"Home","item":"https:\/\/mihealtheurope.org\/"},{"@type":"ListItem","position":2,"name":"About"}]},{"@type":"WebSite","@id":"https:\/\/mihealtheurope.org\/#website","url":"https:\/\/mihealtheurope.org\/","name":"https:\/\/mihealtheurope.org\/","description":"Am\u00e9liorer la sant\u00e9 des migrants","publisher":{"@id":"https:\/\/mihealtheurope.org\/#organization"},"potentialAction":[{"@type":"SearchAction","target":{"@type":"EntryPoint","urlTemplate":"https:\/\/mihealtheurope.org\/?s={search_term_string}"},"query-input":{"@type":"PropertyValueSpecification","valueRequired":true,"valueName":"search_term_string"}}],"inLanguage":"fr-FR"},{"@type":"Organization","@id":"https:\/\/mihealtheurope.org\/#organization","name":"Mi-Health Europe","url":"https:\/\/mihealtheurope.org\/","logo":{"@type":"ImageObject","inLanguage":"fr-FR","@id":"https:\/\/mihealtheurope.org\/#\/schema\/logo\/image\/","url":"https:\/\/mihealtheurope.org\/wp-content\/uploads\/2024\/04\/MiHealth_Blue-High-Res.png","contentUrl":"https:\/\/mihealtheurope.org\/wp-content\/uploads\/2024\/04\/MiHealth_Blue-High-Res.png","width":1536,"height":1489,"caption":"Mi-Health Europe"},"image":{"@id":"https:\/\/mihealtheurope.org\/#\/schema\/logo\/image\/"},"sameAs":["https:\/\/www.facebook.com\/MiHealthAAF","https:\/\/x.com\/MiHealth_Europe","https:\/\/www.instagram.com\/mi_health_advocacy\/"]}]}},"uagb_featured_image_src":{"full":false,"thumbnail":false,"medium":false,"medium_large":false,"large":false,"1536x1536":false,"2048x2048":false,"trp-custom-language-flag":false,"blog-img":false,"gform-image-choice-sm":false,"gform-image-choice-md":false,"gform-image-choice-lg":false},"uagb_author_info":{"display_name":"MIHealthUsr","author_link":"https:\/\/mihealtheurope.org\/fr\/author\/mihealthusr\/"},"uagb_comment_info":0,"uagb_excerpt":"About Mi-Health Europe is a policy and advocacy collaborative that strengthens the capacity of European migrant communities to engage with services and to influence healthcare policy and practice. Our Vision A Europe in which all migrants are able to realise a healthy and safe life. Our Mission Promoting an inclusive, empowered European community of frontline\u2026","_links":{"self":[{"href":"https:\/\/mihealtheurope.org\/fr\/wp-json\/wp\/v2\/pages\/16","targetHints":{"allow":["GET"]}}],"collection":[{"href":"https:\/\/mihealtheurope.org\/fr\/wp-json\/wp\/v2\/pages"}],"about":[{"href":"https:\/\/mihealtheurope.org\/fr\/wp-json\/wp\/v2\/types\/page"}],"author":[{"embeddable":true,"href":"https:\/\/mihealtheurope.org\/fr\/wp-json\/wp\/v2\/users\/1"}],"replies":[{"embeddable":true,"href":"https:\/\/mihealtheurope.org\/fr\/wp-json\/wp\/v2\/comments?post=16"}],"version-history":[{"count":23,"href":"https:\/\/mihealtheurope.org\/fr\/wp-json\/wp\/v2\/pages\/16\/revisions"}],"predecessor-version":[{"id":2123,"href":"https:\/\/mihealtheurope.org\/fr\/wp-json\/wp\/v2\/pages\/16\/revisions\/2123"}],"wp:attachment":[{"href":"https:\/\/mihealtheurope.org\/fr\/wp-json\/wp\/v2\/media?parent=16"}],"wp:term":[{"taxonomy":"wf_page_folders","embeddable":true,"href":"https:\/\/mihealtheurope.org\/fr\/wp-json\/wp\/v2\/wf_page_folders?post=16"}],"curies":[{"name":"wp","href":"https:\/\/api.w.org\/{rel}","templated":true}]}}