{"id":12,"date":"2022-04-20T07:08:58","date_gmt":"2022-04-20T06:08:58","guid":{"rendered":"https:\/\/mihealth.418staging.co.uk\/?page_id=12"},"modified":"2024-06-24T12:58:13","modified_gmt":"2024-06-24T11:58:13","slug":"apprentissage","status":"publish","type":"page","link":"https:\/\/mihealtheurope.org\/fr\/learning\/","title":{"rendered":"Apprentissage"},"content":{"rendered":"<div style=\"height:50px\" aria-hidden=\"true\" class=\"wp-block-spacer\"><\/div>\n\n\n\n<div class=\"wp-block-group\"><div class=\"wp-block-group__inner-container is-layout-flow wp-block-group-is-layout-flow\">\n<div class=\"wp-block-media-text alignwide has-media-on-the-right is-stacked-on-mobile\"><div class=\"wp-block-media-text__content\">\n<figure class=\"wp-block-image size-full\"><img loading=\"lazy\" decoding=\"async\" width=\"150\" height=\"140\" src=\"https:\/\/mihealtheurope.org\/wp-content\/uploads\/2022\/05\/MiLearning_Orange-High-Res-small-1.png\" alt=\"\" class=\"wp-image-849\" srcset=\"https:\/\/mihealtheurope.org\/wp-content\/uploads\/2022\/05\/MiLearning_Orange-High-Res-small-1.png 150w, https:\/\/mihealtheurope.org\/wp-content\/uploads\/2022\/05\/MiLearning_Orange-High-Res-small-1-13x12.png 13w\" sizes=\"auto, (max-width: 150px) 100vw, 150px\" \/><\/figure>\n\n\n\n<p>En \u00e9tant dot\u00e9s des outils, comp\u00e9tences et ressources essentiels, les dirigeants, professionnels de premi\u00e8re ligne et les organisations dirig\u00e9es par des migrants sont en mesure d\u2019approfondir leurs connaissances, de mieux mobiliser les migrants et d'impacter les politiques de soins de sant\u00e9 aux niveaux local, national et r\u00e9gional. Inscrivez-vous \u00e0 nos formations, et renfor\u00e7ons ensemble notre capacit\u00e9 d\u2019action collaborative. Vous trouverez des informations sur comment vous inscrire \u00e0 nos futures formations, ainsi que nos archives ici.<\/p>\n\n\n\n<div style=\"height:30px\" aria-hidden=\"true\" class=\"wp-block-spacer\"><\/div>\n\n\n\n<div class=\"wp-block-buttons is-layout-flex wp-block-buttons-is-layout-flex\">\n<div class=\"wp-block-button has-custom-font-size has-medium-font-size\"><a class=\"wp-block-button__link has-theme-colour-2-background-color has-background wp-element-button\" href=\"\/fr\/sessions\/\" style=\"border-radius:6px\"><strong>Inscrivez-vous maintenant<\/strong><\/a><\/div>\n<\/div>\n\n\n\n<div style=\"height:80px\" aria-hidden=\"true\" class=\"wp-block-spacer\"><\/div>\n<\/div><figure class=\"wp-block-media-text__media\"><img loading=\"lazy\" decoding=\"async\" width=\"549\" height=\"500\" src=\"https:\/\/mihealtheurope.org\/wp-content\/uploads\/2022\/05\/pic1.png\" alt=\"Programme de formation \u00e0 la sant\u00e9 des migrants | Mi-Health Europe\" class=\"wp-image-822 size-full\" srcset=\"https:\/\/mihealtheurope.org\/wp-content\/uploads\/2022\/05\/pic1.png 549w, https:\/\/mihealtheurope.org\/wp-content\/uploads\/2022\/05\/pic1-300x273.png 300w, https:\/\/mihealtheurope.org\/wp-content\/uploads\/2022\/05\/pic1-13x12.png 13w\" sizes=\"auto, (max-width: 549px) 100vw, 549px\" \/><\/figure><\/div>\n<\/div><\/div>\n\n\n\n<div class=\"wp-block-group has-white-color has-theme-colour-1-background-color has-text-color has-background\"><div class=\"wp-block-group__inner-container is-layout-flow wp-block-group-is-layout-flow\">\n<div class=\"wp-block-media-text alignwide is-stacked-on-mobile\"><figure class=\"wp-block-media-text__media\"><img loading=\"lazy\" decoding=\"async\" width=\"526\" height=\"500\" src=\"https:\/\/mihealtheurope.org\/wp-content\/uploads\/2022\/05\/pic2.png\" alt=\"Programme de formation \u00e0 la sant\u00e9 des migrants | Mi-Health Europe\" class=\"wp-image-824 size-full\" srcset=\"https:\/\/mihealtheurope.org\/wp-content\/uploads\/2022\/05\/pic2.png 526w, https:\/\/mihealtheurope.org\/wp-content\/uploads\/2022\/05\/pic2-300x285.png 300w, https:\/\/mihealtheurope.org\/wp-content\/uploads\/2022\/05\/pic2-13x12.png 13w\" sizes=\"auto, (max-width: 526px) 100vw, 526px\" \/><\/figure><div class=\"wp-block-media-text__content\">\n<div style=\"height:80px\" aria-hidden=\"true\" class=\"wp-block-spacer\"><\/div>\n\n\n\n<figure class=\"wp-block-image size-full\"><img loading=\"lazy\" decoding=\"async\" width=\"150\" height=\"140\" src=\"https:\/\/mihealtheurope.org\/wp-content\/uploads\/2022\/05\/Mi-Care-color-logo-small-1.png\" alt=\"\" class=\"wp-image-851\" srcset=\"https:\/\/mihealtheurope.org\/wp-content\/uploads\/2022\/05\/Mi-Care-color-logo-small-1.png 150w, https:\/\/mihealtheurope.org\/wp-content\/uploads\/2022\/05\/Mi-Care-color-logo-small-1-13x12.png 13w\" sizes=\"auto, (max-width: 150px) 100vw, 150px\" \/><\/figure>\n\n\n\n<p class=\"translation-block\">Notre programme de formation de 5 semaines a pour but d'\u00e9quiper les d\u00e9fenseurs de la sant\u00e9 communautaire \u00e0 travers l'UE et le Royaume-Uni de comp\u00e9tences et de r\u00e9seaux n\u00e9cessaires afin de mieux soutenir les migrants vuln\u00e9rables au VIH, \u00e0 l'h\u00e9patite virale, \u00e0 la tuberculose et \u00e0 d'autres conditions de sant\u00e9. Lorsque les migrants sont impliqu\u00e9s dans les d\u00e9cisions concernant leurs soins de sant\u00e9 et nous collaborons \u00e0 des initiatives de plaidoyer, nous pouvons obtenir de meilleurs r\u00e9sultats en mati\u00e8re de sant\u00e9 pour tout individu et pour nos communaut\u00e9s.<\/p>\n\n\n\n<div style=\"height:30px\" aria-hidden=\"true\" class=\"wp-block-spacer\"><\/div>\n\n\n\n<div class=\"wp-block-buttons is-layout-flex wp-block-buttons-is-layout-flex\">\n<div class=\"wp-block-button has-custom-font-size has-medium-font-size\"><a class=\"wp-block-button__link has-theme-colour-2-background-color has-background wp-element-button\" href=\"https:\/\/mihealtheurope.org\/fr\/migrant-health-advocacy-training\/\" style=\"border-radius:6px\"><strong>En savoir plus<\/strong><\/a><\/div>\n<\/div>\n\n\n\n<div style=\"height:80px\" aria-hidden=\"true\" class=\"wp-block-spacer\"><\/div>\n<\/div><\/div>\n<\/div><\/div>","protected":false},"excerpt":{"rendered":"<p>Leaders, frontline professionals and migrant-led organisations equipped with the essential tools, skills and resources to best support their communities are able to deepen their impact, to engage and mobilise migrants and to shape healthcare delivery and policy at the local, national and regional levels. Join us in the Migrant Health Training Program. Let\u2019s build our [&hellip;]<\/p>\n","protected":false},"author":1,"featured_media":0,"parent":0,"menu_order":0,"comment_status":"closed","ping_status":"closed","template":"","meta":{"_acf_changed":false,"_uag_custom_page_level_css":"","footnotes":""},"wf_page_folders":[],"class_list":["post-12","page","type-page","status-publish","hentry"],"acf":[],"yoast_head":"<!-- This site is optimized with the Yoast SEO plugin v27.4 - https:\/\/yoast.com\/product\/yoast-seo-wordpress\/ -->\n<title>Migrant Health Training Program - Mi-Health Europe<\/title>\n<meta name=\"description\" content=\"Join our Migrant Health Training Program to enhance your skills and networks for supporting migrant communities across Europe. Register now!\" \/>\n<meta name=\"robots\" content=\"index, follow, max-snippet:-1, max-image-preview:large, max-video-preview:-1\" \/>\n<link rel=\"canonical\" href=\"https:\/\/mihealtheurope.org\/fr\/apprentissage\/\" \/>\n<meta property=\"og:locale\" content=\"fr_FR\" \/>\n<meta property=\"og:type\" content=\"article\" \/>\n<meta property=\"og:title\" content=\"Migrant Health Training Program - Mi-Health Europe\" \/>\n<meta property=\"og:description\" content=\"Join our Migrant Health Training Program to enhance your skills and networks for supporting migrant communities across Europe. Register now!\" \/>\n<meta property=\"og:url\" content=\"https:\/\/mihealtheurope.org\/fr\/apprentissage\/\" \/>\n<meta property=\"og:site_name\" content=\"Mi-Health Europe\" \/>\n<meta property=\"article:publisher\" content=\"https:\/\/www.facebook.com\/MiHealthAAF\" \/>\n<meta property=\"article:modified_time\" content=\"2024-06-24T11:58:13+00:00\" \/>\n<meta property=\"og:image\" content=\"https:\/\/mihealtheurope.org\/wp-content\/uploads\/2022\/05\/MiLearning_Orange-High-Res-small-1.png\" \/>\n<meta name=\"twitter:card\" content=\"summary_large_image\" \/>\n<meta name=\"twitter:site\" content=\"@MiHealth_Europe\" \/>\n<meta name=\"twitter:label1\" content=\"Dur\u00e9e de lecture estim\u00e9e\" \/>\n\t<meta name=\"twitter:data1\" content=\"2 minutes\" \/>\n<script type=\"application\/ld+json\" class=\"yoast-schema-graph\">{\"@context\":\"https:\\\/\\\/schema.org\",\"@graph\":[{\"@type\":\"WebPage\",\"@id\":\"https:\\\/\\\/mihealtheurope.org\\\/learning\\\/\",\"url\":\"https:\\\/\\\/mihealtheurope.org\\\/learning\\\/\",\"name\":\"Migrant Health Training Program - Mi-Health Europe\",\"isPartOf\":{\"@id\":\"https:\\\/\\\/mihealtheurope.org\\\/#website\"},\"primaryImageOfPage\":{\"@id\":\"https:\\\/\\\/mihealtheurope.org\\\/learning\\\/#primaryimage\"},\"image\":{\"@id\":\"https:\\\/\\\/mihealtheurope.org\\\/learning\\\/#primaryimage\"},\"thumbnailUrl\":\"https:\\\/\\\/mihealtheurope.org\\\/wp-content\\\/uploads\\\/2022\\\/05\\\/MiLearning_Orange-High-Res-small-1.png\",\"datePublished\":\"2022-04-20T06:08:58+00:00\",\"dateModified\":\"2024-06-24T11:58:13+00:00\",\"description\":\"Join our Migrant Health Training Program to enhance your skills and networks for supporting migrant communities across Europe. Register now!\",\"breadcrumb\":{\"@id\":\"https:\\\/\\\/mihealtheurope.org\\\/learning\\\/#breadcrumb\"},\"inLanguage\":\"fr-FR\",\"potentialAction\":[{\"@type\":\"ReadAction\",\"target\":[\"https:\\\/\\\/mihealtheurope.org\\\/learning\\\/\"]}]},{\"@type\":\"ImageObject\",\"inLanguage\":\"fr-FR\",\"@id\":\"https:\\\/\\\/mihealtheurope.org\\\/learning\\\/#primaryimage\",\"url\":\"https:\\\/\\\/mihealtheurope.org\\\/wp-content\\\/uploads\\\/2022\\\/05\\\/MiLearning_Orange-High-Res-small-1.png\",\"contentUrl\":\"https:\\\/\\\/mihealtheurope.org\\\/wp-content\\\/uploads\\\/2022\\\/05\\\/MiLearning_Orange-High-Res-small-1.png\"},{\"@type\":\"BreadcrumbList\",\"@id\":\"https:\\\/\\\/mihealtheurope.org\\\/learning\\\/#breadcrumb\",\"itemListElement\":[{\"@type\":\"ListItem\",\"position\":1,\"name\":\"Home\",\"item\":\"https:\\\/\\\/mihealtheurope.org\\\/\"},{\"@type\":\"ListItem\",\"position\":2,\"name\":\"Learning\"}]},{\"@type\":\"WebSite\",\"@id\":\"https:\\\/\\\/mihealtheurope.org\\\/#website\",\"url\":\"https:\\\/\\\/mihealtheurope.org\\\/\",\"name\":\"https:\\\/\\\/mihealtheurope.org\\\/\",\"description\":\"Improving migrant health\",\"publisher\":{\"@id\":\"https:\\\/\\\/mihealtheurope.org\\\/#organization\"},\"potentialAction\":[{\"@type\":\"SearchAction\",\"target\":{\"@type\":\"EntryPoint\",\"urlTemplate\":\"https:\\\/\\\/mihealtheurope.org\\\/?s={search_term_string}\"},\"query-input\":{\"@type\":\"PropertyValueSpecification\",\"valueRequired\":true,\"valueName\":\"search_term_string\"}}],\"inLanguage\":\"fr-FR\"},{\"@type\":\"Organization\",\"@id\":\"https:\\\/\\\/mihealtheurope.org\\\/#organization\",\"name\":\"Mi-Health Europe\",\"url\":\"https:\\\/\\\/mihealtheurope.org\\\/\",\"logo\":{\"@type\":\"ImageObject\",\"inLanguage\":\"fr-FR\",\"@id\":\"https:\\\/\\\/mihealtheurope.org\\\/#\\\/schema\\\/logo\\\/image\\\/\",\"url\":\"https:\\\/\\\/mihealtheurope.org\\\/wp-content\\\/uploads\\\/2024\\\/04\\\/MiHealth_Blue-High-Res.png\",\"contentUrl\":\"https:\\\/\\\/mihealtheurope.org\\\/wp-content\\\/uploads\\\/2024\\\/04\\\/MiHealth_Blue-High-Res.png\",\"width\":1536,\"height\":1489,\"caption\":\"Mi-Health Europe\"},\"image\":{\"@id\":\"https:\\\/\\\/mihealtheurope.org\\\/#\\\/schema\\\/logo\\\/image\\\/\"},\"sameAs\":[\"https:\\\/\\\/www.facebook.com\\\/MiHealthAAF\",\"https:\\\/\\\/x.com\\\/MiHealth_Europe\",\"https:\\\/\\\/www.instagram.com\\\/mi_health_advocacy\\\/\"]}]}<\/script>\n<!-- \/ Yoast SEO plugin. -->","yoast_head_json":{"title":"Programme de formation \u00e0 la sant\u00e9 des migrants - Mi-Health Europe","description":"Rejoignez notre programme de formation sur la sant\u00e9 des migrants afin d'am\u00e9liorer vos comp\u00e9tences et vos r\u00e9seaux pour soutenir les communaut\u00e9s de migrants \u00e0 travers l'Europe. Inscrivez-vous d\u00e8s maintenant !","robots":{"index":"index","follow":"follow","max-snippet":"max-snippet:-1","max-image-preview":"max-image-preview:large","max-video-preview":"max-video-preview:-1"},"canonical":"https:\/\/mihealtheurope.org\/fr\/apprentissage\/","og_locale":"fr_FR","og_type":"article","og_title":"Migrant Health Training Program - Mi-Health Europe","og_description":"Join our Migrant Health Training Program to enhance your skills and networks for supporting migrant communities across Europe. Register now!","og_url":"https:\/\/mihealtheurope.org\/fr\/apprentissage\/","og_site_name":"Mi-Health Europe","article_publisher":"https:\/\/www.facebook.com\/MiHealthAAF","article_modified_time":"2024-06-24T11:58:13+00:00","og_image":[{"url":"https:\/\/mihealtheurope.org\/wp-content\/uploads\/2022\/05\/MiLearning_Orange-High-Res-small-1.png","type":"","width":"","height":""}],"twitter_card":"summary_large_image","twitter_site":"@MiHealth_Europe","twitter_misc":{"Dur\u00e9e de lecture estim\u00e9e":"2 minutes"},"schema":{"@context":"https:\/\/schema.org","@graph":[{"@type":"WebPage","@id":"https:\/\/mihealtheurope.org\/learning\/","url":"https:\/\/mihealtheurope.org\/learning\/","name":"Programme de formation \u00e0 la sant\u00e9 des migrants - Mi-Health Europe","isPartOf":{"@id":"https:\/\/mihealtheurope.org\/#website"},"primaryImageOfPage":{"@id":"https:\/\/mihealtheurope.org\/learning\/#primaryimage"},"image":{"@id":"https:\/\/mihealtheurope.org\/learning\/#primaryimage"},"thumbnailUrl":"https:\/\/mihealtheurope.org\/wp-content\/uploads\/2022\/05\/MiLearning_Orange-High-Res-small-1.png","datePublished":"2022-04-20T06:08:58+00:00","dateModified":"2024-06-24T11:58:13+00:00","description":"Rejoignez notre programme de formation sur la sant\u00e9 des migrants afin d'am\u00e9liorer vos comp\u00e9tences et vos r\u00e9seaux pour soutenir les communaut\u00e9s de migrants \u00e0 travers l'Europe. Inscrivez-vous d\u00e8s maintenant !","breadcrumb":{"@id":"https:\/\/mihealtheurope.org\/learning\/#breadcrumb"},"inLanguage":"fr-FR","potentialAction":[{"@type":"ReadAction","target":["https:\/\/mihealtheurope.org\/learning\/"]}]},{"@type":"ImageObject","inLanguage":"fr-FR","@id":"https:\/\/mihealtheurope.org\/learning\/#primaryimage","url":"https:\/\/mihealtheurope.org\/wp-content\/uploads\/2022\/05\/MiLearning_Orange-High-Res-small-1.png","contentUrl":"https:\/\/mihealtheurope.org\/wp-content\/uploads\/2022\/05\/MiLearning_Orange-High-Res-small-1.png"},{"@type":"BreadcrumbList","@id":"https:\/\/mihealtheurope.org\/learning\/#breadcrumb","itemListElement":[{"@type":"ListItem","position":1,"name":"Home","item":"https:\/\/mihealtheurope.org\/"},{"@type":"ListItem","position":2,"name":"Learning"}]},{"@type":"WebSite","@id":"https:\/\/mihealtheurope.org\/#website","url":"https:\/\/mihealtheurope.org\/","name":"https:\/\/mihealtheurope.org\/","description":"Am\u00e9liorer la sant\u00e9 des migrants","publisher":{"@id":"https:\/\/mihealtheurope.org\/#organization"},"potentialAction":[{"@type":"SearchAction","target":{"@type":"EntryPoint","urlTemplate":"https:\/\/mihealtheurope.org\/?s={search_term_string}"},"query-input":{"@type":"PropertyValueSpecification","valueRequired":true,"valueName":"search_term_string"}}],"inLanguage":"fr-FR"},{"@type":"Organization","@id":"https:\/\/mihealtheurope.org\/#organization","name":"Mi-Health Europe","url":"https:\/\/mihealtheurope.org\/","logo":{"@type":"ImageObject","inLanguage":"fr-FR","@id":"https:\/\/mihealtheurope.org\/#\/schema\/logo\/image\/","url":"https:\/\/mihealtheurope.org\/wp-content\/uploads\/2024\/04\/MiHealth_Blue-High-Res.png","contentUrl":"https:\/\/mihealtheurope.org\/wp-content\/uploads\/2024\/04\/MiHealth_Blue-High-Res.png","width":1536,"height":1489,"caption":"Mi-Health Europe"},"image":{"@id":"https:\/\/mihealtheurope.org\/#\/schema\/logo\/image\/"},"sameAs":["https:\/\/www.facebook.com\/MiHealthAAF","https:\/\/x.com\/MiHealth_Europe","https:\/\/www.instagram.com\/mi_health_advocacy\/"]}]}},"uagb_featured_image_src":{"full":false,"thumbnail":false,"medium":false,"medium_large":false,"large":false,"1536x1536":false,"2048x2048":false,"trp-custom-language-flag":false,"blog-img":false,"gform-image-choice-sm":false,"gform-image-choice-md":false,"gform-image-choice-lg":false},"uagb_author_info":{"display_name":"MIHealthUsr","author_link":"https:\/\/mihealtheurope.org\/fr\/author\/mihealthusr\/"},"uagb_comment_info":0,"uagb_excerpt":"Leaders, frontline professionals and migrant-led organisations equipped with the essential tools, skills and resources to best support their communities are able to deepen their impact, to engage and mobilise migrants and to shape healthcare delivery and policy at the local, national and regional levels. Join us in the Migrant Health Training Program. Let\u2019s build our\u2026","_links":{"self":[{"href":"https:\/\/mihealtheurope.org\/fr\/wp-json\/wp\/v2\/pages\/12","targetHints":{"allow":["GET"]}}],"collection":[{"href":"https:\/\/mihealtheurope.org\/fr\/wp-json\/wp\/v2\/pages"}],"about":[{"href":"https:\/\/mihealtheurope.org\/fr\/wp-json\/wp\/v2\/types\/page"}],"author":[{"embeddable":true,"href":"https:\/\/mihealtheurope.org\/fr\/wp-json\/wp\/v2\/users\/1"}],"replies":[{"embeddable":true,"href":"https:\/\/mihealtheurope.org\/fr\/wp-json\/wp\/v2\/comments?post=12"}],"version-history":[{"count":24,"href":"https:\/\/mihealtheurope.org\/fr\/wp-json\/wp\/v2\/pages\/12\/revisions"}],"predecessor-version":[{"id":2155,"href":"https:\/\/mihealtheurope.org\/fr\/wp-json\/wp\/v2\/pages\/12\/revisions\/2155"}],"wp:attachment":[{"href":"https:\/\/mihealtheurope.org\/fr\/wp-json\/wp\/v2\/media?parent=12"}],"wp:term":[{"taxonomy":"wf_page_folders","embeddable":true,"href":"https:\/\/mihealtheurope.org\/fr\/wp-json\/wp\/v2\/wf_page_folders?post=12"}],"curies":[{"name":"wp","href":"https:\/\/api.w.org\/{rel}","templated":true}]}}