{"id":909,"date":"2022-05-23T07:44:35","date_gmt":"2022-05-23T06:44:35","guid":{"rendered":"https:\/\/mihealth.418staging.co.uk\/?page_id=909"},"modified":"2025-07-31T10:42:25","modified_gmt":"2025-07-31T09:42:25","slug":"consejo-consultivo-sobre-salud-de-los-inmigrantes","status":"publish","type":"page","link":"https:\/\/mihealtheurope.org\/es\/migrant-health-advisory-board\/","title":{"rendered":"Qui\u00e9nes Somos"},"content":{"rendered":"<div style=\"height:80px\" aria-hidden=\"true\" class=\"wp-block-spacer\"><\/div>\n\n\n\n<div class=\"wp-block-group\"><div class=\"wp-block-group__inner-container is-layout-flow wp-block-group-is-layout-flow\">\n<h2 class=\"wp-block-heading\">La Junta Asesora Independiente<\/h2>\n\n\n\n<p>compuesta por expertos independientes en los campos de la pol\u00edtica, la salud de los migrantes, el VIH \/ SIDA, el desarrollo de capacidades y las personas con experiencias vividas de migraci\u00f3n irregular, la Junta Asesora defiende nuestro trabajo en toda la regi\u00f3n. <\/p>\n<\/div><\/div>\n\n\n\n<div class=\"wp-block-group\"><div class=\"wp-block-group__inner-container is-layout-flow wp-block-group-is-layout-flow\">\n<h2 class=\"wp-block-heading\">Grupo de trabajo sobre pol\u00edticas e investigaci\u00f3n:<\/h2>\n\n\n\n<p>compuesto por investigadores experimentados, defensores de pol\u00edticas y personas que trabajan a nivel de base, este grupo aboga por la investigaci\u00f3n y las pol\u00edticas que promueven la salud de los migrantes.<\/p>\n<\/div><\/div>\n\n\n\n<div class=\"wp-block-group\"><div class=\"wp-block-group__inner-container is-layout-flow wp-block-group-is-layout-flow\">\n<h2 class=\"wp-block-heading\">Comit\u00e9 Directivo de Mi-Health Europa<\/h2>\n\n\n\n<p>El Comit\u00e9, integrado por representantes de nuestras organizaciones asociadas, proporciona liderazgo y direcci\u00f3n estrat\u00e9gicos generales. Garantiza que cultivemos una red s\u00f3lida de defensores y organizaciones en toda la regi\u00f3n europea comprometida con el intercambio de mejores pr\u00e1cticas y la promoci\u00f3n de soluciones innovadoras para los desaf\u00edos sociales y de salud que afectan a los migrantes. <\/p>\n<\/div><\/div>\n\n\n\n<div class=\"wp-block-group\"><div class=\"wp-block-group__inner-container is-layout-flow wp-block-group-is-layout-flow\">\n<h2 class=\"wp-block-heading\">El equipo de Mi-Health:<\/h2>\n\n\n\n<p class=\"translation-block\">garantiza que los materiales, los recursos y la estrategia desarrollados en la plataforma est\u00e9n alineados con los objetivos de Mi-Health Europe, facilita los esfuerzos de los grupos de trabajo, y administra el directorio de recursos en l\u00ednea de las organizaciones asociadas y las operaciones diarias de la plataforma.<\/p>\n\n\n\n<div style=\"height:35px\" aria-hidden=\"true\" class=\"wp-block-spacer\"><\/div>\n\n\n\n<link href=\"\/\/cdn.jsdelivr.net\/npm\/featherlight@1.7.14\/release\/featherlight.min.css\" type=\"text\/css\" rel=\"stylesheet\" \/>\n<script src=\"\/\/cdn.jsdelivr.net\/npm\/featherlight@1.7.14\/release\/featherlight.min.js\" type=\"text\/javascript\" charset=\"utf-8\"><\/script>\n\n<ul class=\"staff-block\">\n\t<li class=\"staff\">\n\t\t<div class=\"staff-inner\">\n\t\t\t<div class=\"staff-front\">\n\t\t\t\t<img decoding=\"async\" src=\"Denis Onyango\" title=\"Denis Onyango\" \/>\n\t\t\t\t<h2>Denis Onyango<\/h2>\n\t\t\t\t<p class=\"position\">Director de programas<\/p>\t\t\t\t<p class=\"location\">Londres, Reino Unido<\/p>\t\t\t<\/div>\n\t\t\t<div class=\"staff-back\">\n\t\t\t\t<h2>Denis Onyango<\/h2>\n\t\t\t\t<ul class=\"team-social-links\">\n\t\t\t\t\t\t\t\t\t\t\t\t\t\t\t\t<li class=\"staff-linkedin\"><a target=\"_blank\" href=\"https:\/\/www.linkedin.com\/in\/denis-onyango-5365b73b\/\">LI<\/a><\/li>\t\t\t\t<\/ul>\n\t\t\t\t<a data-featherlight=\"#1\" href=\"#\" class=\"popup\">M\u00e1s<\/a>\t\t\t<\/div>\n\t\t\t<div class=\"popup-hide\" id=\"1\">\n\t\t\t<div class=\"profile-flex\">\n\t\t\t<div class=\"profile-image\"><img decoding=\"async\" src=\"Denis Onyango\" title=\"\" \/><\/div>\n\t\t\t<div class=\"profile-intro\">\n\t\t\t<h2>Denis Onyango<\/h2>\n\t\t\t<p class=\"location\">Londres, Reino Unido<\/p>\t\t\t<p class=\"position\">Director de programas<\/p>\t\t\t<\/div>\n\t\t\t<\/div>\n\t\t\t<p class=\"profile\"><p>Denis es el Director de Programas de AfricaAdvocacyFoundation. Tiene m\u00e1s de 20 a\u00f1os de experiencia en el trabajo de promoci\u00f3n de la salud comunitaria de base que se centra en la prevenci\u00f3n, las pruebas y el acceso al tratamiento del VIH\/ITS en comunidades marginadas y desatendidas, principalmente comunidades de inmigrantes negros en toda Europa. Hepatitis y TB, NHS England CRG on PrEP, UK HIV Commission. Le apasiona mejorar la provisi\u00f3n de servicios de salud para las comunidades m\u00e1s desatendidas de Europa, incluidas las personas LGTBI, las personas sin hogar, los inmigrantes, las personas que se inyectan drogas, las trabajadoras sexuales y los presos.<\/p>\n<p>La experiencia de Denis es en educaci\u00f3n, gesti\u00f3n del sector voluntario, pol\u00edtica y salud p\u00fablica.<\/p>\n<\/p>\n\t\t\t<\/div>\n\t\t<\/div>\n\t<\/li>\n\t<li class=\"staff\">\n\t\t<div class=\"staff-inner\">\n\t\t\t<div class=\"staff-front\">\n\t\t\t\t<img decoding=\"async\" src=\"https:\/\/mihealtheurope.org\/wp-content\/uploads\/2025\/05\/IMG_1549-1.jpeg\" title=\"Nolwazi Khanyile\" \/>\n\t\t\t\t<h2>Nolwazi Khanyile<\/h2>\n\t\t\t\t<p class=\"position\">Asistente de programas de voluntariado<\/p>\t\t\t\t<p class=\"location\">Mbabane, Eswatini<\/p>\t\t\t<\/div>\n\t\t\t<div class=\"staff-back\">\n\t\t\t\t<h2>Nolwazi Khanyile<\/h2>\n\t\t\t\t<ul class=\"team-social-links\">\n\t\t\t\t<li class=\"staff-website\"><a target=\"_blank\" href=\"mailto:nolwazi@africadvocacy.org\">Web<\/a><\/li>\t\t\t\t\t\t\t\t\t\t\t\t<li class=\"staff-linkedin\"><a target=\"_blank\" href=\"https:\/\/www.linkedin.com\/in\/nolwazi-khanyile-b214531b1?utm_source=share&#038;utm_campaign=share_via&#038;utm_content=profile&#038;utm_medium=ios_app\">LI<\/a><\/li>\t\t\t\t<\/ul>\n\t\t\t\t<a data-featherlight=\"#2\" href=\"#\" class=\"popup\">M\u00e1s<\/a>\t\t\t<\/div>\n\t\t\t<div class=\"popup-hide\" id=\"2\">\n\t\t\t<div class=\"profile-flex\">\n\t\t\t<div class=\"profile-image\"><img decoding=\"async\" src=\"https:\/\/mihealtheurope.org\/wp-content\/uploads\/2025\/05\/IMG_1549-1.jpeg\" title=\"\" \/><\/div>\n\t\t\t<div class=\"profile-intro\">\n\t\t\t<h2>Nolwazi Khanyile<\/h2>\n\t\t\t<p class=\"location\">Mbabane, Eswatini<\/p>\t\t\t<p class=\"position\">Asistente de programas de voluntariado<\/p>\t\t\t<\/div>\n\t\t\t<\/div>\n\t\t\t<p class=\"profile\"><p><span class=\"selectable-text copyable-text false\">Nolwazi es una apasionada defensora de la salud p\u00fablica comprometida con el avance de la prevenci\u00f3n del VIH y la participaci\u00f3n significativa de las partes interesadas. Tiene experiencia en el apoyo al despliegue nacional de opciones biom\u00e9dicas de prevenci\u00f3n del VIH, como el anillo de dapivirina y la PrEP inyectable de acci\u00f3n prolongada (CAB-LA). Nolwazi ha trabajado en la promoci\u00f3n de los derechos de salud sexual y reproductiva de los j\u00f3venes, defendiendo la participaci\u00f3n significativa de las voces j\u00f3venes y abogando por cambios en las pol\u00edticas. Con experiencia en promoci\u00f3n, salud sexual y reproductiva, investigaci\u00f3n y relaciones p\u00fablicas, est\u00e1 m\u00e1s que entusiasmada con su voluntariado en la Africa Advocacy Foundation.<\/span><\/p>\n<\/p>\n\t\t\t<\/div>\n\t\t<\/div>\n\t<\/li>\n\t<li class=\"staff\">\n\t\t<div class=\"staff-inner\">\n\t\t\t<div class=\"staff-front\">\n\t\t\t\t<img decoding=\"async\" src=\"https:\/\/mihealtheurope.org\/wp-content\/uploads\/2022\/07\/Picture3.png\" title=\"Anne Flaherty-Gupta\" \/>\n\t\t\t\t<h2>Anne Flaherty-Gupta<\/h2>\n\t\t\t\t<p class=\"position\">Gerente del programa Mi-Health<\/p>\t\t\t\t<p class=\"location\">Londres, Reino Unido<\/p>\t\t\t<\/div>\n\t\t\t<div class=\"staff-back\">\n\t\t\t\t<h2>Anne Flaherty-Gupta<\/h2>\n\t\t\t\t<ul class=\"team-social-links\">\n\t\t\t\t<li class=\"staff-website\"><a target=\"_blank\" href=\"mailto:anne@africadvocacy.org\">Web<\/a><\/li>\t\t\t\t\t\t\t\t\t\t\t\t<li class=\"staff-linkedin\"><a target=\"_blank\" href=\"https:\/\/www.linkedin.com\/in\/afg-lcsw\/\">LI<\/a><\/li>\t\t\t\t<\/ul>\n\t\t\t\t<a data-featherlight=\"#3\" href=\"#\" class=\"popup\">M\u00e1s<\/a>\t\t\t<\/div>\n\t\t\t<div class=\"popup-hide\" id=\"3\">\n\t\t\t<div class=\"profile-flex\">\n\t\t\t<div class=\"profile-image\"><img decoding=\"async\" src=\"https:\/\/mihealtheurope.org\/wp-content\/uploads\/2022\/07\/Picture3.png\" title=\"\" \/><\/div>\n\t\t\t<div class=\"profile-intro\">\n\t\t\t<h2>Anne Flaherty-Gupta<\/h2>\n\t\t\t<p class=\"location\">Londres, Reino Unido<\/p>\t\t\t<p class=\"position\">Gerente del programa Mi-Health<\/p>\t\t\t<\/div>\n\t\t\t<\/div>\n\t\t\t<p class=\"profile\"><p>Anne es una trabajadora social cl\u00ednica con m\u00e1s de 10 a\u00f1os de experiencia en la prestaci\u00f3n de servicios directos y en el desarrollo y la gesti\u00f3n de programas en entornos cl\u00ednicos y comunitarios. Antes de dedicarse a la prevenci\u00f3n del VIH y el acceso al tratamiento de las comunidades de inmigrantes en Europa, trabaj\u00f3 con adultos que hab\u00edan sufrido o cometido actos de violencia y que se reincorporaban a la comunidad tras su encarcelamiento. Tambi\u00e9n ha proporcionado terapia individual y de grupo a adolescentes y adultos inmigrantes e implicados en el sistema jur\u00eddico penal. Tiene un m\u00e1ster en Trabajo Social con especializaci\u00f3n en Salud Mental y un certificado en Estudios sobre la Violencia por la Universidad de Illinois en Chicago y un m\u00e1ster en Ciencias Psicol\u00f3gicas por la Universidad Brunel de Londres.<\/p>\n<\/p>\n\t\t\t<\/div>\n\t\t<\/div>\n\t<\/li>\n\t<li class=\"staff\">\n\t\t<div class=\"staff-inner\">\n\t\t\t<div class=\"staff-front\">\n\t\t\t\t<img decoding=\"async\" src=\"https:\/\/mihealtheurope.org\/wp-content\/uploads\/2025\/05\/CV-photo.jpg\" title=\"Hala Majdoub\" \/>\n\t\t\t\t<h2>Hala Majdoub<\/h2>\n\t\t\t\t<p class=\"position\">Responsable del programa Mi-Health Europe<\/p>\t\t\t\t<p class=\"location\">Londres, Reino Unido<\/p>\t\t\t<\/div>\n\t\t\t<div class=\"staff-back\">\n\t\t\t\t<h2>Hala Majdoub<\/h2>\n\t\t\t\t<ul class=\"team-social-links\">\n\t\t\t\t<li class=\"staff-website\"><a target=\"_blank\" href=\"mailto:hala@africadvocacy.org\">Web<\/a><\/li>\t\t\t\t\t\t\t\t\t\t\t\t<li class=\"staff-linkedin\"><a target=\"_blank\" href=\"https:\/\/www.linkedin.com\/in\/hala-majdoub-3b769b123\/\">LI<\/a><\/li>\t\t\t\t<\/ul>\n\t\t\t\t<a data-featherlight=\"#4\" href=\"#\" class=\"popup\">M\u00e1s<\/a>\t\t\t<\/div>\n\t\t\t<div class=\"popup-hide\" id=\"4\">\n\t\t\t<div class=\"profile-flex\">\n\t\t\t<div class=\"profile-image\"><img decoding=\"async\" src=\"https:\/\/mihealtheurope.org\/wp-content\/uploads\/2025\/05\/CV-photo.jpg\" title=\"\" \/><\/div>\n\t\t\t<div class=\"profile-intro\">\n\t\t\t<h2>Hala Majdoub<\/h2>\n\t\t\t<p class=\"location\">Londres, Reino Unido<\/p>\t\t\t<p class=\"position\">Responsable del programa Mi-Health Europe<\/p>\t\t\t<\/div>\n\t\t\t<\/div>\n\t\t\t<p class=\"profile\"><p>Hala lidera el desarrollo de Power BI y da soporte a sistemas de datos y herramientas digitales. Su trabajo se centra en la creaci\u00f3n de cuadros de mando interactivos, la racionalizaci\u00f3n de los procesos de datos y la creaci\u00f3n de perspectivas visuales para apoyar la supervisi\u00f3n y la toma de decisiones informadas. Comenz\u00f3 su andadura como voluntaria contribuyendo a la traducci\u00f3n de sitios web, SEO y accesibilidad, y gradualmente se fue expandiendo hacia la automatizaci\u00f3n avanzada de Excel utilizando VBA. Con una formaci\u00f3n en ingenier\u00eda y un fuerte compromiso con el impacto en la comunidad, Hala combina la experiencia t\u00e9cnica con una pasi\u00f3n por el trabajo significativo y centrado en las personas.<\/p>\n<\/p>\n\t\t\t<\/div>\n\t\t<\/div>\n\t<\/li>\n\t<\/ul>\n\n\n\n<div style=\"height:35px\" aria-hidden=\"true\" class=\"wp-block-spacer\"><\/div>\n<\/div><\/div>\n\n\n\n<div class=\"wp-block-group\"><div class=\"wp-block-group__inner-container is-layout-flow wp-block-group-is-layout-flow\">\n<h2 class=\"wp-block-heading\">Financiadores<\/h2>\n\n\n\n<p class=\"has-small-font-size translation-block\">Esta iniciativa fue desarrollada independientemente por AAF. Mi-Care fue posible gracias al patrocinio de Gilead Sciences Europe, ViiV Healthcare Europe y Merck Sahrpe &amp; Dohme Europe. Mi-Health fue posible gracias al patrocinio de Open Society Foundations. La AAF desea se\u00f1alar que Gilead Sciences Europe, ViiV Healthcare Europe, Merck Sahrpe &amp; Dohme Europe y Open Society Foundations no han ejercido ning\u00fan control sobre la estructura o el contenido de las iniciativas.<\/p>\n<\/div><\/div>\n\n\n\n<div style=\"height:80px\" aria-hidden=\"true\" class=\"wp-block-spacer\"><\/div>","protected":false},"excerpt":{"rendered":"<p>The Independent Advisory Board Composed of independent experts on policy, migrant health, HIV\/AIDS, capacity building and those with lived experience of irregular migrants, the Migrant Health Advisory Board champions our work across the region. Policy and Research Working Group Composed of experienced researchers, policy advocates and those working at the grassroots level, this group advocates [&hellip;]<\/p>\n","protected":false},"author":1,"featured_media":0,"parent":0,"menu_order":0,"comment_status":"closed","ping_status":"closed","template":"","meta":{"_acf_changed":false,"_uag_custom_page_level_css":"","footnotes":""},"wf_page_folders":[],"class_list":["post-909","page","type-page","status-publish","hentry"],"acf":[],"yoast_head":"<!-- This site is optimized with the Yoast SEO plugin v27.4 - https:\/\/yoast.com\/product\/yoast-seo-wordpress\/ -->\n<title>Migrant Health Advisory Board: Expert Policy and Health Advocacy - Mi-Health Europe<\/title>\n<meta name=\"description\" content=\"Discover our Migrant Health Advisory Board of experts in policy, migrant health, and HIV\/AIDS. They drive our mission to enhance health outcomes across Europe.\" \/>\n<meta name=\"robots\" content=\"index, follow, max-snippet:-1, max-image-preview:large, max-video-preview:-1\" \/>\n<link rel=\"canonical\" href=\"https:\/\/mihealtheurope.org\/es\/consejo-consultivo-sobre-salud-de-los-inmigrantes\/\" \/>\n<meta property=\"og:locale\" content=\"es_ES\" \/>\n<meta property=\"og:type\" content=\"article\" \/>\n<meta property=\"og:title\" content=\"Migrant Health Advisory Board: Expert Policy and Health Advocacy - Mi-Health Europe\" \/>\n<meta property=\"og:description\" content=\"Discover our Migrant Health Advisory Board of experts in policy, migrant health, and HIV\/AIDS. They drive our mission to enhance health outcomes across Europe.\" \/>\n<meta property=\"og:url\" content=\"https:\/\/mihealtheurope.org\/es\/consejo-consultivo-sobre-salud-de-los-inmigrantes\/\" \/>\n<meta property=\"og:site_name\" content=\"Mi-Health Europe\" \/>\n<meta property=\"article:publisher\" content=\"https:\/\/www.facebook.com\/MiHealthAAF\" \/>\n<meta property=\"article:modified_time\" content=\"2025-07-31T09:42:25+00:00\" \/>\n<meta name=\"twitter:card\" content=\"summary_large_image\" \/>\n<meta name=\"twitter:site\" content=\"@MiHealth_Europe\" \/>\n<meta name=\"twitter:label1\" content=\"Tiempo de lectura\" \/>\n\t<meta name=\"twitter:data1\" content=\"2 minutos\" \/>\n<script type=\"application\/ld+json\" class=\"yoast-schema-graph\">{\"@context\":\"https:\\\/\\\/schema.org\",\"@graph\":[{\"@type\":\"WebPage\",\"@id\":\"https:\\\/\\\/mihealtheurope.org\\\/migrant-health-advisory-board\\\/\",\"url\":\"https:\\\/\\\/mihealtheurope.org\\\/migrant-health-advisory-board\\\/\",\"name\":\"Migrant Health Advisory Board: Expert Policy and Health Advocacy - Mi-Health Europe\",\"isPartOf\":{\"@id\":\"https:\\\/\\\/mihealtheurope.org\\\/#website\"},\"datePublished\":\"2022-05-23T06:44:35+00:00\",\"dateModified\":\"2025-07-31T09:42:25+00:00\",\"description\":\"Discover our Migrant Health Advisory Board of experts in policy, migrant health, and HIV\\\/AIDS. They drive our mission to enhance health outcomes across Europe.\",\"breadcrumb\":{\"@id\":\"https:\\\/\\\/mihealtheurope.org\\\/migrant-health-advisory-board\\\/#breadcrumb\"},\"inLanguage\":\"es\",\"potentialAction\":[{\"@type\":\"ReadAction\",\"target\":[\"https:\\\/\\\/mihealtheurope.org\\\/migrant-health-advisory-board\\\/\"]}]},{\"@type\":\"BreadcrumbList\",\"@id\":\"https:\\\/\\\/mihealtheurope.org\\\/migrant-health-advisory-board\\\/#breadcrumb\",\"itemListElement\":[{\"@type\":\"ListItem\",\"position\":1,\"name\":\"Home\",\"item\":\"https:\\\/\\\/mihealtheurope.org\\\/\"},{\"@type\":\"ListItem\",\"position\":2,\"name\":\"Who We Are\"}]},{\"@type\":\"WebSite\",\"@id\":\"https:\\\/\\\/mihealtheurope.org\\\/#website\",\"url\":\"https:\\\/\\\/mihealtheurope.org\\\/\",\"name\":\"https:\\\/\\\/mihealtheurope.org\\\/\",\"description\":\"Improving migrant health\",\"publisher\":{\"@id\":\"https:\\\/\\\/mihealtheurope.org\\\/#organization\"},\"potentialAction\":[{\"@type\":\"SearchAction\",\"target\":{\"@type\":\"EntryPoint\",\"urlTemplate\":\"https:\\\/\\\/mihealtheurope.org\\\/?s={search_term_string}\"},\"query-input\":{\"@type\":\"PropertyValueSpecification\",\"valueRequired\":true,\"valueName\":\"search_term_string\"}}],\"inLanguage\":\"es\"},{\"@type\":\"Organization\",\"@id\":\"https:\\\/\\\/mihealtheurope.org\\\/#organization\",\"name\":\"Mi-Health Europe\",\"url\":\"https:\\\/\\\/mihealtheurope.org\\\/\",\"logo\":{\"@type\":\"ImageObject\",\"inLanguage\":\"es\",\"@id\":\"https:\\\/\\\/mihealtheurope.org\\\/#\\\/schema\\\/logo\\\/image\\\/\",\"url\":\"https:\\\/\\\/mihealtheurope.org\\\/wp-content\\\/uploads\\\/2024\\\/04\\\/MiHealth_Blue-High-Res.png\",\"contentUrl\":\"https:\\\/\\\/mihealtheurope.org\\\/wp-content\\\/uploads\\\/2024\\\/04\\\/MiHealth_Blue-High-Res.png\",\"width\":1536,\"height\":1489,\"caption\":\"Mi-Health Europe\"},\"image\":{\"@id\":\"https:\\\/\\\/mihealtheurope.org\\\/#\\\/schema\\\/logo\\\/image\\\/\"},\"sameAs\":[\"https:\\\/\\\/www.facebook.com\\\/MiHealthAAF\",\"https:\\\/\\\/x.com\\\/MiHealth_Europe\",\"https:\\\/\\\/www.instagram.com\\\/mi_health_advocacy\\\/\"]}]}<\/script>\n<!-- \/ Yoast SEO plugin. -->","yoast_head_json":{"title":"Consejo Asesor sobre Salud de los Inmigrantes: Expertos en pol\u00edtica y defensa de la salud - Mi-Health Europe","description":"Descubra nuestro Consejo Asesor sobre Salud de los Migrantes, formado por expertos en pol\u00edtica, salud de los migrantes y VIH\/sida. Ellos impulsan nuestra misi\u00f3n de mejorar los resultados sanitarios en toda Europa.","robots":{"index":"index","follow":"follow","max-snippet":"max-snippet:-1","max-image-preview":"max-image-preview:large","max-video-preview":"max-video-preview:-1"},"canonical":"https:\/\/mihealtheurope.org\/es\/consejo-consultivo-sobre-salud-de-los-inmigrantes\/","og_locale":"es_ES","og_type":"article","og_title":"Migrant Health Advisory Board: Expert Policy and Health Advocacy - Mi-Health Europe","og_description":"Discover our Migrant Health Advisory Board of experts in policy, migrant health, and HIV\/AIDS. They drive our mission to enhance health outcomes across Europe.","og_url":"https:\/\/mihealtheurope.org\/es\/consejo-consultivo-sobre-salud-de-los-inmigrantes\/","og_site_name":"Mi-Health Europe","article_publisher":"https:\/\/www.facebook.com\/MiHealthAAF","article_modified_time":"2025-07-31T09:42:25+00:00","twitter_card":"summary_large_image","twitter_site":"@MiHealth_Europe","twitter_misc":{"Tiempo de lectura":"2 minutos"},"schema":{"@context":"https:\/\/schema.org","@graph":[{"@type":"WebPage","@id":"https:\/\/mihealtheurope.org\/migrant-health-advisory-board\/","url":"https:\/\/mihealtheurope.org\/migrant-health-advisory-board\/","name":"Consejo Asesor sobre Salud de los Inmigrantes: Expertos en pol\u00edtica y defensa de la salud - Mi-Health Europe","isPartOf":{"@id":"https:\/\/mihealtheurope.org\/#website"},"datePublished":"2022-05-23T06:44:35+00:00","dateModified":"2025-07-31T09:42:25+00:00","description":"Descubra nuestro Consejo Asesor sobre Salud de los Migrantes, formado por expertos en pol\u00edtica, salud de los migrantes y VIH\/sida. Ellos impulsan nuestra misi\u00f3n de mejorar los resultados sanitarios en toda Europa.","breadcrumb":{"@id":"https:\/\/mihealtheurope.org\/migrant-health-advisory-board\/#breadcrumb"},"inLanguage":"es","potentialAction":[{"@type":"ReadAction","target":["https:\/\/mihealtheurope.org\/migrant-health-advisory-board\/"]}]},{"@type":"BreadcrumbList","@id":"https:\/\/mihealtheurope.org\/migrant-health-advisory-board\/#breadcrumb","itemListElement":[{"@type":"ListItem","position":1,"name":"Home","item":"https:\/\/mihealtheurope.org\/"},{"@type":"ListItem","position":2,"name":"Who We Are"}]},{"@type":"WebSite","@id":"https:\/\/mihealtheurope.org\/#website","url":"https:\/\/mihealtheurope.org\/","name":"https:\/\/mihealtheurope.org\/","description":"Mejorar la salud de los inmigrantes","publisher":{"@id":"https:\/\/mihealtheurope.org\/#organization"},"potentialAction":[{"@type":"SearchAction","target":{"@type":"EntryPoint","urlTemplate":"https:\/\/mihealtheurope.org\/?s={search_term_string}"},"query-input":{"@type":"PropertyValueSpecification","valueRequired":true,"valueName":"search_term_string"}}],"inLanguage":"es"},{"@type":"Organization","@id":"https:\/\/mihealtheurope.org\/#organization","name":"Mi-Health Europe","url":"https:\/\/mihealtheurope.org\/","logo":{"@type":"ImageObject","inLanguage":"es","@id":"https:\/\/mihealtheurope.org\/#\/schema\/logo\/image\/","url":"https:\/\/mihealtheurope.org\/wp-content\/uploads\/2024\/04\/MiHealth_Blue-High-Res.png","contentUrl":"https:\/\/mihealtheurope.org\/wp-content\/uploads\/2024\/04\/MiHealth_Blue-High-Res.png","width":1536,"height":1489,"caption":"Mi-Health Europe"},"image":{"@id":"https:\/\/mihealtheurope.org\/#\/schema\/logo\/image\/"},"sameAs":["https:\/\/www.facebook.com\/MiHealthAAF","https:\/\/x.com\/MiHealth_Europe","https:\/\/www.instagram.com\/mi_health_advocacy\/"]}]}},"uagb_featured_image_src":{"full":false,"thumbnail":false,"medium":false,"medium_large":false,"large":false,"1536x1536":false,"2048x2048":false,"trp-custom-language-flag":false,"blog-img":false,"gform-image-choice-sm":false,"gform-image-choice-md":false,"gform-image-choice-lg":false},"uagb_author_info":{"display_name":"MIHealthUsr","author_link":"https:\/\/mihealtheurope.org\/es\/author\/mihealthusr\/"},"uagb_comment_info":0,"uagb_excerpt":"The Independent Advisory Board Composed of independent experts on policy, migrant health, HIV\/AIDS, capacity building and those with lived experience of irregular migrants, the Migrant Health Advisory Board champions our work across the region. Policy and Research Working Group Composed of experienced researchers, policy advocates and those working at the grassroots level, this group advocates&hellip;","_links":{"self":[{"href":"https:\/\/mihealtheurope.org\/es\/wp-json\/wp\/v2\/pages\/909","targetHints":{"allow":["GET"]}}],"collection":[{"href":"https:\/\/mihealtheurope.org\/es\/wp-json\/wp\/v2\/pages"}],"about":[{"href":"https:\/\/mihealtheurope.org\/es\/wp-json\/wp\/v2\/types\/page"}],"author":[{"embeddable":true,"href":"https:\/\/mihealtheurope.org\/es\/wp-json\/wp\/v2\/users\/1"}],"replies":[{"embeddable":true,"href":"https:\/\/mihealtheurope.org\/es\/wp-json\/wp\/v2\/comments?post=909"}],"version-history":[{"count":53,"href":"https:\/\/mihealtheurope.org\/es\/wp-json\/wp\/v2\/pages\/909\/revisions"}],"predecessor-version":[{"id":2653,"href":"https:\/\/mihealtheurope.org\/es\/wp-json\/wp\/v2\/pages\/909\/revisions\/2653"}],"wp:attachment":[{"href":"https:\/\/mihealtheurope.org\/es\/wp-json\/wp\/v2\/media?parent=909"}],"wp:term":[{"taxonomy":"wf_page_folders","embeddable":true,"href":"https:\/\/mihealtheurope.org\/es\/wp-json\/wp\/v2\/wf_page_folders?post=909"}],"curies":[{"name":"wp","href":"https:\/\/api.w.org\/{rel}","templated":true}]}}