{"id":7,"date":"2022-04-20T07:08:42","date_gmt":"2022-04-20T06:08:42","guid":{"rendered":"https:\/\/mihealth.418staging.co.uk\/?page_id=7"},"modified":"2025-08-27T19:42:36","modified_gmt":"2025-08-27T18:42:36","slug":"buscar-ayuda","status":"publish","type":"page","link":"https:\/\/mihealtheurope.org\/es\/migrant-support-services-europe\/","title":{"rendered":"Buscar ayuda"},"content":{"rendered":"<div style=\"height:15px\" aria-hidden=\"true\" class=\"wp-block-spacer\"><\/div>\n\n\n\n<div class=\"wp-block-group\"><div class=\"wp-block-group__inner-container is-layout-flow wp-block-group-is-layout-flow\">\n<h1 class=\"wp-block-heading\">Encuentre servicios de apoyo a los inmigrantes en su lugar de residencia<\/h1>\n\n\n\n<p>Cuando tienes acceso a la informaci\u00f3n m\u00e1s actualizada sobre servicios de apoyo a los emigrantes para guiarte en tu viaje, puedes tomar las mejores decisiones para ti y tu familia. Haz clic en el pa\u00eds en el que te encuentras ahora o al que tienes que ir y encuentra ayuda sobre asistencia sanitaria, vivienda, protecci\u00f3n jur\u00eddica y mucho m\u00e1s.<\/p>\n<\/div><\/div>\n\n\n<div class=\"facetwp-facet facetwp-facet-country_map facetwp-type-map\" data-name=\"country_map\" data-type=\"map\"><\/div>\n\n\n\n<div class=\"wp-block-group map has-white-color has-theme-colour-1-background-color has-text-color has-background\"><div class=\"wp-block-group__inner-container is-layout-flow wp-block-group-is-layout-flow\">\n<div style=\"height:60px\" aria-hidden=\"true\" class=\"wp-block-spacer\"><\/div>\n\n\n\n<div class=\"wp-block-columns is-layout-flex wp-container-core-columns-is-layout-9d6595d7 wp-block-columns-is-layout-flex\">\n<div class=\"wp-block-column is-layout-flow wp-block-column-is-layout-flow\" style=\"flex-basis:33.33%\">\n<h2 class=\"wp-block-heading\"><strong><strong>Um link r\u00e1pido para recursos por pa\u00eds<\/strong><\/strong> de apoyo a los inmigrantes<\/h2>\n\n\n\n<p>Estamos desarrollando esta base de datos de organizaciones y servicios de apoyo a inmigrantes, refugiados y solicitantes de asilo en todo el mundo. <a href=\"https:\/\/commission.europa.eu\/strategy-and-policy\/priorities-2019-2024\/promoting-our-european-way-life\/statistics-migration-europe_en\" target=\"_blank\" rel=\"noreferrer noopener\">Regi\u00f3n europea<\/a>. Si desea que se incluya a su organizaci\u00f3n, por favor <a href=\"\/es\/join-us\/\">por favor \u00fanase a nosotros<\/a>.&nbsp;<\/p>\n<\/div>\n\n\n\n<div class=\"wp-block-column is-layout-flow wp-block-column-is-layout-flow\" style=\"flex-basis:66.66%\">\n<div style=\"height:32px\" aria-hidden=\"true\" class=\"wp-block-spacer\"><\/div>\n\n\n<div class=\"facetwp-template\" data-name=\"countries\"><div class=\"fwpl-layout country-listing\"><div class=\"fwpl-result r1\"><div class=\"fwpl-row el-oytd9n\"><div class=\"fwpl-col fwpl-col el-usrpy\"><div class=\"fwpl-item el-rwfxx6\"><a href=\"https:\/\/mihealtheurope.org\/es\/regions\/austria\/\">Austria<\/a><\/div><\/div><\/div><\/div><div class=\"fwpl-result r2\"><div class=\"fwpl-row el-oytd9n\"><div class=\"fwpl-col fwpl-col el-usrpy\"><div class=\"fwpl-item el-rwfxx6\"><a href=\"https:\/\/mihealtheurope.org\/es\/regions\/belgium\/\">B\u00c9LGICA<\/a><\/div><\/div><\/div><\/div><div class=\"fwpl-result r3\"><div class=\"fwpl-row el-oytd9n\"><div class=\"fwpl-col fwpl-col el-usrpy\"><div class=\"fwpl-item el-rwfxx6\"><a href=\"https:\/\/mihealtheurope.org\/es\/regions\/bulgaria\/\">Bulgaria<\/a><\/div><\/div><\/div><\/div><div class=\"fwpl-result r4\"><div class=\"fwpl-row el-oytd9n\"><div class=\"fwpl-col fwpl-col el-usrpy\"><div class=\"fwpl-item el-rwfxx6\"><a href=\"https:\/\/mihealtheurope.org\/es\/regions\/croatia\/\">Cro\u00e1cia<\/a><\/div><\/div><\/div><\/div><div class=\"fwpl-result r5\"><div class=\"fwpl-row el-oytd9n\"><div class=\"fwpl-col fwpl-col el-usrpy\"><div class=\"fwpl-item el-rwfxx6\"><a href=\"https:\/\/mihealtheurope.org\/es\/regions\/cyprus\/\">Chipre<\/a><\/div><\/div><\/div><\/div><div class=\"fwpl-result r6\"><div class=\"fwpl-row el-oytd9n\"><div class=\"fwpl-col fwpl-col el-usrpy\"><div class=\"fwpl-item el-rwfxx6\"><a href=\"https:\/\/mihealtheurope.org\/es\/regions\/czech-republic\/\">Rep\u00fablica Checa<\/a><\/div><\/div><\/div><\/div><div class=\"fwpl-result r7\"><div class=\"fwpl-row el-oytd9n\"><div class=\"fwpl-col fwpl-col el-usrpy\"><div class=\"fwpl-item el-rwfxx6\"><a href=\"https:\/\/mihealtheurope.org\/es\/regions\/denmark\/\">Dinamarca<\/a><\/div><\/div><\/div><\/div><div class=\"fwpl-result r8\"><div class=\"fwpl-row el-oytd9n\"><div class=\"fwpl-col fwpl-col el-usrpy\"><div class=\"fwpl-item el-rwfxx6\"><a href=\"https:\/\/mihealtheurope.org\/es\/regions\/estonia\/\">Estonia<\/a><\/div><\/div><\/div><\/div><div class=\"fwpl-result r9\"><div class=\"fwpl-row el-oytd9n\"><div class=\"fwpl-col fwpl-col el-usrpy\"><div class=\"fwpl-item el-rwfxx6\"><a href=\"https:\/\/mihealtheurope.org\/es\/regions\/finland\/\">Finlandia<\/a><\/div><\/div><\/div><\/div><div class=\"fwpl-result r10\"><div class=\"fwpl-row el-oytd9n\"><div class=\"fwpl-col fwpl-col el-usrpy\"><div class=\"fwpl-item el-rwfxx6\"><a href=\"https:\/\/mihealtheurope.org\/es\/regions\/france\/\">Fran\u00e7a<\/a><\/div><\/div><\/div><\/div><div class=\"fwpl-result r11\"><div class=\"fwpl-row el-oytd9n\"><div class=\"fwpl-col fwpl-col el-usrpy\"><div class=\"fwpl-item el-rwfxx6\"><a href=\"https:\/\/mihealtheurope.org\/es\/regions\/germany\/\">Alemanha<\/a><\/div><\/div><\/div><\/div><div class=\"fwpl-result r12\"><div class=\"fwpl-row el-oytd9n\"><div class=\"fwpl-col fwpl-col el-usrpy\"><div class=\"fwpl-item el-rwfxx6\"><a href=\"https:\/\/mihealtheurope.org\/es\/regions\/greece\/\">Grecia<\/a><\/div><\/div><\/div><\/div><div class=\"fwpl-result r13\"><div class=\"fwpl-row el-oytd9n\"><div class=\"fwpl-col fwpl-col el-usrpy\"><div class=\"fwpl-item el-rwfxx6\"><a href=\"https:\/\/mihealtheurope.org\/es\/regions\/hungary\/\">Hungria<\/a><\/div><\/div><\/div><\/div><div class=\"fwpl-result r14\"><div class=\"fwpl-row el-oytd9n\"><div class=\"fwpl-col fwpl-col el-usrpy\"><div class=\"fwpl-item el-rwfxx6\"><a href=\"https:\/\/mihealtheurope.org\/es\/regions\/iceland\/\">Islandia<\/a><\/div><\/div><\/div><\/div><div class=\"fwpl-result r15\"><div class=\"fwpl-row el-oytd9n\"><div class=\"fwpl-col fwpl-col el-usrpy\"><div class=\"fwpl-item el-rwfxx6\"><a href=\"https:\/\/mihealtheurope.org\/es\/regions\/ireland\/\">Irlanda<\/a><\/div><\/div><\/div><\/div><div class=\"fwpl-result r16\"><div class=\"fwpl-row el-oytd9n\"><div class=\"fwpl-col fwpl-col el-usrpy\"><div class=\"fwpl-item el-rwfxx6\"><a href=\"https:\/\/mihealtheurope.org\/es\/regions\/italy\/\">Italia<\/a><\/div><\/div><\/div><\/div><div class=\"fwpl-result r17\"><div class=\"fwpl-row el-oytd9n\"><div class=\"fwpl-col fwpl-col el-usrpy\"><div class=\"fwpl-item el-rwfxx6\"><a href=\"https:\/\/mihealtheurope.org\/es\/regions\/latvia\/\">letonia<\/a><\/div><\/div><\/div><\/div><div class=\"fwpl-result r18\"><div class=\"fwpl-row el-oytd9n\"><div class=\"fwpl-col fwpl-col el-usrpy\"><div class=\"fwpl-item el-rwfxx6\"><a href=\"https:\/\/mihealtheurope.org\/es\/regions\/liechtenstein\/\">Liechtenstein<\/a><\/div><\/div><\/div><\/div><div class=\"fwpl-result r19\"><div class=\"fwpl-row el-oytd9n\"><div class=\"fwpl-col fwpl-col el-usrpy\"><div class=\"fwpl-item el-rwfxx6\"><a href=\"https:\/\/mihealtheurope.org\/es\/regions\/lithuania\/\">Lituania<\/a><\/div><\/div><\/div><\/div><div class=\"fwpl-result r20\"><div class=\"fwpl-row el-oytd9n\"><div class=\"fwpl-col fwpl-col el-usrpy\"><div class=\"fwpl-item el-rwfxx6\"><a href=\"https:\/\/mihealtheurope.org\/es\/regions\/luxembourg\/\">Luxemburgo<\/a><\/div><\/div><\/div><\/div><div class=\"fwpl-result r21\"><div class=\"fwpl-row el-oytd9n\"><div class=\"fwpl-col fwpl-col el-usrpy\"><div class=\"fwpl-item el-rwfxx6\"><a href=\"https:\/\/mihealtheurope.org\/es\/regions\/malta\/\">Malta<\/a><\/div><\/div><\/div><\/div><div class=\"fwpl-result r22\"><div class=\"fwpl-row el-oytd9n\"><div class=\"fwpl-col fwpl-col el-usrpy\"><div class=\"fwpl-item el-rwfxx6\"><a href=\"https:\/\/mihealtheurope.org\/es\/regions\/netherlands\/\">Pa\u00edses Bajos<\/a><\/div><\/div><\/div><\/div><div class=\"fwpl-result r23\"><div class=\"fwpl-row el-oytd9n\"><div class=\"fwpl-col fwpl-col el-usrpy\"><div class=\"fwpl-item el-rwfxx6\"><a href=\"https:\/\/mihealtheurope.org\/es\/regions\/norway\/\">Noruega<\/a><\/div><\/div><\/div><\/div><div class=\"fwpl-result r24\"><div class=\"fwpl-row el-oytd9n\"><div class=\"fwpl-col fwpl-col el-usrpy\"><div class=\"fwpl-item el-rwfxx6\"><a href=\"https:\/\/mihealtheurope.org\/es\/regions\/poland\/\">Polonia<\/a><\/div><\/div><\/div><\/div><div class=\"fwpl-result r25\"><div class=\"fwpl-row el-oytd9n\"><div class=\"fwpl-col fwpl-col el-usrpy\"><div class=\"fwpl-item el-rwfxx6\"><a href=\"https:\/\/mihealtheurope.org\/es\/regions\/portugal\/\">Portugal<\/a><\/div><\/div><\/div><\/div><div class=\"fwpl-result r26\"><div class=\"fwpl-row el-oytd9n\"><div class=\"fwpl-col fwpl-col el-usrpy\"><div class=\"fwpl-item el-rwfxx6\"><a href=\"https:\/\/mihealtheurope.org\/es\/regions\/romania\/\">Rumania<\/a><\/div><\/div><\/div><\/div><div class=\"fwpl-result r27\"><div class=\"fwpl-row el-oytd9n\"><div class=\"fwpl-col fwpl-col el-usrpy\"><div class=\"fwpl-item el-rwfxx6\"><a href=\"https:\/\/mihealtheurope.org\/es\/regions\/slovakia\/\">Eslovaquia<\/a><\/div><\/div><\/div><\/div><div class=\"fwpl-result r28\"><div class=\"fwpl-row el-oytd9n\"><div class=\"fwpl-col fwpl-col el-usrpy\"><div class=\"fwpl-item el-rwfxx6\"><a href=\"https:\/\/mihealtheurope.org\/es\/regions\/slovenia\/\">Eslovenia<\/a><\/div><\/div><\/div><\/div><div class=\"fwpl-result r29\"><div class=\"fwpl-row el-oytd9n\"><div class=\"fwpl-col fwpl-col el-usrpy\"><div class=\"fwpl-item el-rwfxx6\"><a href=\"https:\/\/mihealtheurope.org\/es\/regions\/spain\/\">Espa\u00f1a<\/a><\/div><\/div><\/div><\/div><div class=\"fwpl-result r30\"><div class=\"fwpl-row el-oytd9n\"><div class=\"fwpl-col fwpl-col el-usrpy\"><div class=\"fwpl-item el-rwfxx6\"><a href=\"https:\/\/mihealtheurope.org\/es\/regions\/sweden\/\">Suecia<\/a><\/div><\/div><\/div><\/div><div class=\"fwpl-result r31\"><div class=\"fwpl-row el-oytd9n\"><div class=\"fwpl-col fwpl-col el-usrpy\"><div class=\"fwpl-item el-rwfxx6\"><a href=\"https:\/\/mihealtheurope.org\/es\/regions\/switzerland\/\">Suiza<\/a><\/div><\/div><\/div><\/div><div class=\"fwpl-result r32\"><div class=\"fwpl-row el-oytd9n\"><div class=\"fwpl-col fwpl-col el-usrpy\"><div class=\"fwpl-item el-rwfxx6\"><a href=\"https:\/\/mihealtheurope.org\/es\/regions\/uk\/\">reino unido<\/a><\/div><\/div><\/div><\/div><\/div>\n<style>\n.fwpl-layout, .fwpl-row {\n    display: grid;\n}\n.fwpl-layout.country-listing {\n    grid-template-columns: repeat(3, 1fr);\n    grid-gap: 25px;\n}\n.fwpl-btn {\n    text-decoration: none;\n}\n.fwpl-row.el-oytd9n {\n    grid-template-columns: 3fr;\n}\n@media (max-width: 480px) { \n    body .facetwp-template .fwpl-layout,  \n    body .facetwp-template-static .fwpl-layout { grid-template-columns: 1fr; } \n} \n\n<\/style>\n<\/div>\n<\/div>\n<\/div>\n\n\n\n<div style=\"height:100px\" aria-hidden=\"true\" class=\"wp-block-spacer\"><\/div>\n<\/div><\/div>","protected":false},"excerpt":{"rendered":"<p>Find migrant support services where you are When you have access to the most up-to-date information on migrant support services to guide you on your journey, you are able to make the best decisions for yourself and your family. Click on the country where you are right now or where you need to go, and [&hellip;]<\/p>\n","protected":false},"author":1,"featured_media":0,"parent":0,"menu_order":0,"comment_status":"closed","ping_status":"closed","template":"","meta":{"_acf_changed":false,"_uag_custom_page_level_css":"","footnotes":""},"wf_page_folders":[],"class_list":["post-7","page","type-page","status-publish","hentry"],"acf":[],"yoast_head":"<!-- This site is optimized with the Yoast SEO plugin v27.4 - https:\/\/yoast.com\/product\/yoast-seo-wordpress\/ -->\n<title>Migrant support services - Find Help - Mi-Health Europe<\/title>\n<meta name=\"description\" content=\"Find migrant support services where you are. Access up-to-date information for healthcare, housing, legal protections &amp; more.\" \/>\n<meta name=\"robots\" content=\"index, follow, max-snippet:-1, max-image-preview:large, max-video-preview:-1\" \/>\n<link rel=\"canonical\" href=\"https:\/\/mihealtheurope.org\/es\/buscar-ayuda\/\" \/>\n<meta property=\"og:locale\" content=\"es_ES\" \/>\n<meta property=\"og:type\" content=\"article\" \/>\n<meta property=\"og:title\" content=\"Migrant support services - Find Help - Mi-Health Europe\" \/>\n<meta property=\"og:description\" content=\"Find migrant support services where you are. Access up-to-date information for healthcare, housing, legal protections &amp; more.\" \/>\n<meta property=\"og:url\" content=\"https:\/\/mihealtheurope.org\/es\/buscar-ayuda\/\" \/>\n<meta property=\"og:site_name\" content=\"Mi-Health Europe\" \/>\n<meta property=\"article:publisher\" content=\"https:\/\/www.facebook.com\/MiHealthAAF\" \/>\n<meta property=\"article:modified_time\" content=\"2025-08-27T18:42:36+00:00\" \/>\n<meta name=\"twitter:card\" content=\"summary_large_image\" \/>\n<meta name=\"twitter:site\" content=\"@MiHealth_Europe\" \/>\n<meta name=\"twitter:label1\" content=\"Tiempo de lectura\" \/>\n\t<meta name=\"twitter:data1\" content=\"1 minuto\" \/>\n<script type=\"application\/ld+json\" class=\"yoast-schema-graph\">{\"@context\":\"https:\\\/\\\/schema.org\",\"@graph\":[{\"@type\":\"WebPage\",\"@id\":\"https:\\\/\\\/mihealtheurope.org\\\/migrant-support-services-europe\\\/\",\"url\":\"https:\\\/\\\/mihealtheurope.org\\\/migrant-support-services-europe\\\/\",\"name\":\"Migrant support services - Find Help - Mi-Health Europe\",\"isPartOf\":{\"@id\":\"https:\\\/\\\/mihealtheurope.org\\\/#website\"},\"datePublished\":\"2022-04-20T06:08:42+00:00\",\"dateModified\":\"2025-08-27T18:42:36+00:00\",\"description\":\"Find migrant support services where you are. Access up-to-date information for healthcare, housing, legal protections & more.\",\"breadcrumb\":{\"@id\":\"https:\\\/\\\/mihealtheurope.org\\\/migrant-support-services-europe\\\/#breadcrumb\"},\"inLanguage\":\"es\",\"potentialAction\":[{\"@type\":\"ReadAction\",\"target\":[\"https:\\\/\\\/mihealtheurope.org\\\/migrant-support-services-europe\\\/\"]}]},{\"@type\":\"BreadcrumbList\",\"@id\":\"https:\\\/\\\/mihealtheurope.org\\\/migrant-support-services-europe\\\/#breadcrumb\",\"itemListElement\":[{\"@type\":\"ListItem\",\"position\":1,\"name\":\"Home\",\"item\":\"https:\\\/\\\/mihealtheurope.org\\\/\"},{\"@type\":\"ListItem\",\"position\":2,\"name\":\"Find Help\"}]},{\"@type\":\"WebSite\",\"@id\":\"https:\\\/\\\/mihealtheurope.org\\\/#website\",\"url\":\"https:\\\/\\\/mihealtheurope.org\\\/\",\"name\":\"https:\\\/\\\/mihealtheurope.org\\\/\",\"description\":\"Improving migrant health\",\"publisher\":{\"@id\":\"https:\\\/\\\/mihealtheurope.org\\\/#organization\"},\"potentialAction\":[{\"@type\":\"SearchAction\",\"target\":{\"@type\":\"EntryPoint\",\"urlTemplate\":\"https:\\\/\\\/mihealtheurope.org\\\/?s={search_term_string}\"},\"query-input\":{\"@type\":\"PropertyValueSpecification\",\"valueRequired\":true,\"valueName\":\"search_term_string\"}}],\"inLanguage\":\"es\"},{\"@type\":\"Organization\",\"@id\":\"https:\\\/\\\/mihealtheurope.org\\\/#organization\",\"name\":\"Mi-Health Europe\",\"url\":\"https:\\\/\\\/mihealtheurope.org\\\/\",\"logo\":{\"@type\":\"ImageObject\",\"inLanguage\":\"es\",\"@id\":\"https:\\\/\\\/mihealtheurope.org\\\/#\\\/schema\\\/logo\\\/image\\\/\",\"url\":\"https:\\\/\\\/mihealtheurope.org\\\/wp-content\\\/uploads\\\/2024\\\/04\\\/MiHealth_Blue-High-Res.png\",\"contentUrl\":\"https:\\\/\\\/mihealtheurope.org\\\/wp-content\\\/uploads\\\/2024\\\/04\\\/MiHealth_Blue-High-Res.png\",\"width\":1536,\"height\":1489,\"caption\":\"Mi-Health Europe\"},\"image\":{\"@id\":\"https:\\\/\\\/mihealtheurope.org\\\/#\\\/schema\\\/logo\\\/image\\\/\"},\"sameAs\":[\"https:\\\/\\\/www.facebook.com\\\/MiHealthAAF\",\"https:\\\/\\\/x.com\\\/MiHealth_Europe\",\"https:\\\/\\\/www.instagram.com\\\/mi_health_advocacy\\\/\"]}]}<\/script>\n<!-- \/ Yoast SEO plugin. -->","yoast_head_json":{"title":"Servicios de apoyo a los inmigrantes - Buscar ayuda - Mi-Health Europe","description":"Encuentre servicios de apoyo a los inmigrantes en su lugar de residencia. Acceda a informaci\u00f3n actualizada sobre asistencia sanitaria, vivienda, protecci\u00f3n jur\u00eddica y mucho m\u00e1s.","robots":{"index":"index","follow":"follow","max-snippet":"max-snippet:-1","max-image-preview":"max-image-preview:large","max-video-preview":"max-video-preview:-1"},"canonical":"https:\/\/mihealtheurope.org\/es\/buscar-ayuda\/","og_locale":"es_ES","og_type":"article","og_title":"Migrant support services - Find Help - Mi-Health Europe","og_description":"Find migrant support services where you are. Access up-to-date information for healthcare, housing, legal protections & more.","og_url":"https:\/\/mihealtheurope.org\/es\/buscar-ayuda\/","og_site_name":"Mi-Health Europe","article_publisher":"https:\/\/www.facebook.com\/MiHealthAAF","article_modified_time":"2025-08-27T18:42:36+00:00","twitter_card":"summary_large_image","twitter_site":"@MiHealth_Europe","twitter_misc":{"Tiempo de lectura":"1 minuto"},"schema":{"@context":"https:\/\/schema.org","@graph":[{"@type":"WebPage","@id":"https:\/\/mihealtheurope.org\/migrant-support-services-europe\/","url":"https:\/\/mihealtheurope.org\/migrant-support-services-europe\/","name":"Servicios de apoyo a los inmigrantes - Buscar ayuda - Mi-Health Europe","isPartOf":{"@id":"https:\/\/mihealtheurope.org\/#website"},"datePublished":"2022-04-20T06:08:42+00:00","dateModified":"2025-08-27T18:42:36+00:00","description":"Encuentre servicios de apoyo a los inmigrantes en su lugar de residencia. Acceda a informaci\u00f3n actualizada sobre asistencia sanitaria, vivienda, protecci\u00f3n jur\u00eddica y mucho m\u00e1s.","breadcrumb":{"@id":"https:\/\/mihealtheurope.org\/migrant-support-services-europe\/#breadcrumb"},"inLanguage":"es","potentialAction":[{"@type":"ReadAction","target":["https:\/\/mihealtheurope.org\/migrant-support-services-europe\/"]}]},{"@type":"BreadcrumbList","@id":"https:\/\/mihealtheurope.org\/migrant-support-services-europe\/#breadcrumb","itemListElement":[{"@type":"ListItem","position":1,"name":"Home","item":"https:\/\/mihealtheurope.org\/"},{"@type":"ListItem","position":2,"name":"Find Help"}]},{"@type":"WebSite","@id":"https:\/\/mihealtheurope.org\/#website","url":"https:\/\/mihealtheurope.org\/","name":"https:\/\/mihealtheurope.org\/","description":"Mejorar la salud de los inmigrantes","publisher":{"@id":"https:\/\/mihealtheurope.org\/#organization"},"potentialAction":[{"@type":"SearchAction","target":{"@type":"EntryPoint","urlTemplate":"https:\/\/mihealtheurope.org\/?s={search_term_string}"},"query-input":{"@type":"PropertyValueSpecification","valueRequired":true,"valueName":"search_term_string"}}],"inLanguage":"es"},{"@type":"Organization","@id":"https:\/\/mihealtheurope.org\/#organization","name":"Mi-Health Europe","url":"https:\/\/mihealtheurope.org\/","logo":{"@type":"ImageObject","inLanguage":"es","@id":"https:\/\/mihealtheurope.org\/#\/schema\/logo\/image\/","url":"https:\/\/mihealtheurope.org\/wp-content\/uploads\/2024\/04\/MiHealth_Blue-High-Res.png","contentUrl":"https:\/\/mihealtheurope.org\/wp-content\/uploads\/2024\/04\/MiHealth_Blue-High-Res.png","width":1536,"height":1489,"caption":"Mi-Health Europe"},"image":{"@id":"https:\/\/mihealtheurope.org\/#\/schema\/logo\/image\/"},"sameAs":["https:\/\/www.facebook.com\/MiHealthAAF","https:\/\/x.com\/MiHealth_Europe","https:\/\/www.instagram.com\/mi_health_advocacy\/"]}]}},"uagb_featured_image_src":{"full":false,"thumbnail":false,"medium":false,"medium_large":false,"large":false,"1536x1536":false,"2048x2048":false,"trp-custom-language-flag":false,"blog-img":false,"gform-image-choice-sm":false,"gform-image-choice-md":false,"gform-image-choice-lg":false},"uagb_author_info":{"display_name":"MIHealthUsr","author_link":"https:\/\/mihealtheurope.org\/es\/author\/mihealthusr\/"},"uagb_comment_info":0,"uagb_excerpt":"Find migrant support services where you are When you have access to the most up-to-date information on migrant support services to guide you on your journey, you are able to make the best decisions for yourself and your family. Click on the country where you are right now or where you need to go, and&hellip;","_links":{"self":[{"href":"https:\/\/mihealtheurope.org\/es\/wp-json\/wp\/v2\/pages\/7","targetHints":{"allow":["GET"]}}],"collection":[{"href":"https:\/\/mihealtheurope.org\/es\/wp-json\/wp\/v2\/pages"}],"about":[{"href":"https:\/\/mihealtheurope.org\/es\/wp-json\/wp\/v2\/types\/page"}],"author":[{"embeddable":true,"href":"https:\/\/mihealtheurope.org\/es\/wp-json\/wp\/v2\/users\/1"}],"replies":[{"embeddable":true,"href":"https:\/\/mihealtheurope.org\/es\/wp-json\/wp\/v2\/comments?post=7"}],"version-history":[{"count":32,"href":"https:\/\/mihealtheurope.org\/es\/wp-json\/wp\/v2\/pages\/7\/revisions"}],"predecessor-version":[{"id":2917,"href":"https:\/\/mihealtheurope.org\/es\/wp-json\/wp\/v2\/pages\/7\/revisions\/2917"}],"wp:attachment":[{"href":"https:\/\/mihealtheurope.org\/es\/wp-json\/wp\/v2\/media?parent=7"}],"wp:term":[{"taxonomy":"wf_page_folders","embeddable":true,"href":"https:\/\/mihealtheurope.org\/es\/wp-json\/wp\/v2\/wf_page_folders?post=7"}],"curies":[{"name":"wp","href":"https:\/\/api.w.org\/{rel}","templated":true}]}}