{"id":2298,"date":"2024-06-28T16:08:26","date_gmt":"2024-06-28T15:08:26","guid":{"rendered":"https:\/\/mihealtheurope.org\/?page_id=2298"},"modified":"2025-03-07T12:55:07","modified_gmt":"2025-03-07T12:55:07","slug":"investigacion-comunitaria","status":"publish","type":"page","link":"https:\/\/mihealtheurope.org\/es\/mi-care-training-programme\/community-based-research\/","title":{"rendered":"Investigaci\u00f3n comunitaria"},"content":{"rendered":"<div class=\"wp-block-group\"><div class=\"wp-block-group__inner-container is-layout-flow wp-block-group-is-layout-flow\">\n<h1 class=\"wp-block-heading\">Investigaci\u00f3n participativa basada en la comunidad<\/h1>\n\n\n\n<div data-wp-interactive=\"core\/file\" class=\"wp-block-file\"><object data-wp-bind--hidden=\"!state.hasPdfPreview\" hidden class=\"wp-block-file__embed\" data=\"https:\/\/mihealtheurope.org\/wp-content\/uploads\/2024\/08\/COMMUNITY-BASED-PARTICIPATORY-RESEARCH.pdf\" type=\"application\/pdf\" style=\"width:100%;height:600px\" aria-label=\"Incrustado de COMMUNITY-BASED PARTICIPATORY RESEARCH.\"><\/object><a id=\"wp-block-file--media-68534e29-9ee4-4c6a-a395-13770089b284\" href=\"https:\/\/mihealtheurope.org\/wp-content\/uploads\/2024\/08\/COMMUNITY-BASED-PARTICIPATORY-RESEARCH.pdf\">INVESTIGACI\u00d3N PARTICIPATIVA BASADA EN LA COMUNIDAD<\/a><a href=\"https:\/\/mihealtheurope.org\/wp-content\/uploads\/2024\/08\/COMMUNITY-BASED-PARTICIPATORY-RESEARCH.pdf\" class=\"wp-block-file__button wp-element-button\" download aria-describedby=\"wp-block-file--media-68534e29-9ee4-4c6a-a395-13770089b284\">Descargar<\/a><\/div>\n\n\n\n<div style=\"height:56px\" aria-hidden=\"true\" class=\"wp-block-spacer\"><\/div>\n\n\n\n<h2 class=\"wp-block-heading\">Asociaciones de investigaci\u00f3n entre la sociedad civil y el mundo acad\u00e9mico<\/h2>\n\n\n\n<div data-wp-interactive=\"core\/file\" class=\"wp-block-file\"><object data-wp-bind--hidden=\"!state.hasPdfPreview\" hidden class=\"wp-block-file__embed\" data=\"https:\/\/mihealtheurope.org\/wp-content\/uploads\/2024\/08\/CIVIL-SOCIETY-ACADEMIC-RESEARCH-PARTNERSHIPS.pdf\" type=\"application\/pdf\" style=\"width:100%;height:600px\" aria-label=\"Incrustado de CIVIL SOCIETY - ACADEMIC RESEARCH PARTNERSHIPS.\"><\/object><a id=\"wp-block-file--media-bdeb750e-c0ef-4539-a6e8-ba9bd5d9bd28\" href=\"https:\/\/mihealtheurope.org\/wp-content\/uploads\/2024\/08\/CIVIL-SOCIETY-ACADEMIC-RESEARCH-PARTNERSHIPS.pdf\">ASOCIACIONES DE INVESTIGACI\u00d3N ENTRE LA SOCIEDAD CIVIL Y EL MUNDO ACAD\u00c9MICO<\/a><a href=\"https:\/\/mihealtheurope.org\/wp-content\/uploads\/2024\/08\/CIVIL-SOCIETY-ACADEMIC-RESEARCH-PARTNERSHIPS.pdf\" class=\"wp-block-file__button wp-element-button\" download aria-describedby=\"wp-block-file--media-bdeb750e-c0ef-4539-a6e8-ba9bd5d9bd28\">Descargar<\/a><\/div>\n<\/div><\/div>\n\n\n\n<p><\/p>","protected":false},"excerpt":{"rendered":"<p>Community-based participatory research (CBPR) Civil Society &#8211; Academic Research Partnerships<\/p>","protected":false},"author":29,"featured_media":0,"parent":1034,"menu_order":0,"comment_status":"closed","ping_status":"closed","template":"course-page.php","meta":{"_acf_changed":false,"_uag_custom_page_level_css":"","footnotes":""},"wf_page_folders":[],"class_list":["post-2298","page","type-page","status-publish","hentry"],"acf":[],"yoast_head":"<!-- This site is optimized with the Yoast SEO plugin v27.5 - https:\/\/yoast.com\/product\/yoast-seo-wordpress\/ -->\n<title>HIV and Migration Advocacy - Week 4 Tactics &amp; Techniques - Mi-Health Europe<\/title>\n<meta name=\"description\" content=\"Learn advocacy tactics and techniques for HIV and migration at national and international levels in Week 4 of our Mi-Care Training Programme.\" \/>\n<meta name=\"robots\" content=\"index, follow, max-snippet:-1, max-image-preview:large, max-video-preview:-1\" \/>\n<link rel=\"canonical\" href=\"https:\/\/mihealtheurope.org\/es\/programa-de-formacion-en-mi-care\/investigacion-comunitaria\/\" \/>\n<meta property=\"og:locale\" content=\"es_ES\" \/>\n<meta property=\"og:type\" content=\"article\" \/>\n<meta property=\"og:title\" content=\"HIV and Migration Advocacy - Week 4 Tactics &amp; Techniques - Mi-Health Europe\" \/>\n<meta property=\"og:description\" content=\"Learn advocacy tactics and techniques for HIV and migration at national and international levels in Week 4 of our Mi-Care Training Programme.\" \/>\n<meta property=\"og:url\" content=\"https:\/\/mihealtheurope.org\/es\/programa-de-formacion-en-mi-care\/investigacion-comunitaria\/\" \/>\n<meta property=\"og:site_name\" content=\"Mi-Health Europe\" \/>\n<meta property=\"article:publisher\" content=\"https:\/\/www.facebook.com\/MiHealthAAF\" \/>\n<meta property=\"article:modified_time\" content=\"2025-03-07T12:55:07+00:00\" \/>\n<meta name=\"twitter:card\" content=\"summary_large_image\" \/>\n<meta name=\"twitter:site\" content=\"@MiHealth_Europe\" \/>\n<meta name=\"twitter:label1\" content=\"Tiempo de lectura\" \/>\n\t<meta name=\"twitter:data1\" content=\"1 minuto\" \/>\n<script type=\"application\/ld+json\" class=\"yoast-schema-graph\">{\"@context\":\"https:\\\/\\\/schema.org\",\"@graph\":[{\"@type\":\"WebPage\",\"@id\":\"https:\\\/\\\/mihealtheurope.org\\\/mi-care-training-programme\\\/community-based-research\\\/\",\"url\":\"https:\\\/\\\/mihealtheurope.org\\\/mi-care-training-programme\\\/community-based-research\\\/\",\"name\":\"HIV and Migration Advocacy - Week 4 Tactics & Techniques - Mi-Health Europe\",\"isPartOf\":{\"@id\":\"https:\\\/\\\/mihealtheurope.org\\\/#website\"},\"datePublished\":\"2024-06-28T15:08:26+00:00\",\"dateModified\":\"2025-03-07T12:55:07+00:00\",\"description\":\"Learn advocacy tactics and techniques for HIV and migration at national and international levels in Week 4 of our Mi-Care Training Programme.\",\"breadcrumb\":{\"@id\":\"https:\\\/\\\/mihealtheurope.org\\\/mi-care-training-programme\\\/community-based-research\\\/#breadcrumb\"},\"inLanguage\":\"es\",\"potentialAction\":[{\"@type\":\"ReadAction\",\"target\":[\"https:\\\/\\\/mihealtheurope.org\\\/mi-care-training-programme\\\/community-based-research\\\/\"]}]},{\"@type\":\"BreadcrumbList\",\"@id\":\"https:\\\/\\\/mihealtheurope.org\\\/mi-care-training-programme\\\/community-based-research\\\/#breadcrumb\",\"itemListElement\":[{\"@type\":\"ListItem\",\"position\":1,\"name\":\"Home\",\"item\":\"https:\\\/\\\/mihealtheurope.org\\\/\"},{\"@type\":\"ListItem\",\"position\":2,\"name\":\"Welcome to MI Care\",\"item\":\"https:\\\/\\\/mihealtheurope.org\\\/mi-care-training-programme\\\/\"},{\"@type\":\"ListItem\",\"position\":3,\"name\":\"Community-based research\"}]},{\"@type\":\"WebSite\",\"@id\":\"https:\\\/\\\/mihealtheurope.org\\\/#website\",\"url\":\"https:\\\/\\\/mihealtheurope.org\\\/\",\"name\":\"https:\\\/\\\/mihealtheurope.org\\\/\",\"description\":\"Improving migrant health\",\"publisher\":{\"@id\":\"https:\\\/\\\/mihealtheurope.org\\\/#organization\"},\"potentialAction\":[{\"@type\":\"SearchAction\",\"target\":{\"@type\":\"EntryPoint\",\"urlTemplate\":\"https:\\\/\\\/mihealtheurope.org\\\/?s={search_term_string}\"},\"query-input\":{\"@type\":\"PropertyValueSpecification\",\"valueRequired\":true,\"valueName\":\"search_term_string\"}}],\"inLanguage\":\"es\"},{\"@type\":\"Organization\",\"@id\":\"https:\\\/\\\/mihealtheurope.org\\\/#organization\",\"name\":\"Mi-Health Europe\",\"url\":\"https:\\\/\\\/mihealtheurope.org\\\/\",\"logo\":{\"@type\":\"ImageObject\",\"inLanguage\":\"es\",\"@id\":\"https:\\\/\\\/mihealtheurope.org\\\/#\\\/schema\\\/logo\\\/image\\\/\",\"url\":\"https:\\\/\\\/mihealtheurope.org\\\/wp-content\\\/uploads\\\/2024\\\/04\\\/MiHealth_Blue-High-Res.png\",\"contentUrl\":\"https:\\\/\\\/mihealtheurope.org\\\/wp-content\\\/uploads\\\/2024\\\/04\\\/MiHealth_Blue-High-Res.png\",\"width\":1536,\"height\":1489,\"caption\":\"Mi-Health Europe\"},\"image\":{\"@id\":\"https:\\\/\\\/mihealtheurope.org\\\/#\\\/schema\\\/logo\\\/image\\\/\"},\"sameAs\":[\"https:\\\/\\\/www.facebook.com\\\/MiHealthAAF\",\"https:\\\/\\\/x.com\\\/MiHealth_Europe\",\"https:\\\/\\\/www.instagram.com\\\/mi_health_advocacy\\\/\"]}]}<\/script>\n<!-- \/ Yoast SEO plugin. -->","yoast_head_json":{"title":"Promoci\u00f3n del VIH y la migraci\u00f3n - Semana 4 T\u00e1cticas y t\u00e9cnicas - Mi-Health Europe","description":"Aprenda t\u00e1cticas y t\u00e9cnicas de promoci\u00f3n del VIH y la migraci\u00f3n a escala nacional e internacional en la Semana 4 de nuestro Programa de formaci\u00f3n Mi-Care.","robots":{"index":"index","follow":"follow","max-snippet":"max-snippet:-1","max-image-preview":"max-image-preview:large","max-video-preview":"max-video-preview:-1"},"canonical":"https:\/\/mihealtheurope.org\/es\/programa-de-formacion-en-mi-care\/investigacion-comunitaria\/","og_locale":"es_ES","og_type":"article","og_title":"HIV and Migration Advocacy - Week 4 Tactics & Techniques - Mi-Health Europe","og_description":"Learn advocacy tactics and techniques for HIV and migration at national and international levels in Week 4 of our Mi-Care Training Programme.","og_url":"https:\/\/mihealtheurope.org\/es\/programa-de-formacion-en-mi-care\/investigacion-comunitaria\/","og_site_name":"Mi-Health Europe","article_publisher":"https:\/\/www.facebook.com\/MiHealthAAF","article_modified_time":"2025-03-07T12:55:07+00:00","twitter_card":"summary_large_image","twitter_site":"@MiHealth_Europe","twitter_misc":{"Tiempo de lectura":"1 minuto"},"schema":{"@context":"https:\/\/schema.org","@graph":[{"@type":"WebPage","@id":"https:\/\/mihealtheurope.org\/mi-care-training-programme\/community-based-research\/","url":"https:\/\/mihealtheurope.org\/mi-care-training-programme\/community-based-research\/","name":"Promoci\u00f3n del VIH y la migraci\u00f3n - Semana 4 T\u00e1cticas y t\u00e9cnicas - Mi-Health Europe","isPartOf":{"@id":"https:\/\/mihealtheurope.org\/#website"},"datePublished":"2024-06-28T15:08:26+00:00","dateModified":"2025-03-07T12:55:07+00:00","description":"Aprenda t\u00e1cticas y t\u00e9cnicas de promoci\u00f3n del VIH y la migraci\u00f3n a escala nacional e internacional en la Semana 4 de nuestro Programa de formaci\u00f3n Mi-Care.","breadcrumb":{"@id":"https:\/\/mihealtheurope.org\/mi-care-training-programme\/community-based-research\/#breadcrumb"},"inLanguage":"es","potentialAction":[{"@type":"ReadAction","target":["https:\/\/mihealtheurope.org\/mi-care-training-programme\/community-based-research\/"]}]},{"@type":"BreadcrumbList","@id":"https:\/\/mihealtheurope.org\/mi-care-training-programme\/community-based-research\/#breadcrumb","itemListElement":[{"@type":"ListItem","position":1,"name":"Home","item":"https:\/\/mihealtheurope.org\/"},{"@type":"ListItem","position":2,"name":"Welcome to MI Care","item":"https:\/\/mihealtheurope.org\/mi-care-training-programme\/"},{"@type":"ListItem","position":3,"name":"Community-based research"}]},{"@type":"WebSite","@id":"https:\/\/mihealtheurope.org\/#website","url":"https:\/\/mihealtheurope.org\/","name":"https:\/\/mihealtheurope.org\/","description":"Mejorar la salud de los inmigrantes","publisher":{"@id":"https:\/\/mihealtheurope.org\/#organization"},"potentialAction":[{"@type":"SearchAction","target":{"@type":"EntryPoint","urlTemplate":"https:\/\/mihealtheurope.org\/?s={search_term_string}"},"query-input":{"@type":"PropertyValueSpecification","valueRequired":true,"valueName":"search_term_string"}}],"inLanguage":"es"},{"@type":"Organization","@id":"https:\/\/mihealtheurope.org\/#organization","name":"Mi-Health Europe","url":"https:\/\/mihealtheurope.org\/","logo":{"@type":"ImageObject","inLanguage":"es","@id":"https:\/\/mihealtheurope.org\/#\/schema\/logo\/image\/","url":"https:\/\/mihealtheurope.org\/wp-content\/uploads\/2024\/04\/MiHealth_Blue-High-Res.png","contentUrl":"https:\/\/mihealtheurope.org\/wp-content\/uploads\/2024\/04\/MiHealth_Blue-High-Res.png","width":1536,"height":1489,"caption":"Mi-Health Europe"},"image":{"@id":"https:\/\/mihealtheurope.org\/#\/schema\/logo\/image\/"},"sameAs":["https:\/\/www.facebook.com\/MiHealthAAF","https:\/\/x.com\/MiHealth_Europe","https:\/\/www.instagram.com\/mi_health_advocacy\/"]}]}},"uagb_featured_image_src":{"full":false,"thumbnail":false,"medium":false,"medium_large":false,"large":false,"1536x1536":false,"2048x2048":false,"trp-custom-language-flag":false,"blog-img":false,"gform-image-choice-sm":false,"gform-image-choice-md":false,"gform-image-choice-lg":false},"uagb_author_info":{"display_name":"HalaMI","author_link":"https:\/\/mihealtheurope.org\/es\/author\/halami\/"},"uagb_comment_info":0,"uagb_excerpt":"Community-based participatory research (CBPR) Civil Society &#8211; Academic Research Partnerships","_links":{"self":[{"href":"https:\/\/mihealtheurope.org\/es\/wp-json\/wp\/v2\/pages\/2298","targetHints":{"allow":["GET"]}}],"collection":[{"href":"https:\/\/mihealtheurope.org\/es\/wp-json\/wp\/v2\/pages"}],"about":[{"href":"https:\/\/mihealtheurope.org\/es\/wp-json\/wp\/v2\/types\/page"}],"author":[{"embeddable":true,"href":"https:\/\/mihealtheurope.org\/es\/wp-json\/wp\/v2\/users\/29"}],"replies":[{"embeddable":true,"href":"https:\/\/mihealtheurope.org\/es\/wp-json\/wp\/v2\/comments?post=2298"}],"version-history":[{"count":5,"href":"https:\/\/mihealtheurope.org\/es\/wp-json\/wp\/v2\/pages\/2298\/revisions"}],"predecessor-version":[{"id":2517,"href":"https:\/\/mihealtheurope.org\/es\/wp-json\/wp\/v2\/pages\/2298\/revisions\/2517"}],"up":[{"embeddable":true,"href":"https:\/\/mihealtheurope.org\/es\/wp-json\/wp\/v2\/pages\/1034"}],"wp:attachment":[{"href":"https:\/\/mihealtheurope.org\/es\/wp-json\/wp\/v2\/media?parent=2298"}],"wp:term":[{"taxonomy":"wf_page_folders","embeddable":true,"href":"https:\/\/mihealtheurope.org\/es\/wp-json\/wp\/v2\/wf_page_folders?post=2298"}],"curies":[{"name":"wp","href":"https:\/\/api.w.org\/{rel}","templated":true}]}}