{"id":2296,"date":"2024-06-28T16:07:47","date_gmt":"2024-06-28T15:07:47","guid":{"rendered":"https:\/\/mihealtheurope.org\/?page_id=2296"},"modified":"2025-03-07T12:50:55","modified_gmt":"2025-03-07T12:50:55","slug":"contactos","status":"publish","type":"page","link":"https:\/\/mihealtheurope.org\/es\/mi-care-training-programme\/contacts\/","title":{"rendered":"Contactos"},"content":{"rendered":"<p>En esta secci\u00f3n de contactos encontrar\u00e1 una lista de expertos disponibles para consultas, facilitaci\u00f3n de formaci\u00f3n e intercambio de conocimientos. Cada entrada incluye el nombre del experto, su profesi\u00f3n, sus \u00e1reas de especializaci\u00f3n y su direcci\u00f3n de correo electr\u00f3nico. Estos profesionales est\u00e1n dispuestos a ayudarle con preguntas relacionadas y apoyar sus iniciativas a trav\u00e9s de sus conocimientos especializados y experiencia.<\/p>\n\n\n\n<div style=\"height:50px\" aria-hidden=\"true\" class=\"wp-block-spacer\"><\/div>\n\n\n\n<div class=\"wp-block-group\"><div class=\"wp-block-group__inner-container is-layout-flow wp-block-group-is-layout-flow\">\n<h1 class=\"wp-block-heading\">Contactos<\/h1>\n\n\n\n<figure class=\"wp-block-table is-style-stripes\"><table class=\"has-fixed-layout\"><tbody><tr><td><strong>Nombre<\/strong><\/td><td><strong>Papel\/<br>Organizaci\u00f3n<\/strong><\/td><td><strong>\u00c1rea de especializaci\u00f3n<\/strong><\/td><td><strong>P\u00f3ngase en contacto con<\/strong><\/td><\/tr><tr><td>Teymur Noori<\/td><td>Especialista en salud p\u00fablica y experta en VIH del ECDC<\/td><td>Datos sobre VIH y migraci\u00f3n en Europa<\/td><td>teymur.noori@ecdc.europa.eu<\/td><\/tr><tr><td>Simon Collins<\/td><td>Defensora del tratamiento del VIH, redactora jefe, directora de proyectos en i-Base.info<\/td><td>Sesi\u00f3n abierta de preguntas y respuestas sobre cuidados personales<br>Investigaci\u00f3n sobre el VIH, Activismo comunitario, Ciencia del VIH y tratamientos, Estrategias de prevenci\u00f3n como PrEP y U=U, Directrices de tratamiento<\/td><td>simon.collins@i-base.org.uk<\/td><\/tr><tr><td>Dra. Vanessa Apea<\/td><td>M\u00e9dico consultor en salud sexual y medicina del VIH en Barts Health NHS Trust e investigador doctoral en equidad sanitaria en la Universidad Queen Mary de Londres<\/td><td>VIH<br>Salud sexual<br>Salud sexual y reproductiva<br>Igualdad sanitaria<br>Participaci\u00f3n de la comunidad<br>Ciencia de la aplicaci\u00f3n<br>Investigaci\u00f3n participativa basada en la comunidad<br>Salud de los inmigrantes&nbsp;<br>Innovaci\u00f3n en sanidad digital&nbsp;<br>Femtech<\/td><td>v.apea@nhs.net<\/td><\/tr><tr><td>Christiana N\u00f6stlinger<\/td><td>Cient\u00edfico Social Senior en el Instituto de Medicina Tropical, departamento de Salud P\u00fablica en Amberes, B\u00e9lgica.<\/td><td>Investigaci\u00f3n participativa, m\u00e9todos cualitativos, inmigrantes y VIH, calidad de vida, acceso a la PrEP<\/td><td>noestlinger@gmail.com<\/td><\/tr><tr><td>Bornice Biomndo, Dr. rer. medic<\/td><td>Promoci\u00f3n de la salud (VIH, hepatitis, consumo seguro de drogas) y coordinaci\u00f3n asistencial en<br>Fixpunkt e.V; <br>Cient\u00edfico de salud p\u00fablica en el Instituto de Salud Internacional, Centro Charit\u00e9 para la Salud Global, en el marco del Proyecto Migraci\u00f3n y Salud (MIGRAH); <br>Evaluaci\u00f3n cient\u00edfica y garant\u00eda de calidad en el punto de control BLN<\/td><td>Salud p\u00fablica, epidemiolog\u00eda, sistemas sanitarios, VIH, hepatitis, ITS, violencia de pareja, salud de los inmigrantes, LGBTQIA* Salud, consumo de drogas (consumo de drogas en fiestas m\u00e1s seguras y reducci\u00f3n de da\u00f1os)<\/td><td>bbc_j@yahoo.co.uk<\/td><\/tr><tr><td>Dr. Harvey Kennedy-Pitt<\/td><td>Director y consultor principal de unstukk<\/td><td>Ejecuci\u00f3n y evaluaci\u00f3n de estrategias, investigaci\u00f3n emp\u00edrica, capacitaci\u00f3n, desarrollo de la riqueza social, compromiso con la comunidad, justicia social, dise\u00f1o de programas de salud y bienestar, facilitaci\u00f3n de la educaci\u00f3n y la formaci\u00f3n, coaching ejecutivo y tutor\u00eda. <\/td><td>harvey@unstukk.co.uk<\/td><\/tr><tr><td>Dr. Gary Jones<\/td><td>Anterior Asesor principal en ONUSIDA, Mentor de cohorte en la Universidad James Cook <\/td><td>Servicios sanitarios integrales que incluyan conceptualizaci\u00f3n, dise\u00f1o, ejecuci\u00f3n y evaluaci\u00f3n, abarcando VIH, ITS y salud sexual y reproductiva para poblaciones migrantes; capacitaci\u00f3n con herramientas y directrices; organizaci\u00f3n de eventos y formaci\u00f3n; estrategias de promoci\u00f3n y comunicaci\u00f3n; evaluaci\u00f3n de la salud de los migrantes y desarrollo de pol\u00edticas; preparaci\u00f3n y respuesta humanitarias; y metodolog\u00edas de investigaci\u00f3n.<\/td><td>garyjonesconsultancies24@gmail.com <\/td><\/tr><tr><td>Juddy Otti<\/td><td>Jefe de Servicios de VIH en Africa Advocacy Foundation, Jefe del Proyecto GROWS en Sophia Forum<\/td><td>Servicios de VIH, Trabajo comunitario, Prevenci\u00f3n del VIH (incl. PrEP)<\/td><td>juddy@africadvocacy.com<\/td><\/tr><tr><td>Yusef Azad<\/td><td><\/td><td>pol\u00edtica sanitaria para los inmigrantes<\/td><td>yusefazad@gmail.com<\/td><\/tr><tr><td>PICUM<\/td><td>Red de organizaciones que trabajan<br>garantizar la justicia social<br>y derechos humanos de los inmigrantes indocumentados<\/td><td>Criminalizaci\u00f3n de la migraci\u00f3n y la solidaridad<br>Ni\u00f1os, familias y j\u00f3venes,<br>Detenciones y deportaciones,<br>Tecnolog\u00edas digitales,<br>Igualdad entre hombres y mujeres,<br>Salud,<br>Vivienda y lucha contra la pobreza,<br>Justicia y polic\u00eda,<br>Regularizaci\u00f3n,<br>Trabajo.<\/td><td>info@picum.org<br><a href=\"https:\/\/picum.org\/about-us\/\">https:\/\/picum.org\/about-us\/<\/a><\/td><\/tr><tr><td>Prof. Jeffrey V Lazarus<\/td><td>Instituto de Salud Global de Barcelona (ISGlobal)<br>Hospital Cl\u00ednic - Universidad de Barcelona, Espa\u00f1a<br>&nbsp;<br>Escuela Universitaria de Salud P\u00fablica y Pol\u00edtica Sanitaria de la CUNY (CUNY SPH)<\/td><td>Enfermedad hep\u00e1tica esteat\u00f3sica asociada al metabolismo (MASLD) y esteatohepatitis asociada al metabolismo (MASH)<\/td><td>jeffrey.lazarus@isglobal.org<\/td><\/tr><\/tbody><\/table><\/figure>\n<\/div><\/div>","protected":false},"excerpt":{"rendered":"<p>In this contact section, you will find a list of experts available for inquiries, training facilitation, and knowledge exchanges. Each entry includes the expert&#8217;s name, profession, areas of expertise, and email address. These professionals are ready to assist with related questions and support your initiatives through their specialized knowledge and experience. Contacts Name Role\/Organisation Area [&hellip;]<\/p>\n","protected":false},"author":29,"featured_media":0,"parent":1034,"menu_order":0,"comment_status":"closed","ping_status":"closed","template":"course-page.php","meta":{"_acf_changed":false,"_uag_custom_page_level_css":"","footnotes":"[]"},"wf_page_folders":[],"class_list":["post-2296","page","type-page","status-publish","hentry"],"acf":[],"yoast_head":"<!-- This site is optimized with the Yoast SEO plugin v27.5 - https:\/\/yoast.com\/product\/yoast-seo-wordpress\/ -->\n<title>Policy on Migration and Health: HIV and Healthcare Topics - Mi-Health Europe<\/title>\n<meta name=\"description\" content=\"Discover Week 3 of Mi-Care Training on migration and health policy, focusing on HIV and healthcare access in the EU.\" \/>\n<meta name=\"robots\" content=\"index, follow, max-snippet:-1, max-image-preview:large, max-video-preview:-1\" \/>\n<link rel=\"canonical\" href=\"https:\/\/mihealtheurope.org\/es\/programa-de-formacion-en-mi-care\/contactos\/\" \/>\n<meta property=\"og:locale\" content=\"es_ES\" \/>\n<meta property=\"og:type\" content=\"article\" \/>\n<meta property=\"og:title\" content=\"Policy on Migration and Health: HIV and Healthcare Topics - Mi-Health Europe\" \/>\n<meta property=\"og:description\" content=\"Discover Week 3 of Mi-Care Training on migration and health policy, focusing on HIV and healthcare access in the EU.\" \/>\n<meta property=\"og:url\" content=\"https:\/\/mihealtheurope.org\/es\/programa-de-formacion-en-mi-care\/contactos\/\" \/>\n<meta property=\"og:site_name\" content=\"Mi-Health Europe\" \/>\n<meta property=\"article:publisher\" content=\"https:\/\/www.facebook.com\/MiHealthAAF\" \/>\n<meta property=\"article:modified_time\" content=\"2025-03-07T12:50:55+00:00\" \/>\n<meta name=\"twitter:card\" content=\"summary_large_image\" \/>\n<meta name=\"twitter:site\" content=\"@MiHealth_Europe\" \/>\n<meta name=\"twitter:label1\" content=\"Tiempo de lectura\" \/>\n\t<meta name=\"twitter:data1\" content=\"3 minutos\" \/>\n<script type=\"application\/ld+json\" class=\"yoast-schema-graph\">{\"@context\":\"https:\\\/\\\/schema.org\",\"@graph\":[{\"@type\":\"WebPage\",\"@id\":\"https:\\\/\\\/mihealtheurope.org\\\/mi-care-training-programme\\\/contacts\\\/\",\"url\":\"https:\\\/\\\/mihealtheurope.org\\\/mi-care-training-programme\\\/contacts\\\/\",\"name\":\"Policy on Migration and Health: HIV and Healthcare Topics - Mi-Health Europe\",\"isPartOf\":{\"@id\":\"https:\\\/\\\/mihealtheurope.org\\\/#website\"},\"datePublished\":\"2024-06-28T15:07:47+00:00\",\"dateModified\":\"2025-03-07T12:50:55+00:00\",\"description\":\"Discover Week 3 of Mi-Care Training on migration and health policy, focusing on HIV and healthcare access in the EU.\",\"breadcrumb\":{\"@id\":\"https:\\\/\\\/mihealtheurope.org\\\/mi-care-training-programme\\\/contacts\\\/#breadcrumb\"},\"inLanguage\":\"es\",\"potentialAction\":[{\"@type\":\"ReadAction\",\"target\":[\"https:\\\/\\\/mihealtheurope.org\\\/mi-care-training-programme\\\/contacts\\\/\"]}]},{\"@type\":\"BreadcrumbList\",\"@id\":\"https:\\\/\\\/mihealtheurope.org\\\/mi-care-training-programme\\\/contacts\\\/#breadcrumb\",\"itemListElement\":[{\"@type\":\"ListItem\",\"position\":1,\"name\":\"Home\",\"item\":\"https:\\\/\\\/mihealtheurope.org\\\/\"},{\"@type\":\"ListItem\",\"position\":2,\"name\":\"Welcome to MI Care\",\"item\":\"https:\\\/\\\/mihealtheurope.org\\\/mi-care-training-programme\\\/\"},{\"@type\":\"ListItem\",\"position\":3,\"name\":\"Contacts\"}]},{\"@type\":\"WebSite\",\"@id\":\"https:\\\/\\\/mihealtheurope.org\\\/#website\",\"url\":\"https:\\\/\\\/mihealtheurope.org\\\/\",\"name\":\"https:\\\/\\\/mihealtheurope.org\\\/\",\"description\":\"Improving migrant health\",\"publisher\":{\"@id\":\"https:\\\/\\\/mihealtheurope.org\\\/#organization\"},\"potentialAction\":[{\"@type\":\"SearchAction\",\"target\":{\"@type\":\"EntryPoint\",\"urlTemplate\":\"https:\\\/\\\/mihealtheurope.org\\\/?s={search_term_string}\"},\"query-input\":{\"@type\":\"PropertyValueSpecification\",\"valueRequired\":true,\"valueName\":\"search_term_string\"}}],\"inLanguage\":\"es\"},{\"@type\":\"Organization\",\"@id\":\"https:\\\/\\\/mihealtheurope.org\\\/#organization\",\"name\":\"Mi-Health Europe\",\"url\":\"https:\\\/\\\/mihealtheurope.org\\\/\",\"logo\":{\"@type\":\"ImageObject\",\"inLanguage\":\"es\",\"@id\":\"https:\\\/\\\/mihealtheurope.org\\\/#\\\/schema\\\/logo\\\/image\\\/\",\"url\":\"https:\\\/\\\/mihealtheurope.org\\\/wp-content\\\/uploads\\\/2024\\\/04\\\/MiHealth_Blue-High-Res.png\",\"contentUrl\":\"https:\\\/\\\/mihealtheurope.org\\\/wp-content\\\/uploads\\\/2024\\\/04\\\/MiHealth_Blue-High-Res.png\",\"width\":1536,\"height\":1489,\"caption\":\"Mi-Health Europe\"},\"image\":{\"@id\":\"https:\\\/\\\/mihealtheurope.org\\\/#\\\/schema\\\/logo\\\/image\\\/\"},\"sameAs\":[\"https:\\\/\\\/www.facebook.com\\\/MiHealthAAF\",\"https:\\\/\\\/x.com\\\/MiHealth_Europe\",\"https:\\\/\\\/www.instagram.com\\\/mi_health_advocacy\\\/\"]}]}<\/script>\n<!-- \/ Yoast SEO plugin. -->","yoast_head_json":{"title":"Pol\u00edtica de Migraci\u00f3n y Salud: VIH y temas sanitarios - Mi-Health Europe","description":"Descubra la Semana 3 de la formaci\u00f3n Mi-Care sobre migraci\u00f3n y pol\u00edtica sanitaria, centrada en el VIH y el acceso a la atenci\u00f3n sanitaria en la UE.","robots":{"index":"index","follow":"follow","max-snippet":"max-snippet:-1","max-image-preview":"max-image-preview:large","max-video-preview":"max-video-preview:-1"},"canonical":"https:\/\/mihealtheurope.org\/es\/programa-de-formacion-en-mi-care\/contactos\/","og_locale":"es_ES","og_type":"article","og_title":"Policy on Migration and Health: HIV and Healthcare Topics - Mi-Health Europe","og_description":"Discover Week 3 of Mi-Care Training on migration and health policy, focusing on HIV and healthcare access in the EU.","og_url":"https:\/\/mihealtheurope.org\/es\/programa-de-formacion-en-mi-care\/contactos\/","og_site_name":"Mi-Health Europe","article_publisher":"https:\/\/www.facebook.com\/MiHealthAAF","article_modified_time":"2025-03-07T12:50:55+00:00","twitter_card":"summary_large_image","twitter_site":"@MiHealth_Europe","twitter_misc":{"Tiempo de lectura":"3 minutos"},"schema":{"@context":"https:\/\/schema.org","@graph":[{"@type":"WebPage","@id":"https:\/\/mihealtheurope.org\/mi-care-training-programme\/contacts\/","url":"https:\/\/mihealtheurope.org\/mi-care-training-programme\/contacts\/","name":"Pol\u00edtica de Migraci\u00f3n y Salud: VIH y temas sanitarios - Mi-Health Europe","isPartOf":{"@id":"https:\/\/mihealtheurope.org\/#website"},"datePublished":"2024-06-28T15:07:47+00:00","dateModified":"2025-03-07T12:50:55+00:00","description":"Descubra la Semana 3 de la formaci\u00f3n Mi-Care sobre migraci\u00f3n y pol\u00edtica sanitaria, centrada en el VIH y el acceso a la atenci\u00f3n sanitaria en la UE.","breadcrumb":{"@id":"https:\/\/mihealtheurope.org\/mi-care-training-programme\/contacts\/#breadcrumb"},"inLanguage":"es","potentialAction":[{"@type":"ReadAction","target":["https:\/\/mihealtheurope.org\/mi-care-training-programme\/contacts\/"]}]},{"@type":"BreadcrumbList","@id":"https:\/\/mihealtheurope.org\/mi-care-training-programme\/contacts\/#breadcrumb","itemListElement":[{"@type":"ListItem","position":1,"name":"Home","item":"https:\/\/mihealtheurope.org\/"},{"@type":"ListItem","position":2,"name":"Welcome to MI Care","item":"https:\/\/mihealtheurope.org\/mi-care-training-programme\/"},{"@type":"ListItem","position":3,"name":"Contacts"}]},{"@type":"WebSite","@id":"https:\/\/mihealtheurope.org\/#website","url":"https:\/\/mihealtheurope.org\/","name":"https:\/\/mihealtheurope.org\/","description":"Mejorar la salud de los inmigrantes","publisher":{"@id":"https:\/\/mihealtheurope.org\/#organization"},"potentialAction":[{"@type":"SearchAction","target":{"@type":"EntryPoint","urlTemplate":"https:\/\/mihealtheurope.org\/?s={search_term_string}"},"query-input":{"@type":"PropertyValueSpecification","valueRequired":true,"valueName":"search_term_string"}}],"inLanguage":"es"},{"@type":"Organization","@id":"https:\/\/mihealtheurope.org\/#organization","name":"Mi-Health Europe","url":"https:\/\/mihealtheurope.org\/","logo":{"@type":"ImageObject","inLanguage":"es","@id":"https:\/\/mihealtheurope.org\/#\/schema\/logo\/image\/","url":"https:\/\/mihealtheurope.org\/wp-content\/uploads\/2024\/04\/MiHealth_Blue-High-Res.png","contentUrl":"https:\/\/mihealtheurope.org\/wp-content\/uploads\/2024\/04\/MiHealth_Blue-High-Res.png","width":1536,"height":1489,"caption":"Mi-Health Europe"},"image":{"@id":"https:\/\/mihealtheurope.org\/#\/schema\/logo\/image\/"},"sameAs":["https:\/\/www.facebook.com\/MiHealthAAF","https:\/\/x.com\/MiHealth_Europe","https:\/\/www.instagram.com\/mi_health_advocacy\/"]}]}},"uagb_featured_image_src":{"full":false,"thumbnail":false,"medium":false,"medium_large":false,"large":false,"1536x1536":false,"2048x2048":false,"trp-custom-language-flag":false,"blog-img":false,"gform-image-choice-sm":false,"gform-image-choice-md":false,"gform-image-choice-lg":false},"uagb_author_info":{"display_name":"HalaMI","author_link":"https:\/\/mihealtheurope.org\/es\/author\/halami\/"},"uagb_comment_info":0,"uagb_excerpt":"In this contact section, you will find a list of experts available for inquiries, training facilitation, and knowledge exchanges. Each entry includes the expert&#8217;s name, profession, areas of expertise, and email address. These professionals are ready to assist with related questions and support your initiatives through their specialized knowledge and experience. Contacts Name Role\/Organisation Area&hellip;","_links":{"self":[{"href":"https:\/\/mihealtheurope.org\/es\/wp-json\/wp\/v2\/pages\/2296","targetHints":{"allow":["GET"]}}],"collection":[{"href":"https:\/\/mihealtheurope.org\/es\/wp-json\/wp\/v2\/pages"}],"about":[{"href":"https:\/\/mihealtheurope.org\/es\/wp-json\/wp\/v2\/types\/page"}],"author":[{"embeddable":true,"href":"https:\/\/mihealtheurope.org\/es\/wp-json\/wp\/v2\/users\/29"}],"replies":[{"embeddable":true,"href":"https:\/\/mihealtheurope.org\/es\/wp-json\/wp\/v2\/comments?post=2296"}],"version-history":[{"count":8,"href":"https:\/\/mihealtheurope.org\/es\/wp-json\/wp\/v2\/pages\/2296\/revisions"}],"predecessor-version":[{"id":2381,"href":"https:\/\/mihealtheurope.org\/es\/wp-json\/wp\/v2\/pages\/2296\/revisions\/2381"}],"up":[{"embeddable":true,"href":"https:\/\/mihealtheurope.org\/es\/wp-json\/wp\/v2\/pages\/1034"}],"wp:attachment":[{"href":"https:\/\/mihealtheurope.org\/es\/wp-json\/wp\/v2\/media?parent=2296"}],"wp:term":[{"taxonomy":"wf_page_folders","embeddable":true,"href":"https:\/\/mihealtheurope.org\/es\/wp-json\/wp\/v2\/wf_page_folders?post=2296"}],"curies":[{"name":"wp","href":"https:\/\/api.w.org\/{rel}","templated":true}]}}