{"id":16,"date":"2022-04-20T07:09:40","date_gmt":"2022-04-20T06:09:40","guid":{"rendered":"https:\/\/mihealth.418staging.co.uk\/?page_id=16"},"modified":"2024-06-24T12:59:26","modified_gmt":"2024-06-24T11:59:26","slug":"sobre","status":"publish","type":"page","link":"https:\/\/mihealtheurope.org\/es\/about\/","title":{"rendered":"Sobre"},"content":{"rendered":"<div style=\"height:50px\" aria-hidden=\"true\" class=\"wp-block-spacer\"><\/div>\n\n\n\n<div class=\"wp-block-group\"><div class=\"wp-block-group__inner-container is-layout-flow wp-block-group-is-layout-flow\">\n<h1 class=\"wp-block-heading\">Sobre<\/h1>\n\n\n\n<p class=\"has-medium-font-size\">Mi-Health Europe es una colaboraci\u00f3n pol\u00edtica destinada a fortalecer la capacidad de las comunidades de inmigrantes en Europa para acceder a diferentes servicios e influir en las pol\u00edticas y pr\u00e1cticas de salud.<\/p>\n\n\n\n<div class=\"wp-block-columns is-layout-flex wp-container-core-columns-is-layout-9d6595d7 wp-block-columns-is-layout-flex\">\n<div class=\"wp-block-column is-layout-flow wp-block-column-is-layout-flow\">\n<h2 class=\"wp-block-heading\">Nuestra visi\u00f3n<\/h2>\n\n\n\n<p>Una Europa en la que todos los inmigrantes puedan llevar una vida sana y estable.<\/p>\n\n\n\n<h2 class=\"wp-block-heading\">Nuestra misi\u00f3n<\/h2>\n\n\n\n<p>Promover una comunidad europea inclusiva y equipada con organizaciones y servicios que apoyen a los migrantes mediante el desarrollo de capacidades e influyendo en las pol\u00edticas, la promoci\u00f3n, la colaboraci\u00f3n y el intercambio de mejores pr\u00e1cticas entre expertos en el campo de la salud<\/p>\n\n\n\n<div style=\"height:20px\" aria-hidden=\"true\" class=\"wp-block-spacer\"><\/div>\n\n\n<div class=\"wp-block-image\">\n<figure class=\"aligncenter is-resized\"><img loading=\"lazy\" decoding=\"async\" width=\"1200\" height=\"1200\" src=\"https:\/\/mihealtheurope.org\/wp-content\/uploads\/2022\/08\/Mi-Health-image-edited.jpeg\" alt=\"Defensa de la salud de los inmigrantes europeos _ Mi Health Europe\" class=\"wp-image-1419\" style=\"width:300px\" srcset=\"https:\/\/mihealtheurope.org\/wp-content\/uploads\/2022\/08\/Mi-Health-image-edited.jpeg 1200w, https:\/\/mihealtheurope.org\/wp-content\/uploads\/2022\/08\/Mi-Health-image-edited-300x300.jpeg 300w, https:\/\/mihealtheurope.org\/wp-content\/uploads\/2022\/08\/Mi-Health-image-edited-1024x1024.jpeg 1024w, https:\/\/mihealtheurope.org\/wp-content\/uploads\/2022\/08\/Mi-Health-image-edited-150x150.jpeg 150w, https:\/\/mihealtheurope.org\/wp-content\/uploads\/2022\/08\/Mi-Health-image-edited-768x768.jpeg 768w, https:\/\/mihealtheurope.org\/wp-content\/uploads\/2022\/08\/Mi-Health-image-edited-12x12.jpeg 12w\" sizes=\"auto, (max-width: 1200px) 100vw, 1200px\" \/><\/figure>\n<\/div><\/div>\n\n\n\n<div class=\"wp-block-column is-layout-flow wp-block-column-is-layout-flow\">\n<h2 class=\"wp-block-heading\">Nuestros valores<\/h2>\n\n\n\n<p class=\"translation-block\">Mi-Health y sus organizaciones asociadas est\u00e1n comprometidas a promover los siguientes valores en todo lo que hacemos:<\/p>\n\n\n\n<ul class=\"wp-block-list\">\n<li>Empoderamiento: Creemos firmemente que, al estar equipados con informaci\u00f3n y recursos cre\u00edbles y actualizados, los migrantes pueden integrarse mejor en sus nuevos entornos y tomar decisiones m\u00e1s saludables e informadas.<\/li>\n\n\n\n<li>Colaboraci\u00f3n: Impulsamos investigaciones, pol\u00edticas y acciones que se basan en las experiencias y conocimientos de los migrantes afectados por el VIH y otras condiciones de salud. El apoyo de nuestra diversa y comprometida comunidad ayuda a garantizar que nuestro trabajo refleje las necesidades y experiencias de los diversos grupos de inmigrantes que apoyamos en toda Europa.<\/li>\n\n\n\n<li>Inclusividad: Reconocemos que la creaci\u00f3n de una comunidad fuerte y sostenible requiere la inclusi\u00f3n y contribuci\u00f3n de los defensores de la salud de los migrantes, as\u00ed como de todos los migrantes de Europa, independientemente de su nacionalidad, situaci\u00f3n legal o necesidades de salud.<\/li>\n\n\n\n<li>Responsabilidad: Nos aseguramos de que nuestros esfuerzos, aunque sean apoyados por m\u00faltiples partes interesadas, se centran en la misma misi\u00f3n. Adem\u00e1s, estos deben ser dirigidos por, para y con migrantes y personas directamente afectadas por el VIH.<\/li>\n<\/ul>\n<\/div>\n<\/div>\n<\/div><\/div>\n\n\n\n<div style=\"height:50px\" aria-hidden=\"true\" class=\"wp-block-spacer\"><\/div>\n\n\n\n<div class=\"wp-block-cover is-light\"><span aria-hidden=\"true\" class=\"wp-block-cover__background has-background-dim\"><\/span><img loading=\"lazy\" decoding=\"async\" width=\"2000\" height=\"843\" class=\"wp-block-cover__image-background wp-image-879\" alt=\"\" src=\"https:\/\/mihealtheurope.org\/wp-content\/uploads\/2022\/05\/cover1.jpg\" data-object-fit=\"cover\" srcset=\"https:\/\/mihealtheurope.org\/wp-content\/uploads\/2022\/05\/cover1.jpg 2000w, https:\/\/mihealtheurope.org\/wp-content\/uploads\/2022\/05\/cover1-300x126.jpg 300w, https:\/\/mihealtheurope.org\/wp-content\/uploads\/2022\/05\/cover1-1024x432.jpg 1024w, https:\/\/mihealtheurope.org\/wp-content\/uploads\/2022\/05\/cover1-768x324.jpg 768w, https:\/\/mihealtheurope.org\/wp-content\/uploads\/2022\/05\/cover1-1536x647.jpg 1536w, https:\/\/mihealtheurope.org\/wp-content\/uploads\/2022\/05\/cover1-18x8.jpg 18w\" sizes=\"auto, (max-width: 2000px) 100vw, 2000px\" \/><div class=\"wp-block-cover__inner-container is-layout-flow wp-block-cover-is-layout-flow\">\n<h2 class=\"wp-block-heading has-text-align-center has-white-color has-text-color\">NUESTRA HISTORIA<\/h2>\n\n\n\n<div class=\"wp-block-group\"><div class=\"wp-block-group__inner-container is-layout-flow wp-block-group-is-layout-flow\">\n<p class=\"has-text-align-center has-white-color has-text-color has-medium-font-size translation-block\">Mi-Health fue fundada por Africa Advocacy Foundation luego de consultas con individuos y organizaciones dentro de las comunidades de migrantes en varios pa\u00edses europeos sobre sus experiencias en t\u00e9rminos de acceso a la atenci\u00f3n m\u00e9dica, as\u00ed como los obst\u00e1culos que enfrentan a diario. As\u00ed es como reconocimos que la creaci\u00f3n de una plataforma colaborativa ser\u00eda un primer paso ideal para encontrar soluciones a estos obst\u00e1culos, empoderar a las comunidades de inmigrantes e inspirar cambios en las comunidades europeas.<\/p>\n<\/div><\/div>\n<\/div><\/div>\n\n\n\n<div class=\"wp-block-group has-white-color has-theme-colour-1-background-color has-text-color has-background\"><div class=\"wp-block-group__inner-container is-layout-flow wp-block-group-is-layout-flow\">\n<div style=\"height:35px\" aria-hidden=\"true\" class=\"wp-block-spacer\"><\/div>\n\n\n\n<p class=\"translation-block\">Intercambiamos mejores pr\u00e1cticas y conocimientos y encontramos soluciones innovadoras a los desaf\u00edos socioecon\u00f3micos y de salud comunes que afectan a las diversas comunidades de inmigrantes en Europa.\nCreemos que los migrantes pueden tomar un mejor control de sus vidas y adaptarse mejor cuando tienen informaci\u00f3n accesible y precisa<\/p>\n\n\n\n<p class=\"translation-block\">Mantenemos una base de datos completa de recursos para ayudar a los migrantes a superar los numerosos obst\u00e1culos que enfrentan cuando navegan por nuevos sistemas legales y de salud con los que no est\u00e1n necesariamente familiarizados.<\/p>\n\n\n\n<p class=\"translation-block\">Apoyamos grupos de trabajo integrados por defensores de la salud de los migrantes y cuya investigaci\u00f3n se basa en pol\u00edticas que responden a las necesidades, inquietudes y experiencias de los migrantes.<\/p>\n\n\n\n<p class=\"translation-block\">Estamos fortaleciendo nuestra capacidad de acci\u00f3n colaborativa y movilizaci\u00f3n comunitaria a trav\u00e9s de nuestras diversas actividades y formaciones en Mi-Health.<\/p>\n\n\n\n<p>Si desea unirse a nosotros, cont\u00e1ctenos en <a href=\"mailto:mihealth@africadvocacy.org\">mihealth@africadvocacy.org<\/a>.&nbsp;<\/p>\n\n\n\n<div style=\"height:80px\" aria-hidden=\"true\" class=\"wp-block-spacer\"><\/div>\n<\/div><\/div>","protected":false},"excerpt":{"rendered":"<p>About Mi-Health Europe is a policy and advocacy collaborative that strengthens the capacity of European migrant communities to engage with services and to influence healthcare policy and practice. Our Vision A Europe in which all migrants are able to realise a healthy and safe life. Our Mission Promoting an inclusive, empowered European community of frontline [&hellip;]<\/p>\n","protected":false},"author":1,"featured_media":0,"parent":0,"menu_order":0,"comment_status":"closed","ping_status":"closed","template":"","meta":{"_acf_changed":false,"_uag_custom_page_level_css":"","footnotes":""},"wf_page_folders":[],"class_list":["post-16","page","type-page","status-publish","hentry"],"acf":[],"yoast_head":"<!-- This site is optimized with the Yoast SEO plugin v27.4 - https:\/\/yoast.com\/product\/yoast-seo-wordpress\/ -->\n<title>European migrant healthcare advocacy - Mi-Health Europe<\/title>\n<meta name=\"description\" content=\"Join Mi-Health Europe&#039;s advocacy collaborative empowering European migrant communities in healthcare navigation and policy influence.\" \/>\n<meta name=\"robots\" content=\"index, follow, max-snippet:-1, max-image-preview:large, max-video-preview:-1\" \/>\n<link rel=\"canonical\" href=\"https:\/\/mihealtheurope.org\/es\/sobre\/\" \/>\n<meta property=\"og:locale\" content=\"es_ES\" \/>\n<meta property=\"og:type\" content=\"article\" \/>\n<meta property=\"og:title\" content=\"European migrant healthcare advocacy - Mi-Health Europe\" \/>\n<meta property=\"og:description\" content=\"Join Mi-Health Europe&#039;s advocacy collaborative empowering European migrant communities in healthcare navigation and policy influence.\" \/>\n<meta property=\"og:url\" content=\"https:\/\/mihealtheurope.org\/es\/sobre\/\" \/>\n<meta property=\"og:site_name\" content=\"Mi-Health Europe\" \/>\n<meta property=\"article:publisher\" content=\"https:\/\/www.facebook.com\/MiHealthAAF\" \/>\n<meta property=\"article:modified_time\" content=\"2024-06-24T11:59:26+00:00\" \/>\n<meta property=\"og:image\" content=\"https:\/\/mihealtheurope.org\/wp-content\/uploads\/2022\/08\/Mi-Health-image-edited.jpeg\" \/>\n<meta name=\"twitter:card\" content=\"summary_large_image\" \/>\n<meta name=\"twitter:site\" content=\"@MiHealth_Europe\" \/>\n<meta name=\"twitter:label1\" content=\"Tiempo de lectura\" \/>\n\t<meta name=\"twitter:data1\" content=\"3 minutos\" \/>\n<script type=\"application\/ld+json\" class=\"yoast-schema-graph\">{\"@context\":\"https:\\\/\\\/schema.org\",\"@graph\":[{\"@type\":\"WebPage\",\"@id\":\"https:\\\/\\\/mihealtheurope.org\\\/about\\\/\",\"url\":\"https:\\\/\\\/mihealtheurope.org\\\/about\\\/\",\"name\":\"European migrant healthcare advocacy - Mi-Health Europe\",\"isPartOf\":{\"@id\":\"https:\\\/\\\/mihealtheurope.org\\\/#website\"},\"primaryImageOfPage\":{\"@id\":\"https:\\\/\\\/mihealtheurope.org\\\/about\\\/#primaryimage\"},\"image\":{\"@id\":\"https:\\\/\\\/mihealtheurope.org\\\/about\\\/#primaryimage\"},\"thumbnailUrl\":\"https:\\\/\\\/mihealtheurope.org\\\/wp-content\\\/uploads\\\/2022\\\/08\\\/Mi-Health-image-edited.jpeg\",\"datePublished\":\"2022-04-20T06:09:40+00:00\",\"dateModified\":\"2024-06-24T11:59:26+00:00\",\"description\":\"Join Mi-Health Europe's advocacy collaborative empowering European migrant communities in healthcare navigation and policy influence.\",\"breadcrumb\":{\"@id\":\"https:\\\/\\\/mihealtheurope.org\\\/about\\\/#breadcrumb\"},\"inLanguage\":\"es\",\"potentialAction\":[{\"@type\":\"ReadAction\",\"target\":[\"https:\\\/\\\/mihealtheurope.org\\\/about\\\/\"]}]},{\"@type\":\"ImageObject\",\"inLanguage\":\"es\",\"@id\":\"https:\\\/\\\/mihealtheurope.org\\\/about\\\/#primaryimage\",\"url\":\"https:\\\/\\\/mihealtheurope.org\\\/wp-content\\\/uploads\\\/2022\\\/08\\\/Mi-Health-image-edited.jpeg\",\"contentUrl\":\"https:\\\/\\\/mihealtheurope.org\\\/wp-content\\\/uploads\\\/2022\\\/08\\\/Mi-Health-image-edited.jpeg\"},{\"@type\":\"BreadcrumbList\",\"@id\":\"https:\\\/\\\/mihealtheurope.org\\\/about\\\/#breadcrumb\",\"itemListElement\":[{\"@type\":\"ListItem\",\"position\":1,\"name\":\"Home\",\"item\":\"https:\\\/\\\/mihealtheurope.org\\\/\"},{\"@type\":\"ListItem\",\"position\":2,\"name\":\"About\"}]},{\"@type\":\"WebSite\",\"@id\":\"https:\\\/\\\/mihealtheurope.org\\\/#website\",\"url\":\"https:\\\/\\\/mihealtheurope.org\\\/\",\"name\":\"https:\\\/\\\/mihealtheurope.org\\\/\",\"description\":\"Improving migrant health\",\"publisher\":{\"@id\":\"https:\\\/\\\/mihealtheurope.org\\\/#organization\"},\"potentialAction\":[{\"@type\":\"SearchAction\",\"target\":{\"@type\":\"EntryPoint\",\"urlTemplate\":\"https:\\\/\\\/mihealtheurope.org\\\/?s={search_term_string}\"},\"query-input\":{\"@type\":\"PropertyValueSpecification\",\"valueRequired\":true,\"valueName\":\"search_term_string\"}}],\"inLanguage\":\"es\"},{\"@type\":\"Organization\",\"@id\":\"https:\\\/\\\/mihealtheurope.org\\\/#organization\",\"name\":\"Mi-Health Europe\",\"url\":\"https:\\\/\\\/mihealtheurope.org\\\/\",\"logo\":{\"@type\":\"ImageObject\",\"inLanguage\":\"es\",\"@id\":\"https:\\\/\\\/mihealtheurope.org\\\/#\\\/schema\\\/logo\\\/image\\\/\",\"url\":\"https:\\\/\\\/mihealtheurope.org\\\/wp-content\\\/uploads\\\/2024\\\/04\\\/MiHealth_Blue-High-Res.png\",\"contentUrl\":\"https:\\\/\\\/mihealtheurope.org\\\/wp-content\\\/uploads\\\/2024\\\/04\\\/MiHealth_Blue-High-Res.png\",\"width\":1536,\"height\":1489,\"caption\":\"Mi-Health Europe\"},\"image\":{\"@id\":\"https:\\\/\\\/mihealtheurope.org\\\/#\\\/schema\\\/logo\\\/image\\\/\"},\"sameAs\":[\"https:\\\/\\\/www.facebook.com\\\/MiHealthAAF\",\"https:\\\/\\\/x.com\\\/MiHealth_Europe\",\"https:\\\/\\\/www.instagram.com\\\/mi_health_advocacy\\\/\"]}]}<\/script>\n<!-- \/ Yoast SEO plugin. -->","yoast_head_json":{"title":"Defensa de la salud de los inmigrantes europeos - Mi-Health Europe","description":"\u00danase a la colaboraci\u00f3n de Mi-Health Europe para capacitar a las comunidades europeas de inmigrantes en navegaci\u00f3n sanitaria e influencia pol\u00edtica.","robots":{"index":"index","follow":"follow","max-snippet":"max-snippet:-1","max-image-preview":"max-image-preview:large","max-video-preview":"max-video-preview:-1"},"canonical":"https:\/\/mihealtheurope.org\/es\/sobre\/","og_locale":"es_ES","og_type":"article","og_title":"European migrant healthcare advocacy - Mi-Health Europe","og_description":"Join Mi-Health Europe's advocacy collaborative empowering European migrant communities in healthcare navigation and policy influence.","og_url":"https:\/\/mihealtheurope.org\/es\/sobre\/","og_site_name":"Mi-Health Europe","article_publisher":"https:\/\/www.facebook.com\/MiHealthAAF","article_modified_time":"2024-06-24T11:59:26+00:00","og_image":[{"url":"https:\/\/mihealtheurope.org\/wp-content\/uploads\/2022\/08\/Mi-Health-image-edited.jpeg","type":"","width":"","height":""}],"twitter_card":"summary_large_image","twitter_site":"@MiHealth_Europe","twitter_misc":{"Tiempo de lectura":"3 minutos"},"schema":{"@context":"https:\/\/schema.org","@graph":[{"@type":"WebPage","@id":"https:\/\/mihealtheurope.org\/about\/","url":"https:\/\/mihealtheurope.org\/about\/","name":"Defensa de la salud de los inmigrantes europeos - Mi-Health Europe","isPartOf":{"@id":"https:\/\/mihealtheurope.org\/#website"},"primaryImageOfPage":{"@id":"https:\/\/mihealtheurope.org\/about\/#primaryimage"},"image":{"@id":"https:\/\/mihealtheurope.org\/about\/#primaryimage"},"thumbnailUrl":"https:\/\/mihealtheurope.org\/wp-content\/uploads\/2022\/08\/Mi-Health-image-edited.jpeg","datePublished":"2022-04-20T06:09:40+00:00","dateModified":"2024-06-24T11:59:26+00:00","description":"\u00danase a la colaboraci\u00f3n de Mi-Health Europe para capacitar a las comunidades europeas de inmigrantes en navegaci\u00f3n sanitaria e influencia pol\u00edtica.","breadcrumb":{"@id":"https:\/\/mihealtheurope.org\/about\/#breadcrumb"},"inLanguage":"es","potentialAction":[{"@type":"ReadAction","target":["https:\/\/mihealtheurope.org\/about\/"]}]},{"@type":"ImageObject","inLanguage":"es","@id":"https:\/\/mihealtheurope.org\/about\/#primaryimage","url":"https:\/\/mihealtheurope.org\/wp-content\/uploads\/2022\/08\/Mi-Health-image-edited.jpeg","contentUrl":"https:\/\/mihealtheurope.org\/wp-content\/uploads\/2022\/08\/Mi-Health-image-edited.jpeg"},{"@type":"BreadcrumbList","@id":"https:\/\/mihealtheurope.org\/about\/#breadcrumb","itemListElement":[{"@type":"ListItem","position":1,"name":"Home","item":"https:\/\/mihealtheurope.org\/"},{"@type":"ListItem","position":2,"name":"About"}]},{"@type":"WebSite","@id":"https:\/\/mihealtheurope.org\/#website","url":"https:\/\/mihealtheurope.org\/","name":"https:\/\/mihealtheurope.org\/","description":"Mejorar la salud de los inmigrantes","publisher":{"@id":"https:\/\/mihealtheurope.org\/#organization"},"potentialAction":[{"@type":"SearchAction","target":{"@type":"EntryPoint","urlTemplate":"https:\/\/mihealtheurope.org\/?s={search_term_string}"},"query-input":{"@type":"PropertyValueSpecification","valueRequired":true,"valueName":"search_term_string"}}],"inLanguage":"es"},{"@type":"Organization","@id":"https:\/\/mihealtheurope.org\/#organization","name":"Mi-Health Europe","url":"https:\/\/mihealtheurope.org\/","logo":{"@type":"ImageObject","inLanguage":"es","@id":"https:\/\/mihealtheurope.org\/#\/schema\/logo\/image\/","url":"https:\/\/mihealtheurope.org\/wp-content\/uploads\/2024\/04\/MiHealth_Blue-High-Res.png","contentUrl":"https:\/\/mihealtheurope.org\/wp-content\/uploads\/2024\/04\/MiHealth_Blue-High-Res.png","width":1536,"height":1489,"caption":"Mi-Health Europe"},"image":{"@id":"https:\/\/mihealtheurope.org\/#\/schema\/logo\/image\/"},"sameAs":["https:\/\/www.facebook.com\/MiHealthAAF","https:\/\/x.com\/MiHealth_Europe","https:\/\/www.instagram.com\/mi_health_advocacy\/"]}]}},"uagb_featured_image_src":{"full":false,"thumbnail":false,"medium":false,"medium_large":false,"large":false,"1536x1536":false,"2048x2048":false,"trp-custom-language-flag":false,"blog-img":false,"gform-image-choice-sm":false,"gform-image-choice-md":false,"gform-image-choice-lg":false},"uagb_author_info":{"display_name":"MIHealthUsr","author_link":"https:\/\/mihealtheurope.org\/es\/author\/mihealthusr\/"},"uagb_comment_info":0,"uagb_excerpt":"About Mi-Health Europe is a policy and advocacy collaborative that strengthens the capacity of European migrant communities to engage with services and to influence healthcare policy and practice. Our Vision A Europe in which all migrants are able to realise a healthy and safe life. Our Mission Promoting an inclusive, empowered European community of frontline&hellip;","_links":{"self":[{"href":"https:\/\/mihealtheurope.org\/es\/wp-json\/wp\/v2\/pages\/16","targetHints":{"allow":["GET"]}}],"collection":[{"href":"https:\/\/mihealtheurope.org\/es\/wp-json\/wp\/v2\/pages"}],"about":[{"href":"https:\/\/mihealtheurope.org\/es\/wp-json\/wp\/v2\/types\/page"}],"author":[{"embeddable":true,"href":"https:\/\/mihealtheurope.org\/es\/wp-json\/wp\/v2\/users\/1"}],"replies":[{"embeddable":true,"href":"https:\/\/mihealtheurope.org\/es\/wp-json\/wp\/v2\/comments?post=16"}],"version-history":[{"count":23,"href":"https:\/\/mihealtheurope.org\/es\/wp-json\/wp\/v2\/pages\/16\/revisions"}],"predecessor-version":[{"id":2123,"href":"https:\/\/mihealtheurope.org\/es\/wp-json\/wp\/v2\/pages\/16\/revisions\/2123"}],"wp:attachment":[{"href":"https:\/\/mihealtheurope.org\/es\/wp-json\/wp\/v2\/media?parent=16"}],"wp:term":[{"taxonomy":"wf_page_folders","embeddable":true,"href":"https:\/\/mihealtheurope.org\/es\/wp-json\/wp\/v2\/wf_page_folders?post=16"}],"curies":[{"name":"wp","href":"https:\/\/api.w.org\/{rel}","templated":true}]}}