{"id":10,"date":"2022-04-20T07:08:50","date_gmt":"2022-04-20T06:08:50","guid":{"rendered":"https:\/\/mihealth.418staging.co.uk\/?page_id=10"},"modified":"2024-06-24T12:56:53","modified_gmt":"2024-06-24T11:56:53","slug":"politica","status":"publish","type":"page","link":"https:\/\/mihealtheurope.org\/es\/policy\/","title":{"rendered":"Pol\u00edticas"},"content":{"rendered":"<div style=\"height:60px\" aria-hidden=\"true\" class=\"wp-block-spacer\"><\/div>\n\n\n\n<div class=\"wp-block-group\"><div class=\"wp-block-group__inner-container is-layout-flow wp-block-group-is-layout-flow\">\n<h1 class=\"wp-block-heading\">Pol\u00edticas<\/h1>\n\n\n\n<p class=\"has-medium-font-size translation-block\">Nuestra prioridad es promover una pol\u00edtica sanitaria para los migrantes y una investigaci\u00f3n que aborde con mayor eficacia las repercusiones de la migraci\u00f3n en la salud. Trabajamos para mejorar los resultados sanitarios individuales y promover el derecho a la salud de todos los <a href=\"https:\/\/home-affairs.ec.europa.eu\/networks\/european-migration-network-emn\/emn-asylum-and-migration-glossary\/glossary\/migrant_en\" target=\"_blank\" rel=\"noreferrer noopener\">migrantes<\/a>, <a href=\"https:\/\/www.unhcr.org\/uk\/refugees#:~:text=Arefugeeissomeonewho,internationalbordertoseeksafety.\" target=\"_blank\" rel=\"noreferrer noopener\">refugiados <\/a>y <a href=\"https:\/\/www.unhcr.org\/uk\/asylum-seekers\" target=\"_blank\" rel=\"noreferrer noopener\">solicitantes de asilo<\/a> en nuestras comunidades.<\/p>\n\n\n\n<h2 class=\"wp-block-heading\">Grupo de trabajo sobre pol\u00edticas e investigaci\u00f3n:<\/h2>\n\n\n\n<p>Actualmente estamos desarrollando un grupo de trabajo de investigaci\u00f3n y pol\u00edticas. Creemos firmemente que la colaboraci\u00f3n entre diversas disciplinas y varios pa\u00edses estimular\u00e1 respuestas innovadoras a nuestras necesidades regionales. El Grupo de Trabajo sobre Pol\u00edticas e Investigaci\u00f3n se compone de defensores de la salud, expertos en pol\u00edticas y profesionales de la salud. \n\u00c9steva a:\n-\tBrindar opiniones de expertos e informarnos sobre los procesos de desarrollo de pol\u00edticas.\n-\tContribuir activamente a consolaciones estrat\u00e9gicas, paneles, reuniones de alto nivel, di\u00e1logos, revisiones e intercambios de expertos.\n-\tLiderar la recopilaci\u00f3n y el desarrollo de evidencia sobre las experiencias reales de los migrantes para informar las pol\u00edticas.\n-\tAbogar por todas las acciones confiables que tengan el potencial de mejorar la salud y el bienestar de los migrantes.\n-\tSupervisar la implementaci\u00f3n de pol\u00edticas y sus implicaciones.&nbsp;<\/p>\n\n\n\n<p>Si est\u00e1 interesado en obtener m\u00e1s informaci\u00f3n, tiene ideas para una posible colaboraci\u00f3n o desea participar en nuestro grupo de trabajo, no dude en contactarnos.<\/p>\n\n\n\n<div style=\"height:30px\" aria-hidden=\"true\" class=\"wp-block-spacer\"><\/div>\n\n\n\n<div class=\"wp-block-buttons is-layout-flex wp-block-buttons-is-layout-flex\">\n<div class=\"wp-block-button has-custom-font-size has-medium-font-size\"><a class=\"wp-block-button__link has-theme-colour-1-background-color has-background wp-element-button\" href=\"\/es\/pongase-en-contacto-con-nosotros\/\" style=\"border-radius:6px\"><strong>Hable con nosotros<\/strong><\/a><\/div>\n<\/div>\n<\/div><\/div>\n\n\n<div class=\"quote-wrap\">\n<div class=\"top-text\">Madres<\/div>\n<p class=\"quote-text\" style=\"background-image:url(https:\/\/mihealtheurope.org\/wp-content\/uploads\/2022\/05\/quote2.png);\">Los refugiados son madres, padres, hermanas, hermanos, ni\u00f1os, con las mismas esperanzas y ambiciones que nosotros, excepto que un giro del destino ha vinculado sus vidas a una crisis mundial de refugiados a una escala sin precedentes\".<span>Khaled Hosseini<\/span><\/p>\n<div class=\"bottom-text\">Padres<\/div>\n<\/div>","protected":false},"excerpt":{"rendered":"<p>Policy Advancing migrant healthcare policy and research that more effectively addresses the impacts of migration on health is our priority. We work to improve individual health outcomes and to promote the right to health for all migrants, refugees and asylum seekers in our communities. Policy and Research Working Group As we grow, we are developing [&hellip;]<\/p>\n","protected":false},"author":1,"featured_media":0,"parent":0,"menu_order":0,"comment_status":"closed","ping_status":"closed","template":"","meta":{"_acf_changed":false,"_uag_custom_page_level_css":"","footnotes":""},"wf_page_folders":[],"class_list":["post-10","page","type-page","status-publish","hentry"],"acf":[],"yoast_head":"<!-- This site is optimized with the Yoast SEO plugin v27.4 - https:\/\/yoast.com\/product\/yoast-seo-wordpress\/ -->\n<title>Migrant Healthcare Policy and Research for Better Outcomes - Mi-Health Europe<\/title>\n<meta name=\"description\" content=\"Advancing migrant healthcare policy and research to improve health outcomes for migrants, refugees, and asylum seekers. Join Us!\" \/>\n<meta name=\"robots\" content=\"index, follow, max-snippet:-1, max-image-preview:large, max-video-preview:-1\" \/>\n<link rel=\"canonical\" href=\"https:\/\/mihealtheurope.org\/es\/politica\/\" \/>\n<meta property=\"og:locale\" content=\"es_ES\" \/>\n<meta property=\"og:type\" content=\"article\" \/>\n<meta property=\"og:title\" content=\"Migrant Healthcare Policy and Research for Better Outcomes - Mi-Health Europe\" \/>\n<meta property=\"og:description\" content=\"Advancing migrant healthcare policy and research to improve health outcomes for migrants, refugees, and asylum seekers. Join Us!\" \/>\n<meta property=\"og:url\" content=\"https:\/\/mihealtheurope.org\/es\/politica\/\" \/>\n<meta property=\"og:site_name\" content=\"Mi-Health Europe\" \/>\n<meta property=\"article:publisher\" content=\"https:\/\/www.facebook.com\/MiHealthAAF\" \/>\n<meta property=\"article:modified_time\" content=\"2024-06-24T11:56:53+00:00\" \/>\n<meta name=\"twitter:card\" content=\"summary_large_image\" \/>\n<meta name=\"twitter:site\" content=\"@MiHealth_Europe\" \/>\n<meta name=\"twitter:label1\" content=\"Tiempo de lectura\" \/>\n\t<meta name=\"twitter:data1\" content=\"1 minuto\" \/>\n<script type=\"application\/ld+json\" class=\"yoast-schema-graph\">{\"@context\":\"https:\\\/\\\/schema.org\",\"@graph\":[{\"@type\":\"WebPage\",\"@id\":\"https:\\\/\\\/mihealtheurope.org\\\/policy\\\/\",\"url\":\"https:\\\/\\\/mihealtheurope.org\\\/policy\\\/\",\"name\":\"Migrant Healthcare Policy and Research for Better Outcomes - Mi-Health Europe\",\"isPartOf\":{\"@id\":\"https:\\\/\\\/mihealtheurope.org\\\/#website\"},\"datePublished\":\"2022-04-20T06:08:50+00:00\",\"dateModified\":\"2024-06-24T11:56:53+00:00\",\"description\":\"Advancing migrant healthcare policy and research to improve health outcomes for migrants, refugees, and asylum seekers. Join Us!\",\"breadcrumb\":{\"@id\":\"https:\\\/\\\/mihealtheurope.org\\\/policy\\\/#breadcrumb\"},\"inLanguage\":\"es\",\"potentialAction\":[{\"@type\":\"ReadAction\",\"target\":[\"https:\\\/\\\/mihealtheurope.org\\\/policy\\\/\"]}]},{\"@type\":\"BreadcrumbList\",\"@id\":\"https:\\\/\\\/mihealtheurope.org\\\/policy\\\/#breadcrumb\",\"itemListElement\":[{\"@type\":\"ListItem\",\"position\":1,\"name\":\"Home\",\"item\":\"https:\\\/\\\/mihealtheurope.org\\\/\"},{\"@type\":\"ListItem\",\"position\":2,\"name\":\"Policy\"}]},{\"@type\":\"WebSite\",\"@id\":\"https:\\\/\\\/mihealtheurope.org\\\/#website\",\"url\":\"https:\\\/\\\/mihealtheurope.org\\\/\",\"name\":\"https:\\\/\\\/mihealtheurope.org\\\/\",\"description\":\"Improving migrant health\",\"publisher\":{\"@id\":\"https:\\\/\\\/mihealtheurope.org\\\/#organization\"},\"potentialAction\":[{\"@type\":\"SearchAction\",\"target\":{\"@type\":\"EntryPoint\",\"urlTemplate\":\"https:\\\/\\\/mihealtheurope.org\\\/?s={search_term_string}\"},\"query-input\":{\"@type\":\"PropertyValueSpecification\",\"valueRequired\":true,\"valueName\":\"search_term_string\"}}],\"inLanguage\":\"es\"},{\"@type\":\"Organization\",\"@id\":\"https:\\\/\\\/mihealtheurope.org\\\/#organization\",\"name\":\"Mi-Health Europe\",\"url\":\"https:\\\/\\\/mihealtheurope.org\\\/\",\"logo\":{\"@type\":\"ImageObject\",\"inLanguage\":\"es\",\"@id\":\"https:\\\/\\\/mihealtheurope.org\\\/#\\\/schema\\\/logo\\\/image\\\/\",\"url\":\"https:\\\/\\\/mihealtheurope.org\\\/wp-content\\\/uploads\\\/2024\\\/04\\\/MiHealth_Blue-High-Res.png\",\"contentUrl\":\"https:\\\/\\\/mihealtheurope.org\\\/wp-content\\\/uploads\\\/2024\\\/04\\\/MiHealth_Blue-High-Res.png\",\"width\":1536,\"height\":1489,\"caption\":\"Mi-Health Europe\"},\"image\":{\"@id\":\"https:\\\/\\\/mihealtheurope.org\\\/#\\\/schema\\\/logo\\\/image\\\/\"},\"sameAs\":[\"https:\\\/\\\/www.facebook.com\\\/MiHealthAAF\",\"https:\\\/\\\/x.com\\\/MiHealth_Europe\",\"https:\\\/\\\/www.instagram.com\\\/mi_health_advocacy\\\/\"]}]}<\/script>\n<!-- \/ Yoast SEO plugin. -->","yoast_head_json":{"title":"Pol\u00edtica sanitaria e investigaci\u00f3n para mejorar los resultados - Mi-Health Europe","description":"Impulsar la pol\u00edtica de atenci\u00f3n sanitaria a los inmigrantes y la investigaci\u00f3n para mejorar los resultados sanitarios de inmigrantes, refugiados y solicitantes de asilo. \u00danase a nosotros","robots":{"index":"index","follow":"follow","max-snippet":"max-snippet:-1","max-image-preview":"max-image-preview:large","max-video-preview":"max-video-preview:-1"},"canonical":"https:\/\/mihealtheurope.org\/es\/politica\/","og_locale":"es_ES","og_type":"article","og_title":"Migrant Healthcare Policy and Research for Better Outcomes - Mi-Health Europe","og_description":"Advancing migrant healthcare policy and research to improve health outcomes for migrants, refugees, and asylum seekers. Join Us!","og_url":"https:\/\/mihealtheurope.org\/es\/politica\/","og_site_name":"Mi-Health Europe","article_publisher":"https:\/\/www.facebook.com\/MiHealthAAF","article_modified_time":"2024-06-24T11:56:53+00:00","twitter_card":"summary_large_image","twitter_site":"@MiHealth_Europe","twitter_misc":{"Tiempo de lectura":"1 minuto"},"schema":{"@context":"https:\/\/schema.org","@graph":[{"@type":"WebPage","@id":"https:\/\/mihealtheurope.org\/policy\/","url":"https:\/\/mihealtheurope.org\/policy\/","name":"Pol\u00edtica sanitaria e investigaci\u00f3n para mejorar los resultados - Mi-Health Europe","isPartOf":{"@id":"https:\/\/mihealtheurope.org\/#website"},"datePublished":"2022-04-20T06:08:50+00:00","dateModified":"2024-06-24T11:56:53+00:00","description":"Impulsar la pol\u00edtica de atenci\u00f3n sanitaria a los inmigrantes y la investigaci\u00f3n para mejorar los resultados sanitarios de inmigrantes, refugiados y solicitantes de asilo. \u00danase a nosotros","breadcrumb":{"@id":"https:\/\/mihealtheurope.org\/policy\/#breadcrumb"},"inLanguage":"es","potentialAction":[{"@type":"ReadAction","target":["https:\/\/mihealtheurope.org\/policy\/"]}]},{"@type":"BreadcrumbList","@id":"https:\/\/mihealtheurope.org\/policy\/#breadcrumb","itemListElement":[{"@type":"ListItem","position":1,"name":"Home","item":"https:\/\/mihealtheurope.org\/"},{"@type":"ListItem","position":2,"name":"Policy"}]},{"@type":"WebSite","@id":"https:\/\/mihealtheurope.org\/#website","url":"https:\/\/mihealtheurope.org\/","name":"https:\/\/mihealtheurope.org\/","description":"Mejorar la salud de los inmigrantes","publisher":{"@id":"https:\/\/mihealtheurope.org\/#organization"},"potentialAction":[{"@type":"SearchAction","target":{"@type":"EntryPoint","urlTemplate":"https:\/\/mihealtheurope.org\/?s={search_term_string}"},"query-input":{"@type":"PropertyValueSpecification","valueRequired":true,"valueName":"search_term_string"}}],"inLanguage":"es"},{"@type":"Organization","@id":"https:\/\/mihealtheurope.org\/#organization","name":"Mi-Health Europe","url":"https:\/\/mihealtheurope.org\/","logo":{"@type":"ImageObject","inLanguage":"es","@id":"https:\/\/mihealtheurope.org\/#\/schema\/logo\/image\/","url":"https:\/\/mihealtheurope.org\/wp-content\/uploads\/2024\/04\/MiHealth_Blue-High-Res.png","contentUrl":"https:\/\/mihealtheurope.org\/wp-content\/uploads\/2024\/04\/MiHealth_Blue-High-Res.png","width":1536,"height":1489,"caption":"Mi-Health Europe"},"image":{"@id":"https:\/\/mihealtheurope.org\/#\/schema\/logo\/image\/"},"sameAs":["https:\/\/www.facebook.com\/MiHealthAAF","https:\/\/x.com\/MiHealth_Europe","https:\/\/www.instagram.com\/mi_health_advocacy\/"]}]}},"uagb_featured_image_src":{"full":false,"thumbnail":false,"medium":false,"medium_large":false,"large":false,"1536x1536":false,"2048x2048":false,"trp-custom-language-flag":false,"blog-img":false,"gform-image-choice-sm":false,"gform-image-choice-md":false,"gform-image-choice-lg":false},"uagb_author_info":{"display_name":"MIHealthUsr","author_link":"https:\/\/mihealtheurope.org\/es\/author\/mihealthusr\/"},"uagb_comment_info":0,"uagb_excerpt":"Policy Advancing migrant healthcare policy and research that more effectively addresses the impacts of migration on health is our priority. We work to improve individual health outcomes and to promote the right to health for all migrants, refugees and asylum seekers in our communities. Policy and Research Working Group As we grow, we are developing&hellip;","_links":{"self":[{"href":"https:\/\/mihealtheurope.org\/es\/wp-json\/wp\/v2\/pages\/10","targetHints":{"allow":["GET"]}}],"collection":[{"href":"https:\/\/mihealtheurope.org\/es\/wp-json\/wp\/v2\/pages"}],"about":[{"href":"https:\/\/mihealtheurope.org\/es\/wp-json\/wp\/v2\/types\/page"}],"author":[{"embeddable":true,"href":"https:\/\/mihealtheurope.org\/es\/wp-json\/wp\/v2\/users\/1"}],"replies":[{"embeddable":true,"href":"https:\/\/mihealtheurope.org\/es\/wp-json\/wp\/v2\/comments?post=10"}],"version-history":[{"count":22,"href":"https:\/\/mihealtheurope.org\/es\/wp-json\/wp\/v2\/pages\/10\/revisions"}],"predecessor-version":[{"id":2163,"href":"https:\/\/mihealtheurope.org\/es\/wp-json\/wp\/v2\/pages\/10\/revisions\/2163"}],"wp:attachment":[{"href":"https:\/\/mihealtheurope.org\/es\/wp-json\/wp\/v2\/media?parent=10"}],"wp:term":[{"taxonomy":"wf_page_folders","embeddable":true,"href":"https:\/\/mihealtheurope.org\/es\/wp-json\/wp\/v2\/wf_page_folders?post=10"}],"curies":[{"name":"wp","href":"https:\/\/api.w.org\/{rel}","templated":true}]}}